{"id":103,"date":"2024-04-27T11:01:24","date_gmt":"2024-04-27T11:01:24","guid":{"rendered":"https:\/\/gcfle.perfectlydigital.dev\/?page_id=103"},"modified":"2026-01-12T13:54:48","modified_gmt":"2026-01-12T13:54:48","slug":"participants-covenant","status":"publish","type":"page","link":"https:\/\/gcfleadership.org\/es\/information-for\/participants\/participants-covenant\/","title":{"rendered":"Pacto del participante"},"content":{"rendered":"<h2>\n\t\t\tEl pacto entre el equipo de facilitaci\u00f3n de la experiencia de liderazgo del Foro Mundial de la Infancia y el participante\t<\/h2>\n\t<p>Antes de firmar este Pacto, aseg\u00farese de haber le\u00eddo y de poder comprometerse con los requisitos descritos en el <a href=\"https:\/\/gcfleadership.org\/es\/information-for\/participants\/\">Informaci\u00f3n para los participantes<\/a>.<\/p>\n<p>Al aceptar este Pacto, usted indica que est\u00e1 de acuerdo con el rol y los requisitos del Participante seg\u00fan lo establecido en la Gu\u00eda para Participantes de Experiencias de Liderazgo del GCF.<\/p>\n<p><strong>EL Equipo de Facilitaci\u00f3n de Experiencias de Liderazgo del GCF se compromete a:<\/strong><\/p>\n<ul>\n<li>Comunicarnos regularmente con usted y responder con prontitud a las preguntas o comentarios que pueda tener.<\/li>\n<li>Comun\u00edquese con su mentor y supervisor para asegurarse de que su apoyo local est\u00e9 coordinado.<\/li>\n<li>Construir comunidad cristiana.<\/li>\n<li>Entregar los recursos e instalaciones necesarios para las asignaciones de manera oportuna.<\/li>\n<li>Coordine un equipo de facilitadores experimentados que brindar\u00e1n experiencias de aprendizaje reflexivas e interactivas durante el residencial intensivo y en las sesiones en l\u00ednea.<\/li>\n<li>Ayudar en la selecci\u00f3n de un Proyecto o Proyectos Ministeriales que mejoren el ministerio de su iglesia u organizaci\u00f3n de env\u00edo y que est\u00e9n acordados por GCF.<\/li>\n<li>Proporcionar un horario razonable para las sesiones en l\u00ednea y trabajar con usted para maximizar su participaci\u00f3n.<\/li>\n<li>Otorgar un Certificado de Experiencia de Liderazgo del GCF siempre que se hayan cumplido todos los requisitos del curso al final del a\u00f1o de Experiencia de Liderazgo.<\/li>\n<\/ul>\n<p><strong>Al aceptar este Pacto, usted, el Participante, se compromete a:<\/strong><\/p>\n<ul>\n<li>Comprom\u00e9tete a participar plenamente en la experiencia de un a\u00f1o, tanto en l\u00ednea como en persona.<\/li>\n<li>Cumplir con todas las obligaciones financieras acordadas antes de llegar al GCF LE Intensive, incluida la compra de un seguro de viaje.<\/li>\n<li>Organiza reuniones tanto con tu mentor como con tu supervisor al menos una vez al mes, excepto cuando est\u00e9s en el Curso Intensivo, y aprovecha la oportunidad para aprender de su sabidur\u00eda y consejos.<\/li>\n<li>Completar tareas de investigaci\u00f3n comunitaria, tareas de lectura\/escritura y tareas de foros en l\u00ednea a tiempo y para satisfacer los requisitos de cada uno.<\/li>\n<li>Busque orientaci\u00f3n de su supervisor y del equipo de facilitaci\u00f3n de LE del GCF en la selecci\u00f3n, planificaci\u00f3n e implementaci\u00f3n de los proyectos ministeriales.<\/li>\n<li>Presentar informes al Equipo de Facilitaci\u00f3n de LE del GCF sobre el progreso del Proyecto Ministerial.<\/li>\n<li>Eval\u00fae su experiencia GCF LE al finalizar el Curso de Liderazgo<\/li>\n<li>Asumir la responsabilidad de garantizar el acceso necesario y oportuno a Internet.<\/li>\n<li>Acepta someterse a decisiones relacionadas con incorrecci\u00f3n o incumplimiento de este convenio, incluso si estas decisiones ponen fin a su participaci\u00f3n en el Curso. Dicha decisi\u00f3n la tomar\u00e1 el equipo de facilitaci\u00f3n de LE del GCF de acuerdo con su supervisor. No se proporcionar\u00e1 ning\u00fan reembolso del dinero pagado.<\/li>\n<\/ul>\n<h2>\n\t\t\tParticipant&#8217;s Covenant Form\t<\/h2>\n\t<p><strong>Aseg\u00farate de seleccionar el evento LE correcto en el que participas. Esto garantizar\u00e1 que tu formulario se env\u00ede al lugar correcto. Gracias.<\/strong><\/p>\n\t<form action=\"https:\/\/gcfleadership.org\/es\/wp-json\/ws-form\/v1\/submit\" class=\"wsf-form wsf-form-canvas\" id=\"ws-form-1\" data-id=\"5\" method=\"POST\" data-instance-id=\"1\" data-wsf-style-id=\"1\" data-trp-original-action=\"https:\/\/gcfleadership.org\/es\/wp-json\/ws-form\/v1\/submit\"><input type=\"hidden\" name=\"trp-form-language\" value=\"es\"\/><\/form>","protected":false},"excerpt":{"rendered":"<p>El Convenio entre el Equipo de Facilitaci\u00f3n de la Experiencia de Liderazgo del Foro Global Infantil y el Participante Antes de firmar este Convenio, aseg\u00farese de haber le\u00eddo y de poder comprometerse con los requisitos descritos en la Informaci\u00f3n para los Participantes. Al aceptar este Pacto, usted indica que est\u00e1 de acuerdo con la funci\u00f3n y los requisitos de... <a title=\"Pacto del participante\" class=\"read-more\" href=\"https:\/\/gcfleadership.org\/es\/information-for\/participants\/participants-covenant\/\" aria-label=\"Leer m\u00e1s sobre Pacto del Participante\">Leer m\u00e1s<\/a><\/p>","protected":false},"author":1,"featured_media":0,"parent":99,"menu_order":0,"comment_status":"closed","ping_status":"closed","template":"","meta":{"give_campaign_id":0,"_seopress_robots_primary_cat":"","_seopress_titles_title":"","_seopress_titles_desc":"","_seopress_robots_index":"","footnotes":""},"class_list":["post-103","page","type-page","status-publish"],"campaignId":"","_links":{"self":[{"href":"https:\/\/gcfleadership.org\/es\/wp-json\/wp\/v2\/pages\/103","targetHints":{"allow":["GET"]}}],"collection":[{"href":"https:\/\/gcfleadership.org\/es\/wp-json\/wp\/v2\/pages"}],"about":[{"href":"https:\/\/gcfleadership.org\/es\/wp-json\/wp\/v2\/types\/page"}],"author":[{"embeddable":true,"href":"https:\/\/gcfleadership.org\/es\/wp-json\/wp\/v2\/users\/1"}],"replies":[{"embeddable":true,"href":"https:\/\/gcfleadership.org\/es\/wp-json\/wp\/v2\/comments?post=103"}],"version-history":[{"count":5,"href":"https:\/\/gcfleadership.org\/es\/wp-json\/wp\/v2\/pages\/103\/revisions"}],"predecessor-version":[{"id":714,"href":"https:\/\/gcfleadership.org\/es\/wp-json\/wp\/v2\/pages\/103\/revisions\/714"}],"up":[{"embeddable":true,"href":"https:\/\/gcfleadership.org\/es\/wp-json\/wp\/v2\/pages\/99"}],"wp:attachment":[{"href":"https:\/\/gcfleadership.org\/es\/wp-json\/wp\/v2\/media?parent=103"}],"curies":[{"name":"wp","href":"https:\/\/api.w.org\/{rel}","templated":true}]}}