{"id":104,"date":"2024-04-27T11:01:43","date_gmt":"2024-04-27T11:01:43","guid":{"rendered":"https:\/\/gcfle.perfectlydigital.dev\/?page_id=104"},"modified":"2026-01-12T13:52:56","modified_gmt":"2026-01-12T13:52:56","slug":"indemnity-form","status":"publish","type":"page","link":"https:\/\/gcfleadership.org\/es\/information-for\/participants\/indemnity-form\/","title":{"rendered":"Formulario de indemnizaci\u00f3n"},"content":{"rendered":"<p>Tenga en cuenta que todos los participantes deben aceptar las siguientes declaraciones.<\/p>\n<h2>\n\t\t\tFormulario de indemnizaci\u00f3n\t<\/h2>\n\t<p><strong>Aseg\u00farate de seleccionar el evento LE correcto en el que participas. Esto garantizar\u00e1 que tu formulario se env\u00ede al lugar correcto. Gracias.<\/strong><\/p>\n\t<form action=\"https:\/\/gcfleadership.org\/es\/wp-json\/ws-form\/v1\/submit\" class=\"wsf-form wsf-form-canvas\" id=\"ws-form-1\" data-id=\"6\" method=\"POST\" data-instance-id=\"1\" data-wsf-style-id=\"1\" data-trp-original-action=\"https:\/\/gcfleadership.org\/es\/wp-json\/ws-form\/v1\/submit\"><input type=\"hidden\" name=\"trp-form-language\" value=\"es\"\/><\/form>","protected":false},"excerpt":{"rendered":"<p>Please note that all Participants are required to agree to the following statements. Indemnity Form Please ensure that you select the correct LE event that you are participating in. This will ensure that your form entry will be sent through to the right place. Thank you.<\/p>","protected":false},"author":1,"featured_media":0,"parent":99,"menu_order":0,"comment_status":"closed","ping_status":"closed","template":"","meta":{"give_campaign_id":0,"_seopress_robots_primary_cat":"","_seopress_titles_title":"","_seopress_titles_desc":"","_seopress_robots_index":"","footnotes":""},"class_list":["post-104","page","type-page","status-publish"],"campaignId":"","_links":{"self":[{"href":"https:\/\/gcfleadership.org\/es\/wp-json\/wp\/v2\/pages\/104","targetHints":{"allow":["GET"]}}],"collection":[{"href":"https:\/\/gcfleadership.org\/es\/wp-json\/wp\/v2\/pages"}],"about":[{"href":"https:\/\/gcfleadership.org\/es\/wp-json\/wp\/v2\/types\/page"}],"author":[{"embeddable":true,"href":"https:\/\/gcfleadership.org\/es\/wp-json\/wp\/v2\/users\/1"}],"replies":[{"embeddable":true,"href":"https:\/\/gcfleadership.org\/es\/wp-json\/wp\/v2\/comments?post=104"}],"version-history":[{"count":3,"href":"https:\/\/gcfleadership.org\/es\/wp-json\/wp\/v2\/pages\/104\/revisions"}],"predecessor-version":[{"id":712,"href":"https:\/\/gcfleadership.org\/es\/wp-json\/wp\/v2\/pages\/104\/revisions\/712"}],"up":[{"embeddable":true,"href":"https:\/\/gcfleadership.org\/es\/wp-json\/wp\/v2\/pages\/99"}],"wp:attachment":[{"href":"https:\/\/gcfleadership.org\/es\/wp-json\/wp\/v2\/media?parent=104"}],"curies":[{"name":"wp","href":"https:\/\/api.w.org\/{rel}","templated":true}]}}