{"id":105,"date":"2024-04-27T11:02:07","date_gmt":"2024-04-27T11:02:07","guid":{"rendered":"https:\/\/gcfle.perfectlydigital.dev\/?page_id=105"},"modified":"2026-01-12T13:52:07","modified_gmt":"2026-01-12T13:52:07","slug":"child-protection","status":"publish","type":"page","link":"https:\/\/gcfleadership.org\/es\/information-for\/participants\/child-protection\/","title":{"rendered":"Protecci\u00f3n infantil"},"content":{"rendered":"<p>Al marcar la casilla a continuaci\u00f3n, por la presente declaro:<\/p>\n<ul>\n<li>que nunca he estado involucrado en ning\u00fan acto con un ni\u00f1o\/ni\u00f1os que contraviniera la Palabra de Dios y las leyes oficiales de mi pa\u00eds y;<\/li>\n<li>que nunca he sido procesado por ning\u00fan delito en t\u00e9rminos de las leyes de protecci\u00f3n infantil de mi pa\u00eds.<\/li>\n<\/ul>\n<p>Declaro adem\u00e1s que me abstendr\u00e9 de cualquier acto con un ni\u00f1o\/ni\u00f1os que pueda considerarse inmoral o ilegal en t\u00e9rminos de la Palabra de Dios y las leyes aplicables sobre actos contra ni\u00f1os.<\/p>\n<p>Hago esto no s\u00f3lo en sumisi\u00f3n a las leyes del Estado en el pa\u00eds del Residencial Intensivo y en mi propio pa\u00eds, sino en \u00faltima instancia en sumisi\u00f3n a Dios, quien es el Creador y Protector de todos los ni\u00f1os.<\/p>\n<p>Entiendo que, si se hacen acusaciones importantes sobre m\u00ed a este respecto, ser\u00e9 suspendido de GCF Leadership Experience mientras el caso se remite a las autoridades legales correspondientes sin ning\u00fan reembolso del dinero pagado. Declaro que me someter\u00e9 a esta decisi\u00f3n.<\/p>\n<p>Entiendo que, si se me declara culpable de dicho acto o se me declara mentido en esta declaraci\u00f3n, ser\u00e9 expulsado de GCF Leadership Experience sin ning\u00fan reembolso del dinero pagado. Declaro que me someter\u00e9 a esta decisi\u00f3n.<\/p>\n<h2>\n\t\t\tFormulario de protecci\u00f3n infantil\t<\/h2>\n\t<p><strong>Aseg\u00farate de seleccionar el evento LE correcto en el que participas. Esto garantizar\u00e1 que tu formulario se env\u00ede al lugar correcto. Gracias.<\/strong><\/p>\n\t<form action=\"https:\/\/gcfleadership.org\/es\/wp-json\/ws-form\/v1\/submit\" class=\"wsf-form wsf-form-canvas\" id=\"ws-form-1\" data-id=\"7\" method=\"POST\" data-instance-id=\"1\" data-wsf-style-id=\"1\" data-trp-original-action=\"https:\/\/gcfleadership.org\/es\/wp-json\/ws-form\/v1\/submit\"><input type=\"hidden\" name=\"trp-form-language\" value=\"es\"\/><\/form>","protected":false},"excerpt":{"rendered":"<p>Al marcar la casilla a continuaci\u00f3n, por la presente declaro: que nunca he estado involucrado en ning\u00fan acto con un ni\u00f1o\/ni\u00f1os que contravenga la Palabra de Dios y las leyes oficiales de mi pa\u00eds y; que nunca he sido procesado por ning\u00fan delito en t\u00e9rminos de las leyes de protecci\u00f3n infantil de mi pa\u00eds. \u2026 <a title=\"Protecci\u00f3n infantil\" class=\"read-more\" href=\"https:\/\/gcfleadership.org\/es\/information-for\/participants\/child-protection\/\" aria-label=\"Leer m\u00e1s sobre Protecci\u00f3n Infantil\">Leer m\u00e1s<\/a><\/p>","protected":false},"author":1,"featured_media":0,"parent":99,"menu_order":0,"comment_status":"closed","ping_status":"closed","template":"","meta":{"give_campaign_id":0,"_seopress_robots_primary_cat":"","_seopress_titles_title":"","_seopress_titles_desc":"","_seopress_robots_index":"","footnotes":""},"class_list":["post-105","page","type-page","status-publish"],"campaignId":"","_links":{"self":[{"href":"https:\/\/gcfleadership.org\/es\/wp-json\/wp\/v2\/pages\/105","targetHints":{"allow":["GET"]}}],"collection":[{"href":"https:\/\/gcfleadership.org\/es\/wp-json\/wp\/v2\/pages"}],"about":[{"href":"https:\/\/gcfleadership.org\/es\/wp-json\/wp\/v2\/types\/page"}],"author":[{"embeddable":true,"href":"https:\/\/gcfleadership.org\/es\/wp-json\/wp\/v2\/users\/1"}],"replies":[{"embeddable":true,"href":"https:\/\/gcfleadership.org\/es\/wp-json\/wp\/v2\/comments?post=105"}],"version-history":[{"count":3,"href":"https:\/\/gcfleadership.org\/es\/wp-json\/wp\/v2\/pages\/105\/revisions"}],"predecessor-version":[{"id":711,"href":"https:\/\/gcfleadership.org\/es\/wp-json\/wp\/v2\/pages\/105\/revisions\/711"}],"up":[{"embeddable":true,"href":"https:\/\/gcfleadership.org\/es\/wp-json\/wp\/v2\/pages\/99"}],"wp:attachment":[{"href":"https:\/\/gcfleadership.org\/es\/wp-json\/wp\/v2\/media?parent=105"}],"curies":[{"name":"wp","href":"https:\/\/api.w.org\/{rel}","templated":true}]}}