{"id":106,"date":"2024-04-27T11:02:26","date_gmt":"2024-04-27T11:02:26","guid":{"rendered":"https:\/\/gcfle.perfectlydigital.dev\/?page_id=106"},"modified":"2026-01-13T13:59:53","modified_gmt":"2026-01-13T13:59:53","slug":"mentors-covenant","status":"publish","type":"page","link":"https:\/\/gcfleadership.org\/es\/information-for\/mentors\/mentors-covenant\/","title":{"rendered":"Pacto del mentor"},"content":{"rendered":"<h2>\n\t\t\tEl pacto entre el Equipo de Facilitaci\u00f3n de Experiencias de Liderazgo del GCF y el Mentor\t<\/h2>\n\t<p>Antes de firmar este Pacto, aseg\u00farese de haber le\u00eddo y de poder comprometerse con los requisitos descritos en el <a href=\"https:\/\/gcfleadership.org\/es\/information-for\/mentors\/\">Informaci\u00f3n para mentores<\/a>.<\/p>\n<p>Al aceptar este Pacto, usted indica que est\u00e1 de acuerdo con el rol de Mentor tal como se establece en la Gu\u00eda de Mentores: <em>&#039;Caminar junto&#039; al participante para fomentar el crecimiento y desarrollo personal y espiritual. Esto no debe verse como una ense\u00f1anza o entrenamiento en habilidades, sino m\u00e1s bien como el desarrollo de una mentalidad y un car\u00e1cter piadosos.<\/em><\/p>\n<p><strong>El Equipo de Facilitaci\u00f3n de la Experiencia de Liderazgo del GCF se compromete a vincularlo con un Asesor del GCF cuyas responsabilidades ser\u00e1n:<\/strong><\/p>\n<ul>\n<li>Ore regularmente por usted y la relaci\u00f3n de mentor\u00eda.<\/li>\n<li>Responda r\u00e1pidamente a cualquier pregunta que pueda surgir en el curso de su interacci\u00f3n con el participante que remita al Asesor.<\/li>\n<li>Brindarle apoyo y aliento.<\/li>\n<li>Mantenga las comunicaciones en estricta confidencialidad a menos que d\u00e9 permiso para que se incluyan otras personas.<\/li>\n<\/ul>\n<p><strong>Al aceptar este Pacto, usted, el Mentor, se compromete a:<\/strong><\/p>\n<ul>\n<li>Est\u00e9 disponible para reunirse con el participante durante al menos una hora cada mes durante la duraci\u00f3n del curso. Es responsabilidad del participante concertar estas reuniones con usted.<\/li>\n<li>Ore por el participante con regularidad.<\/li>\n<li>Trate las reuniones de tutor\u00eda como estrictamente confidenciales.<\/li>\n<li>Notifique a su asesor del GCF que el participante ha estado manteniendo un registro peri\u00f3dico del proceso de tutor\u00eda.<\/li>\n<li>Informar al GCF sobre cualquier problema que afecte la participaci\u00f3n continua del participante en el programa LE.<\/li>\n<li>Informar al Asesor del GCF en caso de que la relaci\u00f3n de tutor\u00eda sea insostenible por cualquier motivo.<\/li>\n<li>Evaluar la experiencia de mentor\u00eda como Mentor al finalizar el Curso de Liderazgo.<\/li>\n<\/ul>\n<h2>\n\t\t\tFormulario de pacto del mentor\t<\/h2>\n\t<p><strong>Aseg\u00farate de seleccionar el evento LE correcto en el que participas. Esto garantizar\u00e1 que tu formulario se env\u00ede al lugar correcto. Gracias.<\/strong><\/p>\n\t<form action=\"https:\/\/gcfleadership.org\/es\/wp-json\/ws-form\/v1\/submit\" class=\"wsf-form wsf-form-canvas\" id=\"ws-form-1\" data-id=\"8\" method=\"POST\" data-instance-id=\"1\" data-wsf-style-id=\"1\" data-trp-original-action=\"https:\/\/gcfleadership.org\/es\/wp-json\/ws-form\/v1\/submit\"><input type=\"hidden\" name=\"trp-form-language\" value=\"es\"\/><\/form>","protected":false},"excerpt":{"rendered":"<p>El Pacto entre el Equipo de Facilitaci\u00f3n de Experiencias de Liderazgo del GCF y el Mentor. Antes de firmar este Pacto, aseg\u00farese de haber le\u00eddo y de poder comprometerse con los requisitos descritos en la Informaci\u00f3n para Mentores. Al aceptar este Pacto, usted manifiesta su conformidad con el rol de Mentor seg\u00fan lo establecido... <a title=\"Pacto del mentor\" class=\"read-more\" href=\"https:\/\/gcfleadership.org\/es\/information-for\/mentors\/mentors-covenant\/\" aria-label=\"Leer m\u00e1s sobre Pacto del Mentor\">Leer m\u00e1s<\/a><\/p>","protected":false},"author":1,"featured_media":0,"parent":100,"menu_order":0,"comment_status":"closed","ping_status":"closed","template":"","meta":{"give_campaign_id":0,"_seopress_robots_primary_cat":"","_seopress_titles_title":"","_seopress_titles_desc":"","_seopress_robots_index":"","footnotes":""},"class_list":["post-106","page","type-page","status-publish"],"campaignId":"","_links":{"self":[{"href":"https:\/\/gcfleadership.org\/es\/wp-json\/wp\/v2\/pages\/106","targetHints":{"allow":["GET"]}}],"collection":[{"href":"https:\/\/gcfleadership.org\/es\/wp-json\/wp\/v2\/pages"}],"about":[{"href":"https:\/\/gcfleadership.org\/es\/wp-json\/wp\/v2\/types\/page"}],"author":[{"embeddable":true,"href":"https:\/\/gcfleadership.org\/es\/wp-json\/wp\/v2\/users\/1"}],"replies":[{"embeddable":true,"href":"https:\/\/gcfleadership.org\/es\/wp-json\/wp\/v2\/comments?post=106"}],"version-history":[{"count":5,"href":"https:\/\/gcfleadership.org\/es\/wp-json\/wp\/v2\/pages\/106\/revisions"}],"predecessor-version":[{"id":716,"href":"https:\/\/gcfleadership.org\/es\/wp-json\/wp\/v2\/pages\/106\/revisions\/716"}],"up":[{"embeddable":true,"href":"https:\/\/gcfleadership.org\/es\/wp-json\/wp\/v2\/pages\/100"}],"wp:attachment":[{"href":"https:\/\/gcfleadership.org\/es\/wp-json\/wp\/v2\/media?parent=106"}],"curies":[{"name":"wp","href":"https:\/\/api.w.org\/{rel}","templated":true}]}}