{"id":503,"date":"2024-12-03T14:09:10","date_gmt":"2024-12-03T14:09:10","guid":{"rendered":"https:\/\/gcfleadership.org\/?page_id=503"},"modified":"2025-12-17T16:27:40","modified_gmt":"2025-12-17T16:27:40","slug":"applicants-reference","status":"publish","type":"page","link":"https:\/\/gcfleadership.org\/es\/sri-lanka-2025\/applicants-reference\/","title":{"rendered":"Referencia del solicitante"},"content":{"rendered":"<h2>\n\t\t\tReferencia personal para solicitantes de experiencia de liderazgo en el Foro Mundial de Ni\u00f1os\t<\/h2>\n\t<p>Antes de responder las preguntas a continuaci\u00f3n, tenga en cuenta los criterios que utiliza el Foro Mundial de la Infancia (GCF) para determinar la idoneidad de un solicitante. Se trata de una persona que:<\/p>\n<ul>\n<li>Es un l\u00edder experimentado del ministerio infantil que ya est\u00e1 capacitando a otros.<\/li>\n<li>tiene habilidades de liderazgo demostradas o un potencial de liderazgo significativo<\/li>\n<li>es responsable y trabajadora<\/li>\n<li>trabaja bien en equipo<\/li>\n<li>Es muy competente tanto en ingl\u00e9s escrito como hablado.<\/li>\n<li>Lo m\u00e1s probable es que tenga entre 25 y 45 a\u00f1os.<\/li>\n<li>Est\u00e1 disponible para asistir a una capacitaci\u00f3n residencial de cuatro semanas en Sri Lanka.<\/li>\n<li>es capaz de obtener la totalidad o una parte significativa de las tarifas del curso US$1,800 y pagar todos los pasajes a\u00e9reos y los costos de viaje asociados (pasaporte, visa, seguro de viaje y m\u00e9dico)<\/li>\n<li>Est\u00e1 respaldado en su solicitud por la iglesia u organizaci\u00f3n cristiana en la que \u00e9l\/ella es l\u00edder del ministerio infantil.<\/li>\n<\/ul>\n<p>Responda las siguientes preguntas sobre el solicitante. T\u00f3mese el espacio necesario para brindarnos informaci\u00f3n completa sobre esta persona.<\/p>\n\t<form action=\"https:\/\/gcfleadership.org\/es\/wp-json\/ws-form\/v1\/submit\" class=\"wsf-form wsf-form-canvas\" id=\"ws-form-1\" data-id=\"12\" method=\"POST\" data-instance-id=\"1\" data-wsf-style-id=\"1\" data-trp-original-action=\"https:\/\/gcfleadership.org\/es\/wp-json\/ws-form\/v1\/submit\"><input type=\"hidden\" name=\"trp-form-language\" value=\"es\"\/><\/form>","protected":false},"excerpt":{"rendered":"<p>Referencia personal para solicitantes con experiencia en liderazgo del Foro Mundial de la Infancia. Antes de responder las preguntas a continuaci\u00f3n, considere los criterios que utiliza el Foro Mundial de la Infancia (GCF) para determinar la idoneidad de un solicitante. Se trata de una persona que: sea un l\u00edder con experiencia en el ministerio infantil que ya est\u00e9 capacitando a otros; tenga habilidades de liderazgo demostradas o experiencia significativa... <a title=\"Referencia del solicitante\" class=\"read-more\" href=\"https:\/\/gcfleadership.org\/es\/sri-lanka-2025\/applicants-reference\/\" aria-label=\"Leer m\u00e1s sobre Referencia del Solicitante\">Leer m\u00e1s<\/a><\/p>","protected":false},"author":1,"featured_media":0,"parent":467,"menu_order":0,"comment_status":"closed","ping_status":"closed","template":"","meta":{"give_campaign_id":0,"_seopress_robots_primary_cat":"","_seopress_titles_title":"","_seopress_titles_desc":"","_seopress_robots_index":"","footnotes":""},"class_list":["post-503","page","type-page","status-publish"],"campaignId":"","_links":{"self":[{"href":"https:\/\/gcfleadership.org\/es\/wp-json\/wp\/v2\/pages\/503","targetHints":{"allow":["GET"]}}],"collection":[{"href":"https:\/\/gcfleadership.org\/es\/wp-json\/wp\/v2\/pages"}],"about":[{"href":"https:\/\/gcfleadership.org\/es\/wp-json\/wp\/v2\/types\/page"}],"author":[{"embeddable":true,"href":"https:\/\/gcfleadership.org\/es\/wp-json\/wp\/v2\/users\/1"}],"replies":[{"embeddable":true,"href":"https:\/\/gcfleadership.org\/es\/wp-json\/wp\/v2\/comments?post=503"}],"version-history":[{"count":5,"href":"https:\/\/gcfleadership.org\/es\/wp-json\/wp\/v2\/pages\/503\/revisions"}],"predecessor-version":[{"id":593,"href":"https:\/\/gcfleadership.org\/es\/wp-json\/wp\/v2\/pages\/503\/revisions\/593"}],"up":[{"embeddable":true,"href":"https:\/\/gcfleadership.org\/es\/wp-json\/wp\/v2\/pages\/467"}],"wp:attachment":[{"href":"https:\/\/gcfleadership.org\/es\/wp-json\/wp\/v2\/media?parent=503"}],"curies":[{"name":"wp","href":"https:\/\/api.w.org\/{rel}","templated":true}]}}