{"id":588,"date":"2025-12-17T16:24:21","date_gmt":"2025-12-17T16:24:21","guid":{"rendered":"https:\/\/gcfleadership.org\/?page_id=588"},"modified":"2026-03-21T11:29:50","modified_gmt":"2026-03-21T11:29:50","slug":"timetable","status":"publish","type":"page","link":"https:\/\/gcfleadership.org\/es\/albania-2026\/timetable\/","title":{"rendered":"Calendario"},"content":{"rendered":"<h1>\n\t\t\tCalendario\t<\/h1>\n\t\t\t\t\t\t\t<h2>15 de enero de 2026<\/h2>\n\t\t\t\t\t\t\t<p>Abiertas las postulaciones para la Experiencia de Liderazgo del FVC Albania 2026.<\/p>\t\t\t\t\t\t\t\t\t\t\t\t\t\n\t\t\t\t\t\t\t<h2>15 de abril de 2026<\/h2>\n\t\t\t\t\t\t\t<p>Cierre de solicitudes. Se notificar\u00e1 a todos los solicitantes si son seleccionados y se les enviar\u00e1 m\u00e1s informaci\u00f3n sobre la Experiencia de Liderazgo. Se deber\u00e1 abonar un dep\u00f3sito no reembolsable de 500 \u20ac antes del 1 de julio de 2026.<\/p>\t\t\t\t\t\t\t\t\t\t\t\t\t\n\t\t\t\t\t\t\t<h2>30 de abril de 2026<\/h2>\n\t\t\t\t\t\t\t<p>Decisiones finales sobre las solicitudes. Los solicitantes son informados de los resultados.<\/p>\t\t\t\t\t\t\t\t\t\t\t\t\t\n\t\t\t\t\t\t\t<h2>15 de junio de 2026<\/h2>\n\t\t\t\t\t\t\t<p>Se abona un dep\u00f3sito no reembolsable de 500 \u20ac. Se contacta con los mentores y se inicia este viaje con los participantes.<\/p>\t\t\t\t\t\t\t\t\t\t\t\t\t\n\t\t\t\t\t\t\t<h2>1 de agosto de 2026<\/h2>\n\t\t\t\t\t\t\t<ul><li>Comienzan las investigaciones comunitarias y las tareas preintensivas<\/li><li>Se identifican los supervisores y comienzan este viaje con los participantes.<\/li><\/ul>\t\t\t\t\t\t\t\t\t\t\t\t\t\n\t\t\t\t\t\t\t<h2>1 de septiembre de 2026<\/h2>\n\t\t\t\t\t\t\t<p>Aseg\u00farese de enviar por correo electr\u00f3nico una copia de su comprobante de seguro de viaje y seguro m\u00e9dico a <a href=\"mailto:europe@gcfleadership.org\">europe@gcfleadership.org<\/a> antes de su viaje al componente residencial del curso en la sede residencial intensiva.<\/p>\n\t\t\t\t\t\t\t<h2>20 de septiembre de 2026<\/h2>\n\t\t\t\t\t\t\t<p>El saldo pendiente de pago es de 1.300\u20ac.<\/p>\t\t\t\t\t\t\t\t\t\t\t\t\t\n\t\t\t\t\t\t\t<h2>20 de septiembre \u2013 17 de octubre de 2026<\/h2>\n\t\t\t\t\t\t\t<p>Los participantes se re\u00fanen en Albania para un curso intensivo residencial de cuatro semanas donde aprender\u00e1n unos de otros y de facilitadores expertos. El aprendizaje se basar\u00e1 en la Biblia, ser\u00e1 interactivo y experiencial. Los elementos del curso intensivo son:<ul><li>Fundamentos b\u00edblicos: ni\u00f1os, familia y comunidad de fe en la Gran Historia de Dios<\/li><li>El contexto en el que viven los ni\u00f1os: las implicaciones para el ministerio infantil de las diversas subculturas en las que se forma la cosmovisi\u00f3n de un ni\u00f1o<\/li><li>Formaci\u00f3n de fe transformadora en ni\u00f1os: llevar esperanza a los ni\u00f1os para que ellos lleven esperanza a quienes los rodean<\/li><li>Liderazgo piadoso: las cualidades y habilidades de un l\u00edder del Reino del ministerio infantil<\/li><\/ul>Los valores del GCF de servicio, generosidad, integridad y confianza ser\u00e1n las piedras angulares de la comunidad LE del GCF que se construya.<\/p>\t\t\t\t\t\t\t\t\t\t\t\t\t\n\t\t\t\t\t\t\t<h2>18 de octubre de 2026 \u2013 30 de abril de 2027<\/h2>\n\t\t\t\t\t\t\t<ul><li>Contin\u00faan las sesiones peri\u00f3dicas de docencia del curso online<\/li><li>Contin\u00faan las reuniones peri\u00f3dicas con el mentor y el supervisor.<\/li><li>Los grupos comunitarios en l\u00ednea regulares contin\u00faan con discusiones y tareas de aprendizaje sobre temas del ministerio infantil.<\/li><li>Los participantes completan un Proyecto Ministerial seg\u00fan lo acordado con su supervisor y los Facilitadores de Experiencia de Liderazgo del GCF. Este proyecto relacionar\u00e1 intencionalmente el aprendizaje de la Experiencia de Liderazgo con el ministerio en el que participa la persona.<\/li><\/ul>\t\t\t\t\t\t\t\t\t\t\t\t\t\n\t\t\t\t\t\t\t<h2>Mediados de abril de 2027<\/h2>\n\t\t\t\t\t\t\t<h5>Graduaci\u00f3n en l\u00ednea<\/h5><p>Los graduados reciben un Certificado de Experiencia de Liderazgo del GCF avalado por el Seminario Bethel, EE. UU. Los certificados se entregar\u00e1n en una ceremonia de graduaci\u00f3n en l\u00ednea que reunir\u00e1 a participantes y facilitadores de todo el mundo.<\/p>","protected":false},"excerpt":{"rendered":"<p>Timetable 15th January 2026 Applications open for Albania 2026 GCF Leadership Experience. 15th April 2026 Applications close.All applicants are notified if they are successful and further information about the Leadership Experience is sent. A non-refundable deposit of \u20ac500 is due by 1st July 2026. 30th April 2026 Final decisions on applications. Applicants are informed of &#8230; <a title=\"Calendario\" class=\"read-more\" href=\"https:\/\/gcfleadership.org\/es\/albania-2026\/timetable\/\" aria-label=\"Leer m\u00e1s sobre Horarios\">Leer m\u00e1s<\/a><\/p>","protected":false},"author":1,"featured_media":0,"parent":578,"menu_order":0,"comment_status":"closed","ping_status":"closed","template":"","meta":{"give_campaign_id":0,"_seopress_robots_primary_cat":"","_seopress_titles_title":"","_seopress_titles_desc":"","_seopress_robots_index":"","footnotes":""},"class_list":["post-588","page","type-page","status-publish"],"campaignId":"","_links":{"self":[{"href":"https:\/\/gcfleadership.org\/es\/wp-json\/wp\/v2\/pages\/588","targetHints":{"allow":["GET"]}}],"collection":[{"href":"https:\/\/gcfleadership.org\/es\/wp-json\/wp\/v2\/pages"}],"about":[{"href":"https:\/\/gcfleadership.org\/es\/wp-json\/wp\/v2\/types\/page"}],"author":[{"embeddable":true,"href":"https:\/\/gcfleadership.org\/es\/wp-json\/wp\/v2\/users\/1"}],"replies":[{"embeddable":true,"href":"https:\/\/gcfleadership.org\/es\/wp-json\/wp\/v2\/comments?post=588"}],"version-history":[{"count":8,"href":"https:\/\/gcfleadership.org\/es\/wp-json\/wp\/v2\/pages\/588\/revisions"}],"predecessor-version":[{"id":797,"href":"https:\/\/gcfleadership.org\/es\/wp-json\/wp\/v2\/pages\/588\/revisions\/797"}],"up":[{"embeddable":true,"href":"https:\/\/gcfleadership.org\/es\/wp-json\/wp\/v2\/pages\/578"}],"wp:attachment":[{"href":"https:\/\/gcfleadership.org\/es\/wp-json\/wp\/v2\/media?parent=588"}],"curies":[{"name":"wp","href":"https:\/\/api.w.org\/{rel}","templated":true}]}}