{"id":63,"date":"2022-11-28T16:16:45","date_gmt":"2022-11-28T16:16:45","guid":{"rendered":"https:\/\/generate.perfectlydigital.dev\/?page_id=63"},"modified":"2026-05-15T07:28:14","modified_gmt":"2026-05-15T07:28:14","slug":"home","status":"publish","type":"page","link":"https:\/\/gcfleadership.org\/es\/","title":{"rendered":"Hogar"},"content":{"rendered":"<h2>\n\t\t\tUn programa de desarrollo de liderazgo de un a\u00f1o de duraci\u00f3n que cambia vidas para l\u00edderes emergentes del ministerio infantil.\t<\/h2>\n\t<iframe allowfullscreen allow=\"autoplay\" data-src=\"https:\/\/www.youtube-nocookie.com\/embed\/EisF9jfIhJw?feature=oembed&amp;start&amp;end&amp;wmode=opaque&amp;loop=0&amp;controls=1&amp;mute=0&amp;rel=0&amp;modestbranding=1\"><\/iframe>\t\t\n\t\t\t\t\tReproduce el video\n\t<iframe allowfullscreen allow=\"autoplay\" data-src=\"https:\/\/www.youtube-nocookie.com\/embed\/GGKEl26z4Xw?feature=oembed&amp;start&amp;end&amp;wmode=opaque&amp;loop=0&amp;controls=1&amp;mute=0&amp;rel=0&amp;modestbranding=1\"><\/iframe>\t\t\n\t\t\t\t\tReproduce el video\n<h2>\n\t\t\tUna oportunidad para que los l\u00edderes aprendan junto con otros l\u00edderes emergentes de todo el mundo.\t<\/h2>\n<h3>\n\t\t\tLas pr\u00f3ximas Experiencias de Liderazgo comienzan en junio de 2026\t<\/h3>\n\t<p>Realizaremos dos Experiencias de Liderazgo durante 2026: <strong>LE Europa<\/strong> y <strong>LE \u00c1frica Occidental<\/strong>.<\/p>\n<p><strong>Las inscripciones para ambas Experiencias de Liderazgo ya est\u00e1n cerradas.<\/strong><\/p>\n<p>Las sesiones en l\u00ednea para ambos cursos se desarrollar\u00e1n desde junio de 2026 hasta abril\/mayo de 2027. Ambas Experiencias de Liderazgo incluyen un curso residencial intensivo de cuatro semanas.<\/p>\n<p>La residencia LE Europe se celebrar\u00e1 en Albania del 20 de septiembre al 17 de octubre de 2026.<\/p>\n<p>La residencia LE de \u00c1frica Occidental se celebrar\u00e1 en Togo del 9 de agosto al 5 de septiembre de 2026.<\/p>\n<p>Consulte los enlaces a continuaci\u00f3n para conocer las fechas y m\u00e1s detalles de cada experiencia de liderazgo.<\/p>\n<h2>\n\t\t\tLE Europa\t<\/h2>\n\t<p>Las inscripciones para LE Europe ya est\u00e1n cerradas.<\/p>\n\t<a href=\"https:\/\/gcfleadership.org\/es\/albania-2026\/information\/\" target=\"_self\" role=\"button\" aria-label=\"INFORMACI\u00d3N (LE Europa)\">\n\t\t\t\t\t\tINFORMACI\u00d3N (LE Europa)\n\t\t\t\t\t<\/a>\n\t<a href=\"https:\/\/gcfleadership.org\/es\/albania-2026\/timetable\/\" target=\"_self\" role=\"button\" aria-label=\"HORARIO (LE Europa)\">\n\t\t\t\t\t\tHORARIO (LE Europa)\n\t\t\t\t\t<\/a>\n<h2>\n\t\t\tLE \u00c1frica Occidental\t<\/h2>\n\t<p>Las inscripciones para LE \u00c1frica Occidental ya est\u00e1n cerradas.<\/p>\n\t<a href=\"https:\/\/gcfleadership.org\/es\/west-africa-2026\/information\/\" target=\"_self\" role=\"button\" aria-label=\"INFORMACI\u00d3N (LE \u00c1frica Occidental)\">\n\t\t\t\t\t\tINFORMACI\u00d3N (LE \u00c1frica Occidental)\n\t\t\t\t\t<\/a>\n\t<a href=\"https:\/\/gcfleadership.org\/es\/west-africa-2026\/timetable\/\" target=\"_self\" role=\"button\" aria-label=\"HORARIO (LE \u00c1frica Occidental)\">\n\t\t\t\t\t\tHORARIO (LE \u00c1frica Occidental)\n\t\t\t\t\t<\/a>\n\t\t\t\t<p>\u00a1Aprender no s\u00f3lo de los facilitadores sino tambi\u00e9n de otros participantes fue muy revelador y una gran bendici\u00f3n para m\u00ed! S\u00ed, obtuvimos mucha informaci\u00f3n nueva, PERO no fue lo principal que me cambi\u00f3. Lo que realmente tuvo un impacto en m\u00ed fueron las relaciones con las personas que conoc\u00ed y las experiencias que compartimos. Dios cambi\u00f3 mi coraz\u00f3n acerca del ministerio infantil.<\/p>\n\t<p>Para su iglesia u organizaci\u00f3n, es una oportunidad \u00fanica de invertir en los l\u00edderes del ministerio infantil para que se conviertan en personas que puedan influir y transformar nuestras comunidades por el bien de los ni\u00f1os.<\/p>\n<figure itemscope itemtype=\"https:\/\/schema.org\/ImageObject\">\n\t\t\t\t<img decoding=\"async\" src=\"https:\/\/gcfleadership.org\/wp-content\/uploads\/2024\/04\/Depositphotos_53329263_XL-square-ai-900.jpg\" alt=\"\" height=\"900\" width=\"900\" onerror=\"this.style.display='none'\" loading=\"lazy\" \/>\n\t<\/figure>\n\t\t\t\t<p>Experimentar con una actitud verdaderamente &#039;con mentalidad de reino&#039;. M\u00e1s all\u00e1 de una teor\u00eda, experimentarlo con Su verdad, amor y Esp\u00edritu me dio un sabor hermoso. Hoy s\u00e9 que es posible trabajar plenamente por el Reino.<\/p>\n<h3>\n\t\t\tLe animamos a que solicite participar en futuras Experiencias de Liderazgo de GCF si:\t<\/h3>\n\t<ul>\n<li>Eres un trabajador infantil con experiencia desde hace al menos cinco a\u00f1os y ya est\u00e1s formando a otros.<\/li>\n<li>Otros reconocen sus habilidades de liderazgo en el ministerio infantil<\/li>\n<li>Trabajas bien en equipo<\/li>\n<li>Lo m\u00e1s probable es que tengas entre 20 y 45 a\u00f1os.<\/li>\n<li>Tu iglesia u organizaci\u00f3n cristiana te recomienda para LE<\/li>\n<li>Te comprometes a completar la investigaci\u00f3n comunitaria LE antes de asistir a la capacitaci\u00f3n residencial intensiva.<\/li>\n<li>Puedes asistir al Programa Residencial Intensivo LE.<\/li>\n<li>Est\u00e1s comprometido a cumplir con cada <a href=\"https:\/\/gcfleadership.org\/es\/information-for\/participants\/\">requisito LE<\/a>.<\/li>\n<\/ul>\n\t\t\t\t<p>Me reimaginan, me inspiran y me desaf\u00edan con una visi\u00f3n m\u00e1s hol\u00edstica y global del ministerio infantil y del liderazgo.<\/p>\n<h3>\n\t\t\tDurante un a\u00f1o, los participantes de LE se comprometen a:\t<\/h3>\n\t<ul>\n<li>Realizar investigaciones comunitarias guiadas entre ni\u00f1os y l\u00edderes.<\/li>\n<li>Participe en el Curso Residencial en Albania enfocado en los Fundamentos B\u00edblicos del Ministerio Hol\u00edstico para Ni\u00f1os, la Comprensi\u00f3n del Contexto de los Ni\u00f1os, el Discipulado Transformacional y el Liderazgo del Reino.<\/li>\n<li>Interactuar entre s\u00ed en foros en l\u00ednea.<\/li>\n<li>Reunirse peri\u00f3dicamente con mentores y supervisores<\/li>\n<li>Complete un proyecto ministerial que lleve el aprendizaje LE a su ministerio.<\/li>\n<\/ul>","protected":false},"excerpt":{"rendered":"<p>A one-year life-changing leadership development program for emerging children&#8217;s ministry leaders. Play Video Play Video An opportunity for leaders to learn together with other emerging leaders from around the globe. The next Leadership Experiences begin in June 2026 We are running two Leadership Experiences during 2026: LE Europe and LE West Africa. Registrations for both &#8230; <a title=\"Hogar\" class=\"read-more\" href=\"https:\/\/gcfleadership.org\/es\/\" aria-label=\"Leer m\u00e1s sobre Inicio\">Leer m\u00e1s<\/a><\/p>","protected":false},"author":1,"featured_media":0,"parent":0,"menu_order":0,"comment_status":"closed","ping_status":"closed","template":"","meta":{"give_campaign_id":0,"_seopress_robots_primary_cat":"","_seopress_titles_title":"GCF Leadership Experience | Leadership Development Program","_seopress_titles_desc":"A one-year life-changing leadership development program for emerging children\u2019s ministry leaders","_seopress_robots_index":"","_seopress_analysis_target_kw":"","footnotes":""},"class_list":["post-63","page","type-page","status-publish"],"campaignId":"","_links":{"self":[{"href":"https:\/\/gcfleadership.org\/es\/wp-json\/wp\/v2\/pages\/63","targetHints":{"allow":["GET"]}}],"collection":[{"href":"https:\/\/gcfleadership.org\/es\/wp-json\/wp\/v2\/pages"}],"about":[{"href":"https:\/\/gcfleadership.org\/es\/wp-json\/wp\/v2\/types\/page"}],"author":[{"embeddable":true,"href":"https:\/\/gcfleadership.org\/es\/wp-json\/wp\/v2\/users\/1"}],"replies":[{"embeddable":true,"href":"https:\/\/gcfleadership.org\/es\/wp-json\/wp\/v2\/comments?post=63"}],"version-history":[{"count":11,"href":"https:\/\/gcfleadership.org\/es\/wp-json\/wp\/v2\/pages\/63\/revisions"}],"predecessor-version":[{"id":804,"href":"https:\/\/gcfleadership.org\/es\/wp-json\/wp\/v2\/pages\/63\/revisions\/804"}],"wp:attachment":[{"href":"https:\/\/gcfleadership.org\/es\/wp-json\/wp\/v2\/media?parent=63"}],"curies":[{"name":"wp","href":"https:\/\/api.w.org\/{rel}","templated":true}]}}