{"id":677,"date":"2026-01-09T18:18:29","date_gmt":"2026-01-09T18:18:29","guid":{"rendered":"https:\/\/gcfleadership.org\/?page_id=677"},"modified":"2026-04-04T08:44:39","modified_gmt":"2026-04-04T08:44:39","slug":"information","status":"publish","type":"page","link":"https:\/\/gcfleadership.org\/es\/west-africa-2026\/information\/","title":{"rendered":"Informaci\u00f3n"},"content":{"rendered":"<h2>\n\t\t\tDesarrollando la pr\u00f3xima generaci\u00f3n de l\u00edderes del ministerio infantil\t<\/h2>\n<h3>\n\t\t\tUn programa de desarrollo de liderazgo de un a\u00f1o de duraci\u00f3n que cambia vidas para l\u00edderes emergentes del ministerio infantil\t<\/h3>\n\t<ul>\n<li>Participar en una investigaci\u00f3n de escucha comunitaria<\/li>\n<li>\u00danase a una comunidad de aprendizaje en un curso intensivo de cuatro semanas del 9 de agosto al 5 de septiembre de 2026.<\/li>\n<li>Crear un Proyecto de Ministerio innovador<\/li>\n<li>Disfrute del apoyo de mentores y supervisores<\/li>\n<li>Participar en foros en l\u00ednea<\/li>\n<\/ul>\n<figure itemscope itemtype=\"https:\/\/schema.org\/ImageObject\">\n\t\t\t\t<img decoding=\"async\" src=\"https:\/\/gcfleadership.org\/wp-content\/uploads\/2026\/01\/WhatsApp-Image-2026-01-05-at-06.29.15.jpg\" alt=\"WhatsApp Image 2026-01-05 at 06.29.15\" height=\"900\" width=\"900\" title=\"Imagen de WhatsApp 2026-01-05 a las 06.29.15\" onerror=\"this.style.display='none'\" loading=\"lazy\" \/>\n\t<\/figure>\n<figure itemscope itemtype=\"https:\/\/schema.org\/ImageObject\">\n\t\t\t\t<img decoding=\"async\" src=\"https:\/\/gcfleadership.org\/wp-content\/uploads\/2026\/01\/IMG_20180301_155929.jpg\" alt=\"IMG_20180301_155929\" height=\"900\" width=\"900\" title=\"Imagen_20180301_155929\" onerror=\"this.style.display='none'\" loading=\"lazy\" \/>\n\t<\/figure>\n<h3>\n\t\t\tSea desafiado como usted:\t<\/h3>\n\t<ul>\n<li>Aprenda con l\u00edderes seleccionados de iglesias clave centradas en los ni\u00f1os y organizaciones cristianas de \u00c1frica y m\u00e1s all\u00e1.<\/li>\n<li>Son ense\u00f1ados por facilitadores expertos con experiencia en el ministerio infantil.<\/li>\n<li>Explore temas de fundamentos b\u00edblicos, comprensi\u00f3n del contexto de un ni\u00f1o, formaci\u00f3n de fe y liderazgo piadoso.<\/li>\n<li>Crecer en tu propio caminar espiritual personal<\/li>\n<li>Tener tiempo para relajarse y reflexionar.<\/li>\n<\/ul>\n<h3>\n\t\t\tAplica si eres:\t<\/h3>\n\t<ul>\n<li>Apasionado por ayudar a los ni\u00f1os a seguir a Jes\u00fas<\/li>\n<li>Un l\u00edder que ya est\u00e1 capacitando a otros en el ministerio infantil.<\/li>\n<li>Alguien que trabaja bien en equipo.<\/li>\n<li>Recomendado por su iglesia u organizaci\u00f3n cristiana<\/li>\n<li>Motivados por la creatividad, la comunidad y el networking.<\/li>\n<li>Listo para que Dios lleve tu ministerio al siguiente nivel<\/li>\n<\/ul>\n<figure itemscope itemtype=\"https:\/\/schema.org\/ImageObject\">\n\t\t\t\t<img decoding=\"async\" src=\"https:\/\/gcfleadership.org\/wp-content\/uploads\/2026\/01\/WhatsApp-Image-2026-01-05-at-06.29.12.jpg\" alt=\"WhatsApp Image 2026-01-05 at 06.29.12\" height=\"900\" width=\"900\" title=\"Imagen de WhatsApp 2026-01-05 a las 06.29.12\" onerror=\"this.style.display='none'\" loading=\"lazy\" \/>\n\t<\/figure>\n<figure itemscope itemtype=\"https:\/\/schema.org\/ImageObject\">\n\t\t\t\t<img decoding=\"async\" src=\"https:\/\/gcfleadership.org\/wp-content\/uploads\/2025\/12\/DSC_0231-900.jpg\" alt=\"DSC_0231 900\" height=\"900\" width=\"900\" title=\"DSC_0231 900\" onerror=\"this.style.display='none'\" loading=\"lazy\" \/>\n\t<\/figure>\n<h3>\n\t\t\tLa Experiencia de Liderazgo es:\t<\/h3>\n\t<ul>\n<li>Dise\u00f1ado y facilitado por el Foro Mundial de la Infancia (<a href=\"https:\/\/gcf.community\" target=\"_blank\" rel=\"noopener\">https:\/\/gcf.community<\/a>), una colaboraci\u00f3n de organizaciones cristianas centradas en los ni\u00f1os que reconocen la necesidad de desarrollar la pr\u00f3xima generaci\u00f3n de l\u00edderes que sirvan a la iglesia local y global.<\/li>\n<li>Aprobado por la Universidad Presbiteriana de \u00c1frica Oriental (PUEA) (<a href=\"https:\/\/puea.ac.ke\/\" target=\"_blank\" rel=\"noopener\">https:\/\/puea.ac.ke\/<\/a>)<\/li>\n<li>Creativo, interactivo, relacional, trabajo duro... \u00a1y divertido!<\/li>\n<\/ul>\n\t<a href=\"https:\/\/gcfleadership.org\/wp-content\/uploads\/2026\/02\/LE-West-Africa-Flyer.pdf\" target=\"_self\" role=\"button\" aria-label=\"DESCARGUE ESTA INFORMACI\u00d3N COMO FOLLETO\">\n\t\t\t\t\t\tDESCARGUE ESTA INFORMACI\u00d3N COMO FOLLETO\n\t\t\t\t\t<\/a>","protected":false},"excerpt":{"rendered":"<p>Developing the next generation of children&#8217;s ministry leaders A one-year life-changing leadership development program for emerging children&#8217;s ministry leaders Engage in a community listening research Join a learning community in a four-week intensive from 9th August to 5th September 2026 Create an innovative Ministry Project Enjoy support from mentors and supervisors Participate in online forums &#8230; <a title=\"Informaci\u00f3n\" class=\"read-more\" href=\"https:\/\/gcfleadership.org\/es\/west-africa-2026\/information\/\" aria-label=\"Leer m\u00e1s sobre Informaci\u00f3n\">Leer m\u00e1s<\/a><\/p>","protected":false},"author":1,"featured_media":0,"parent":659,"menu_order":0,"comment_status":"closed","ping_status":"closed","template":"","meta":{"give_campaign_id":0,"_seopress_robots_primary_cat":"","_seopress_titles_title":"","_seopress_titles_desc":"","_seopress_robots_index":"","footnotes":""},"class_list":["post-677","page","type-page","status-publish"],"campaignId":"","_links":{"self":[{"href":"https:\/\/gcfleadership.org\/es\/wp-json\/wp\/v2\/pages\/677","targetHints":{"allow":["GET"]}}],"collection":[{"href":"https:\/\/gcfleadership.org\/es\/wp-json\/wp\/v2\/pages"}],"about":[{"href":"https:\/\/gcfleadership.org\/es\/wp-json\/wp\/v2\/types\/page"}],"author":[{"embeddable":true,"href":"https:\/\/gcfleadership.org\/es\/wp-json\/wp\/v2\/users\/1"}],"replies":[{"embeddable":true,"href":"https:\/\/gcfleadership.org\/es\/wp-json\/wp\/v2\/comments?post=677"}],"version-history":[{"count":11,"href":"https:\/\/gcfleadership.org\/es\/wp-json\/wp\/v2\/pages\/677\/revisions"}],"predecessor-version":[{"id":802,"href":"https:\/\/gcfleadership.org\/es\/wp-json\/wp\/v2\/pages\/677\/revisions\/802"}],"up":[{"embeddable":true,"href":"https:\/\/gcfleadership.org\/es\/wp-json\/wp\/v2\/pages\/659"}],"wp:attachment":[{"href":"https:\/\/gcfleadership.org\/es\/wp-json\/wp\/v2\/media?parent=677"}],"curies":[{"name":"wp","href":"https:\/\/api.w.org\/{rel}","templated":true}]}}