{"id":679,"date":"2026-01-09T18:18:54","date_gmt":"2026-01-09T18:18:54","guid":{"rendered":"https:\/\/gcfleadership.org\/?page_id=679"},"modified":"2026-01-21T08:22:04","modified_gmt":"2026-01-21T08:22:04","slug":"timetable","status":"publish","type":"page","link":"https:\/\/gcfleadership.org\/es\/west-africa-2026\/timetable\/","title":{"rendered":"Calendario"},"content":{"rendered":"<h1>\n\t\t\tCalendario\t<\/h1>\n\t\t\t\t\t\t\t<h2>21 de enero de 2026<\/h2>\n\t\t\t\t\t\t\t<p>Se abren postulaciones para la Experiencia de Liderazgo del FVC \u00c1frica Occidental 2026.<\/p>\t\t\t\t\t\t\t\t\t\t\t\t\t\n\t\t\t\t\t\t\t<h2>31 de marzo de 2026<\/h2>\n\t\t\t\t\t\t\t<p>Applications close.All applicants are notified if they are successful and further information about the Leadership Experience is sent. A non-refundable deposit of USD$500 is due by 1st June 2026.<\/p>\t\t\t\t\t\t\t\t\t\t\t\t\t\n\t\t\t\t\t\t\t<h2>30 de abril de 2026<\/h2>\n\t\t\t\t\t\t\t<p>Decisiones finales sobre las solicitudes. Los solicitantes son informados de los resultados.<\/p>\t\t\t\t\t\t\t\t\t\t\t\t\t\n\t\t\t\t\t\t\t<h2>1 de junio de 2026<\/h2>\n\t\t\t\t\t\t\t<p>Se paga un dep\u00f3sito no reembolsable de USD $500. Se contacta a los mentores y se inicia este viaje con los participantes.<\/p>\t\t\t\t\t\t\t\t\t\t\t\t\t\n\t\t\t\t\t\t\t<h2>1 de julio de 2026<\/h2>\n\t\t\t\t\t\t\t<ul><li>Comienzan las investigaciones comunitarias y las tareas preintensivas<\/li><li>Se identifican los supervisores y comienzan este viaje con los participantes.<\/li><\/ul>\t\t\t\t\t\t\t\t\t\t\t\t\t\n\t\t\t\t\t\t\t<h2>13 de julio de 2026<\/h2>\n\t\t\t\t\t\t\t<p>Aseg\u00farese de enviar por correo electr\u00f3nico una copia de su comprobante de seguro de viaje y seguro m\u00e9dico a <a href=\"mailto:gcflewestafrica@gmail.com\">gcflewestafrica@gmail.com<\/a> antes de su viaje al componente residencial del curso en la sede residencial intensiva.<\/p>\n\t\t\t\t\t\t\t<h2>9 de agosto de 2026<\/h2>\n\t\t\t\t\t\t\t<p>El saldo de USD$1,600 debe pagarse.<\/p>\t\t\t\t\t\t\t\t\t\t\t\t\t\n\t\t\t\t\t\t\t<h2>9th August &#8211; 5th September 2026<\/h2>\n\t\t\t\t\t\t\t<p>Los participantes se re\u00fanen en Togo para un curso intensivo residencial de cuatro semanas donde aprender\u00e1n unos de otros y de facilitadores expertos. El aprendizaje se basar\u00e1 en la Biblia, ser\u00e1 interactivo y experiencial. Los elementos del curso intensivo son:<ul><li>Fundamentos b\u00edblicos: ni\u00f1os, familia y comunidad de fe en la Gran Historia de Dios<\/li><li>El contexto en el que viven los ni\u00f1os: las implicaciones para el ministerio infantil de las diversas subculturas en las que se forma la cosmovisi\u00f3n de un ni\u00f1o<\/li><li>Formaci\u00f3n de fe transformadora en ni\u00f1os: llevar esperanza a los ni\u00f1os para que ellos lleven esperanza a quienes los rodean<\/li><li>Liderazgo piadoso: las cualidades y habilidades de un l\u00edder del Reino del ministerio infantil<\/li><\/ul>Los valores del GCF de servicio, generosidad, integridad y confianza ser\u00e1n las piedras angulares de la comunidad LE del GCF que se construya.<\/p>\t\t\t\t\t\t\t\t\t\t\t\t\t\n\t\t\t\t\t\t\t<h2>7th October 2026 &#8211; 31st May 2027<\/h2>\n\t\t\t\t\t\t\t<ul><li>Contin\u00faan las sesiones peri\u00f3dicas de docencia del curso online<\/li><li>Contin\u00faan las reuniones peri\u00f3dicas con el mentor y el supervisor.<\/li><li>Los grupos comunitarios en l\u00ednea regulares contin\u00faan con discusiones y tareas de aprendizaje sobre temas del ministerio infantil.<\/li><li>Los participantes completan un Proyecto Ministerial seg\u00fan lo acordado con su supervisor y los Facilitadores de Experiencia de Liderazgo del GCF. Este proyecto relacionar\u00e1 intencionalmente el aprendizaje de la Experiencia de Liderazgo con el ministerio en el que participa la persona.<\/li><\/ul>\t\t\t\t\t\t\t\t\t\t\t\t\t\n\t\t\t\t\t\t\t<h2>Mediados de mayo de 2027<\/h2>\n\t\t\t\t\t\t\t<h5>Graduaci\u00f3n en l\u00ednea<\/h5><p>Los graduados recibir\u00e1n un Certificado de Experiencia de Liderazgo del GCF, avalado por la Universidad Presbiteriana de \u00c1frica Oriental (PUEA). Los certificados se entregar\u00e1n en una ceremonia de graduaci\u00f3n en l\u00ednea que reunir\u00e1 a participantes y facilitadores de todo el mundo.<\/p>","protected":false},"excerpt":{"rendered":"<p>Timetable 21st January 2026 Applications open for West Africa 2026 GCF Leadership Experience. 31st March 2026 Applications close.All applicants are notified if they are successful and further information about the Leadership Experience is sent. A non-refundable deposit of USD$500 is due by 1st June 2026. 30th April 2026 Final decisions on applications. Applicants are informed &#8230; <a title=\"Calendario\" class=\"read-more\" href=\"https:\/\/gcfleadership.org\/es\/west-africa-2026\/timetable\/\" aria-label=\"Leer m\u00e1s sobre Horarios\">Leer m\u00e1s<\/a><\/p>","protected":false},"author":1,"featured_media":0,"parent":659,"menu_order":0,"comment_status":"closed","ping_status":"closed","template":"","meta":{"give_campaign_id":0,"_seopress_robots_primary_cat":"","_seopress_titles_title":"","_seopress_titles_desc":"","_seopress_robots_index":"","footnotes":""},"class_list":["post-679","page","type-page","status-publish"],"campaignId":"","_links":{"self":[{"href":"https:\/\/gcfleadership.org\/es\/wp-json\/wp\/v2\/pages\/679","targetHints":{"allow":["GET"]}}],"collection":[{"href":"https:\/\/gcfleadership.org\/es\/wp-json\/wp\/v2\/pages"}],"about":[{"href":"https:\/\/gcfleadership.org\/es\/wp-json\/wp\/v2\/types\/page"}],"author":[{"embeddable":true,"href":"https:\/\/gcfleadership.org\/es\/wp-json\/wp\/v2\/users\/1"}],"replies":[{"embeddable":true,"href":"https:\/\/gcfleadership.org\/es\/wp-json\/wp\/v2\/comments?post=679"}],"version-history":[{"count":5,"href":"https:\/\/gcfleadership.org\/es\/wp-json\/wp\/v2\/pages\/679\/revisions"}],"predecessor-version":[{"id":766,"href":"https:\/\/gcfleadership.org\/es\/wp-json\/wp\/v2\/pages\/679\/revisions\/766"}],"up":[{"embeddable":true,"href":"https:\/\/gcfleadership.org\/es\/wp-json\/wp\/v2\/pages\/659"}],"wp:attachment":[{"href":"https:\/\/gcfleadership.org\/es\/wp-json\/wp\/v2\/media?parent=679"}],"curies":[{"name":"wp","href":"https:\/\/api.w.org\/{rel}","templated":true}]}}