{"id":84,"date":"2024-04-27T10:56:33","date_gmt":"2024-04-27T10:56:33","guid":{"rendered":"https:\/\/gcfle.perfectlydigital.dev\/?page_id=84"},"modified":"2024-04-28T17:49:16","modified_gmt":"2024-04-28T17:49:16","slug":"about-the-course","status":"publish","type":"page","link":"https:\/\/gcfleadership.org\/es\/about-the-course\/","title":{"rendered":"Sobre el curso"},"content":{"rendered":"<p>La Experiencia de Liderazgo del GCF es un curso \u00fanico de un a\u00f1o que est\u00e1 dise\u00f1ado para desarrollar l\u00edderes cristianos del ministerio infantil y brinda la oportunidad para que los l\u00edderes aprendan junto con otros l\u00edderes emergentes de todo el mundo. Los participantes provendr\u00e1n de todo el mundo y se unir\u00e1n a la Experiencia de Liderazgo sin dejar de permanecer en su propia iglesia u organizaci\u00f3n.<\/p>\n<p>La Experiencia de Liderazgo responde a una necesidad declarada por una amplia gama de iglesias y organizaciones que desean desarrollar a sus l\u00edderes clave pero reconocen que no tienen la capacidad de hacerlo por s\u00ed mismas.<\/p>\n<p>La Experiencia de Liderazgo se enfoca en \u00e1reas que marcan una diferencia positiva en su comprensi\u00f3n y pr\u00e1ctica del ministerio infantil y en su car\u00e1cter y habilidades de liderazgo.<\/p>\n<p>La Experiencia de Liderazgo incluye tutor\u00eda, debates en l\u00ednea, reflexiones b\u00edblicas, investigaci\u00f3n comunitaria y programas residenciales de capacitaci\u00f3n intensiva donde los participantes aprenden unos de otros y de facilitadores experimentados. Esta experiencia residencial desafiar\u00e1 a los participantes a:<\/p>\n<ul>\n<li>Explore la comisi\u00f3n de Jes\u00fas de &#039;<strong>hacer disc\u00edpulos<\/strong>&#039; de los ni\u00f1os en un mundo donde la diversidad de or\u00edgenes religiosos, experiencias familiares, seguridad y acceso a la tecnolog\u00eda y la educaci\u00f3n crean enormes desaf\u00edos<\/li>\n<li>Descubrir\u00a0<strong>lo que Dios est\u00e1 logrando<\/strong>\u00a0a trav\u00e9s y en nombre de los ni\u00f1os de todo el mundo<\/li>\n<li>Experimenta el\u00a0<strong>riqueza de trabajar junto<\/strong>\u00a0l\u00edderes del ministerio infantil de todo el mundo<\/li>\n<li><strong>Comparta modelos eficaces e interesantes<\/strong>\u00a0del ministerio infantil hol\u00edstico<\/li>\n<li>Afianzar habilidades y estrategias en\u00a0<strong>liderazgo de equipo, promoci\u00f3n y colaboraci\u00f3n<\/strong><\/li>\n<li>Reflexionar sobre lo que significa personalmente ser un\u00a0<strong>seguidor-l\u00edder en el reino de Dios<\/strong><\/li>\n<li>Unirse a un\u00a0<strong>cohorte creciente de personas<\/strong>\u00a0trabajando juntos en todo el mundo para que cada ni\u00f1o tenga la oportunidad de amar y seguir a Jes\u00fas<\/li>\n<\/ul>\n<p>El objetivo de la Experiencia de Liderazgo es servir a la iglesia local y global ayudando a desarrollar un grupo de practicantes experimentados y apasionados de los ni\u00f1os en todo el mundo que:<\/p>\n<ul>\n<li>est\u00e1n equipados para influir en el cambio por el bien de los ni\u00f1os y<\/li>\n<li>Haga esto de manera que refleje los valores del Reino de confianza, servicio, transparencia y generosidad.<\/li>\n<\/ul>\n<p>Para su iglesia u organizaci\u00f3n, es una oportunidad \u00fanica de invertir en los l\u00edderes del ministerio infantil para que se conviertan en personas que puedan influir y transformar nuestras comunidades por el bien de los ni\u00f1os.<\/p>","protected":false},"excerpt":{"rendered":"<p>La Experiencia de Liderazgo del GCF es un curso \u00fanico de un a\u00f1o que est\u00e1 dise\u00f1ado para desarrollar l\u00edderes cristianos del ministerio infantil y brinda la oportunidad para que los l\u00edderes aprendan junto con otros l\u00edderes emergentes de todo el mundo. Los participantes provendr\u00e1n de todo el mundo y se unir\u00e1n a la Experiencia de Liderazgo sin dejar de permanecer con sus... <a title=\"Sobre el curso\" class=\"read-more\" href=\"https:\/\/gcfleadership.org\/es\/about-the-course\/\" aria-label=\"Leer m\u00e1s sobre Sobre el curso\">Leer m\u00e1s<\/a><\/p>","protected":false},"author":1,"featured_media":0,"parent":0,"menu_order":0,"comment_status":"closed","ping_status":"closed","template":"","meta":{"give_campaign_id":0,"_seopress_robots_primary_cat":"","_seopress_titles_title":"","_seopress_titles_desc":"","_seopress_robots_index":"","footnotes":""},"class_list":["post-84","page","type-page","status-publish"],"campaignId":"","_links":{"self":[{"href":"https:\/\/gcfleadership.org\/es\/wp-json\/wp\/v2\/pages\/84","targetHints":{"allow":["GET"]}}],"collection":[{"href":"https:\/\/gcfleadership.org\/es\/wp-json\/wp\/v2\/pages"}],"about":[{"href":"https:\/\/gcfleadership.org\/es\/wp-json\/wp\/v2\/types\/page"}],"author":[{"embeddable":true,"href":"https:\/\/gcfleadership.org\/es\/wp-json\/wp\/v2\/users\/1"}],"replies":[{"embeddable":true,"href":"https:\/\/gcfleadership.org\/es\/wp-json\/wp\/v2\/comments?post=84"}],"version-history":[{"count":3,"href":"https:\/\/gcfleadership.org\/es\/wp-json\/wp\/v2\/pages\/84\/revisions"}],"predecessor-version":[{"id":325,"href":"https:\/\/gcfleadership.org\/es\/wp-json\/wp\/v2\/pages\/84\/revisions\/325"}],"wp:attachment":[{"href":"https:\/\/gcfleadership.org\/es\/wp-json\/wp\/v2\/media?parent=84"}],"curies":[{"name":"wp","href":"https:\/\/api.w.org\/{rel}","templated":true}]}}