{"id":86,"date":"2024-04-27T10:56:57","date_gmt":"2024-04-27T10:56:57","guid":{"rendered":"https:\/\/gcfle.perfectlydigital.dev\/?page_id=86"},"modified":"2024-04-29T16:57:39","modified_gmt":"2024-04-29T16:57:39","slug":"about-gcf","status":"publish","type":"page","link":"https:\/\/gcfleadership.org\/es\/about-gcf\/","title":{"rendered":"Acerca del FVC"},"content":{"rendered":"<p>El Foro Mundial de la Infancia (<a href=\"https:\/\/gcf.community\/\" target=\"_blank\" rel=\"noopener\">https:\/\/gcf.community\/<\/a>) es una comunidad colaborativa global de iglesias, ministerios y organizaciones fundadas en relaciones de confianza. Deseamos que cada ni\u00f1o tenga la oportunidad de conocer y seguir a Jes\u00fas y ser nutrido en el amor de Dios para ser todo lo que \u00c9l quiere que sean.<\/p>\n<p>GCF cree que la vida de los ni\u00f1os est\u00e1 determinada por la familia, los medios de comunicaci\u00f3n, la iglesia, la escuela y una variedad de otras organizaciones. GCF busca ser un movimiento desinteresado que sirve silenciosamente a cada uno de ellos de una manera que los ayude en su papel de proteger a los ni\u00f1os y ayudarlos a identificar, moldear y liberar el potencial que Dios les ha dado.<\/p>\n<p>GCF cree que la colaboraci\u00f3n es la clave para alcanzar y hacer disc\u00edpulos de ni\u00f1os de todo el mundo. Trabajando solos, s\u00f3lo estamos ara\u00f1ando la superficie de este desaf\u00edo. Con este fin, a trav\u00e9s del GCF se est\u00e1n desarrollando m\u00faltiples proyectos para servir a la iglesia local. Estos proyectos incluyen:<\/p>\n<ul>\n<li>Experiencia de liderazgo del GCF<\/li>\n<li>Un enfoque radical para ayudar a los ni\u00f1os a descubrir a Jes\u00fas<\/li>\n<li>Fuerte defensa de los ni\u00f1os dentro de las iglesias y redes globales.<\/li>\n<li>Un foro para reunir a personas que trabajan con ni\u00f1os en riesgo<\/li>\n<li>Art\u00edculos para fomentar el debate sobre la misi\u00f3n entre los ni\u00f1os<\/li>\n<li>Una gran biblioteca gratuita y de c\u00f3digo abierto de recursos del ministerio infantil:\u00a0<a href=\"https:\/\/www.max7.org\/en\" target=\"_blank\" rel=\"noopener\">https:\/\/www.max7.org\/en<\/a><\/li>\n<li>Un programa para todas las edades que es ideal para ayudar a su familia a crecer unida en la fe y en la aptitud f\u00edsica: <a href=\"https:\/\/family.fit\/\" target=\"_blank\" rel=\"noopener\">https:\/\/family.fit\/<\/a><\/li>\n<li>Una campa\u00f1a para ver a Ni\u00f1os en Todas Partes Caminando Con Jes\u00fas, que incluye un desaf\u00edo para guiar al cuerpo de la iglesia local a trav\u00e9s de un proceso de ampliar su comprensi\u00f3n de los ni\u00f1os y c\u00f3mo Dios los ve, considerando las cosas que impactan a los ni\u00f1os y explorando nuevas posibilidades en el ministerio con los ni\u00f1os: <a href=\"https:\/\/childreneverywhere.com\/\" target=\"_blank\" rel=\"noopener\">https:\/\/childreneverywhere.com\/<\/a><\/li>\n<li>Un modelo innovador que integra habilidades para la vida y discipulado:\u00a0<a href=\"https:\/\/kidshubs.com\/\" target=\"_blank\" rel=\"noopener\">https:\/\/kidshubs.com\/<\/a><\/li>\n<li>Una estrategia de medios de c\u00f3digo abierto para aumentar el alcance de la televisi\u00f3n y la Internet entre los ni\u00f1os:\u00a0<a href=\"https:\/\/kidshubtv.com\/\" target=\"_blank\" rel=\"noopener\">https:\/\/kidshubtv.com\/<\/a><\/li>\n<\/ul>\n\t\t\t\t<a href=\"https:\/\/\/es\/gcf.community\/\" target=\"_blank\" rel=\"noopener\" itemprop=\"url\">\n\t\t\t\t<img loading=\"lazy\" decoding=\"async\" src=\"https:\/\/gcfleadership.org\/wp-content\/uploads\/2024\/04\/gcf-400.jpg\" alt=\"gcf 400\" itemprop=\"image\" height=\"400\" width=\"400\" title=\"mcd 400\" onerror=\"this.style.display='none'\"  \/>\n\t\t\t\t<\/a>\n\t\t\t\t<a href=\"https:\/\/family.fit\/\" target=\"_blank\" rel=\"noopener\" itemprop=\"url\">\n\t\t\t\t<img loading=\"lazy\" decoding=\"async\" src=\"https:\/\/gcfleadership.org\/wp-content\/uploads\/2024\/04\/ff-400.jpg\" alt=\"ff 400\" itemprop=\"image\" height=\"400\" width=\"400\" title=\"ff 400\" onerror=\"this.style.display='none'\"  \/>\n\t\t\t\t<\/a>\n\t\t\t\t<a href=\"https:\/\/childreneverywhere.com\/\" target=\"_blank\" rel=\"noopener\" itemprop=\"url\">\n\t\t\t\t<img loading=\"lazy\" decoding=\"async\" src=\"https:\/\/gcfleadership.org\/wp-content\/uploads\/2024\/04\/cewwj-400.jpg\" alt=\"cewwj 400\" itemprop=\"image\" height=\"400\" width=\"400\" title=\"cewwj 400\" onerror=\"this.style.display='none'\"  \/>\n\t\t\t\t<\/a>\n\t\t\t\t<a href=\"https:\/\/max7.org\/\" target=\"_blank\" rel=\"noopener\" itemprop=\"url\">\n\t\t\t\t<img loading=\"lazy\" decoding=\"async\" src=\"https:\/\/gcfleadership.org\/wp-content\/uploads\/2024\/04\/max7-400.jpg\" alt=\"max7 400\" itemprop=\"image\" height=\"400\" width=\"400\" title=\"m\u00e1x7 400\" onerror=\"this.style.display='none'\"  \/>\n\t\t\t\t<\/a>\n\t\t\t\t<a href=\"https:\/\/kidshubs.com\/\" target=\"_blank\" rel=\"noopener\" itemprop=\"url\">\n\t\t\t\t<img loading=\"lazy\" decoding=\"async\" src=\"https:\/\/gcfleadership.org\/wp-content\/uploads\/2024\/04\/kh-400.jpg\" alt=\"kh 400\" itemprop=\"image\" height=\"400\" width=\"400\" title=\"400 kilos\" onerror=\"this.style.display='none'\"  \/>\n\t\t\t\t<\/a>\n\t\t\t\t<a href=\"https:\/\/kidshubstv.com\/\" target=\"_blank\" rel=\"noopener\" itemprop=\"url\">\n\t\t\t\t<img loading=\"lazy\" decoding=\"async\" src=\"https:\/\/gcfleadership.org\/wp-content\/uploads\/2024\/04\/khtv-400.jpg\" alt=\"khtv 400\" itemprop=\"image\" height=\"400\" width=\"400\" title=\"khtv 400\" onerror=\"this.style.display='none'\"  \/>\n\t\t\t\t<\/a>","protected":false},"excerpt":{"rendered":"<p>El Foro Mundial de la Infancia (https:\/\/gcf.community\/) es una comunidad colaborativa global de iglesias, ministerios y organizaciones fundadas en relaciones de confianza. Deseamos que cada ni\u00f1o tenga la oportunidad de conocer y seguir a Jes\u00fas y ser nutrido en el amor de Dios para ser todo lo que \u00c9l quiere que sean. GCF cree que los ni\u00f1os... <a title=\"Acerca del FVC\" class=\"read-more\" href=\"https:\/\/gcfleadership.org\/es\/about-gcf\/\" aria-label=\"Leer m\u00e1s sobre Acerca del FVC\">Leer m\u00e1s<\/a><\/p>","protected":false},"author":1,"featured_media":0,"parent":0,"menu_order":0,"comment_status":"closed","ping_status":"closed","template":"","meta":{"give_campaign_id":0,"_seopress_robots_primary_cat":"","_seopress_titles_title":"","_seopress_titles_desc":"","_seopress_robots_index":"","footnotes":""},"class_list":["post-86","page","type-page","status-publish"],"campaignId":"","_links":{"self":[{"href":"https:\/\/gcfleadership.org\/es\/wp-json\/wp\/v2\/pages\/86","targetHints":{"allow":["GET"]}}],"collection":[{"href":"https:\/\/gcfleadership.org\/es\/wp-json\/wp\/v2\/pages"}],"about":[{"href":"https:\/\/gcfleadership.org\/es\/wp-json\/wp\/v2\/types\/page"}],"author":[{"embeddable":true,"href":"https:\/\/gcfleadership.org\/es\/wp-json\/wp\/v2\/users\/1"}],"replies":[{"embeddable":true,"href":"https:\/\/gcfleadership.org\/es\/wp-json\/wp\/v2\/comments?post=86"}],"version-history":[{"count":7,"href":"https:\/\/gcfleadership.org\/es\/wp-json\/wp\/v2\/pages\/86\/revisions"}],"predecessor-version":[{"id":414,"href":"https:\/\/gcfleadership.org\/es\/wp-json\/wp\/v2\/pages\/86\/revisions\/414"}],"wp:attachment":[{"href":"https:\/\/gcfleadership.org\/es\/wp-json\/wp\/v2\/media?parent=86"}],"curies":[{"name":"wp","href":"https:\/\/api.w.org\/{rel}","templated":true}]}}