{"id":94,"date":"2024-04-27T10:58:52","date_gmt":"2024-04-27T10:58:52","guid":{"rendered":"https:\/\/gcfle.perfectlydigital.dev\/?page_id=94"},"modified":"2024-04-29T06:20:20","modified_gmt":"2024-04-29T06:20:20","slug":"our-uniqueness","status":"publish","type":"page","link":"https:\/\/gcfleadership.org\/es\/about-the-course\/our-uniqueness\/","title":{"rendered":"Nuestra singularidad"},"content":{"rendered":"Colaboraci\u00f3n Amplitud de consulta Visi\u00f3n local y global Basado en el ministerio Comunidad \u00edntima Colaboraci\u00f3n\n\t\t\t\t<p>La Experiencia de Liderazgo del GCF es un proyecto colaborativo que surgi\u00f3 de los deseos de las iglesias y ministerios locales de formar a los l\u00edderes ministeriales de sus hijos. El grupo central de planificaci\u00f3n est\u00e1 formado por nueve personas de India, Sud\u00e1frica, Etiop\u00eda, Kenia, Estados Unidos, Canad\u00e1 y Australia. Representan ocho importantes ministerios infantiles locales y globales, y todos reconocen que la mayor\u00eda de las iglesias y ministerios no pueden proporcionar este nivel de desarrollo de liderazgo por s\u00ed solos. El grupo proviene de una variedad de denominaciones evang\u00e9licas.<\/p>\n\t\t\t\t\t\t\tAmplitud de consulta\n\t\t\t\t<p>El grupo central de planificaci\u00f3n de la Experiencia de Liderazgo del GCF fue nominado por un grupo consultivo m\u00e1s amplio que ayud\u00f3 a enmarcar la Experiencia de Liderazgo, su valor y su contenido. Este grupo representa otros siete ministerios, incluidas instituciones acad\u00e9micas de tres continentes.<\/p>\n\t\t\t\t\t\t\tVisi\u00f3n local y global\n\t\t\t\t<p>La Experiencia de Liderazgo del GCF sirve a iglesias y ministerios locales que comparten las Buenas Nuevas de Jes\u00fas a nivel de base. Busca fortalecer su liderazgo y as\u00ed asegurar la eficacia del Reino a largo plazo. Al mismo tiempo, la Experiencia de Liderazgo tiene la visi\u00f3n de servir a la iglesia global ayudando a formar una generaci\u00f3n de l\u00edderes ministeriales para ni\u00f1os en todo el mundo que trabajar\u00e1n juntos para que todos los ni\u00f1os tengan la oportunidad de experimentar el amor y la gracia de Jes\u00fas, y para seguirlo.<\/p>\n\t\t\t\t\t\t\tBasado en el ministerio\n\t\t\t\t<p>Si bien un punto focal de la Experiencia de Liderazgo es el tiempo del intensivo de cuatro semanas, el resto del curso est\u00e1 dise\u00f1ado para que el participante pueda continuar con su empleo de tiempo completo durante todo el a\u00f1o. Para algunos, eso ser\u00e1 dentro del ministerio infantil, pero otros tendr\u00e1n un empleo secular mientras ofrecen su liderazgo como voluntarios dentro de una iglesia u organizaci\u00f3n.<\/p>\n<p>La Experiencia de Liderazgo vincular\u00e1 intencionalmente el aprendizaje con las necesidades y experiencias del ministerio al que el participante ya est\u00e1 contribuyendo. Buscar\u00e1 el asesoramiento del ministerio en el que trabaja actualmente el participante para garantizar que el aprendizaje y las tareas sean relevantes y apropiados.<\/p>\n\t\t\t\t\t\t\tcomunidad \u00edntima\n\t\t\t\t<p>La Experiencia de Liderazgo es una comunidad donde un peque\u00f1o grupo de l\u00edderes apasionados reciben capacitaci\u00f3n enfocada de l\u00edderes del Ministerio Global que viven con ellos durante el Residencial Intensivo.<\/p>","protected":false},"excerpt":{"rendered":"<p>Colaboraci\u00f3n Amplitud de consulta Visi\u00f3n local y global Ministerio basado Comunidad \u00edntima Colaboraci\u00f3n La Experiencia de Liderazgo del GCF es un proyecto colaborativo que surgi\u00f3 de los deseos de las iglesias y ministerios locales de nutrir a los l\u00edderes ministeriales de sus hijos. El grupo central de planificaci\u00f3n est\u00e1 formado por nueve personas de India, Sud\u00e1frica, Etiop\u00eda, Kenia, Estados Unidos, Canad\u00e1 y Australia. \u2026 <a title=\"Nuestra singularidad\" class=\"read-more\" href=\"https:\/\/gcfleadership.org\/es\/about-the-course\/our-uniqueness\/\" aria-label=\"Leer m\u00e1s sobre Nuestra singularidad\">Leer m\u00e1s<\/a><\/p>","protected":false},"author":1,"featured_media":0,"parent":84,"menu_order":0,"comment_status":"closed","ping_status":"closed","template":"","meta":{"give_campaign_id":0,"_seopress_robots_primary_cat":"","_seopress_titles_title":"","_seopress_titles_desc":"","_seopress_robots_index":"","footnotes":""},"class_list":["post-94","page","type-page","status-publish"],"campaignId":"","_links":{"self":[{"href":"https:\/\/gcfleadership.org\/es\/wp-json\/wp\/v2\/pages\/94","targetHints":{"allow":["GET"]}}],"collection":[{"href":"https:\/\/gcfleadership.org\/es\/wp-json\/wp\/v2\/pages"}],"about":[{"href":"https:\/\/gcfleadership.org\/es\/wp-json\/wp\/v2\/types\/page"}],"author":[{"embeddable":true,"href":"https:\/\/gcfleadership.org\/es\/wp-json\/wp\/v2\/users\/1"}],"replies":[{"embeddable":true,"href":"https:\/\/gcfleadership.org\/es\/wp-json\/wp\/v2\/comments?post=94"}],"version-history":[{"count":7,"href":"https:\/\/gcfleadership.org\/es\/wp-json\/wp\/v2\/pages\/94\/revisions"}],"predecessor-version":[{"id":333,"href":"https:\/\/gcfleadership.org\/es\/wp-json\/wp\/v2\/pages\/94\/revisions\/333"}],"up":[{"embeddable":true,"href":"https:\/\/gcfleadership.org\/es\/wp-json\/wp\/v2\/pages\/84"}],"wp:attachment":[{"href":"https:\/\/gcfleadership.org\/es\/wp-json\/wp\/v2\/media?parent=94"}],"curies":[{"name":"wp","href":"https:\/\/api.w.org\/{rel}","templated":true}]}}