{"id":106,"date":"2024-04-27T11:02:26","date_gmt":"2024-04-27T11:02:26","guid":{"rendered":"https:\/\/gcfle.perfectlydigital.dev\/?page_id=106"},"modified":"2026-01-13T13:59:53","modified_gmt":"2026-01-13T13:59:53","slug":"mentors-covenant","status":"publish","type":"page","link":"https:\/\/gcfleadership.org\/fr\/information-for\/mentors\/mentors-covenant\/","title":{"rendered":"Alliance du mentor"},"content":{"rendered":"<h2>\n\t\t\tL\u2019engagement entre l\u2019\u00e9quipe d\u2019animation du programme de leadership GCF et le mentor\t<\/h2>\n\t<p>Avant de signer cet engagement, veuillez vous assurer que vous avez lu et que vous \u00eates en mesure de vous engager \u00e0 respecter les exigences d\u00e9crites dans le <a href=\"https:\/\/gcfleadership.org\/fr\/information-for\/mentors\/\">Informations pour les mentors<\/a>.<\/p>\n<p>En acceptant cet engagement, vous indiquez votre accord avec le r\u00f4le de mentor tel qu&#039;\u00e9nonc\u00e9 dans le Guide du mentor\u00a0: <em>\u00ab\u00a0Marcher aux c\u00f4t\u00e9s\u00a0\u00bb du participant pour encourager la croissance et le d\u00e9veloppement personnels et spirituels. Cela ne doit pas \u00eatre consid\u00e9r\u00e9 comme un enseignement ou une formation de comp\u00e9tences, mais plut\u00f4t comme le d\u00e9veloppement d\u2019un \u00e9tat d\u2019esprit et d\u2019un caract\u00e8re divins.<\/em><\/p>\n<p><strong>L&#039;\u00e9quipe de facilitation de l&#039;exp\u00e9rience de leadership GCF s&#039;engage \u00e0 vous mettre en relation avec un conseiller GCF dont les responsabilit\u00e9s seront de\u00a0:<\/strong><\/p>\n<ul>\n<li>Priez r\u00e9guli\u00e8rement pour vous et pour la relation de mentorat.<\/li>\n<li>R\u00e9pondez rapidement \u00e0 toute question qui pourrait surgir au cours de votre interaction avec le participant que vous r\u00e9f\u00e9rez au conseiller.<\/li>\n<li>Vous apporter soutien et encouragement.<\/li>\n<li>Gardez les communications strictement confidentielles, sauf si vous autorisez l\u2019inclusion d\u2019autres personnes.<\/li>\n<\/ul>\n<p><strong>En acceptant cet engagement, vous, le mentor, vous engagez \u00e0\u00a0:<\/strong><\/p>\n<ul>\n<li>Soyez disponible pour rencontrer le participant pendant au moins une heure chaque mois pendant toute la dur\u00e9e du cours. Il est de la responsabilit\u00e9 du participant d&#039;organiser ces rencontres avec vous.<\/li>\n<li>Priez r\u00e9guli\u00e8rement pour le participant.<\/li>\n<li>Consid\u00e9rez les r\u00e9unions de mentorat comme strictement confidentielles.<\/li>\n<li>Informez votre conseiller GCF que le participant tient un registre r\u00e9gulier du processus de mentorat.<\/li>\n<li>Informer GCF de tout probl\u00e8me affectant la participation continue du participant au programme LE.<\/li>\n<li>Informez le conseiller du GCF si la relation de mentorat n&#039;est pas durable pour une raison quelconque.<\/li>\n<li>\u00c9valuez l\u2019exp\u00e9rience de mentorat en tant que mentor \u00e0 la fin du cours de leadership.<\/li>\n<\/ul>\n<h2>\n\t\t\tMentor&#8217;s Covenant Form\t<\/h2>\n\t<p><strong>Veuillez s\u00e9lectionner l&#039;\u00e9v\u00e9nement LE auquel vous participez. Votre formulaire sera ainsi transmis au bon endroit. Merci.<\/strong><\/p>\n\t<form action=\"https:\/\/gcfleadership.org\/fr\/wp-json\/ws-form\/v1\/submit\" class=\"wsf-form wsf-form-canvas\" id=\"ws-form-1\" data-id=\"8\" method=\"POST\" data-instance-id=\"1\" data-wsf-style-id=\"1\" data-trp-original-action=\"https:\/\/gcfleadership.org\/fr\/wp-json\/ws-form\/v1\/submit\"><input type=\"hidden\" name=\"trp-form-language\" value=\"fr\"\/><\/form>","protected":false},"excerpt":{"rendered":"<p>The Covenant between the GCF Leadership Experience Facilitation Team and the\u00a0Mentor Before signing this Covenant, please ensure that you have read, and that you are able to commit to the\u00a0requirements as outlined on the Information for Mentors. By agreeing to this Covenant, you are indicating agreement with the role of a Mentor as set out &#8230; <a title=\"Alliance du mentor\" class=\"read-more\" href=\"https:\/\/gcfleadership.org\/fr\/information-for\/mentors\/mentors-covenant\/\" aria-label=\"En savoir plus sur Mentor&#039;s Covenant\">Lire plus<\/a><\/p>","protected":false},"author":1,"featured_media":0,"parent":100,"menu_order":0,"comment_status":"closed","ping_status":"closed","template":"","meta":{"give_campaign_id":0,"_seopress_robots_primary_cat":"","_seopress_titles_title":"","_seopress_titles_desc":"","_seopress_robots_index":"","footnotes":""},"class_list":["post-106","page","type-page","status-publish"],"campaignId":"","_links":{"self":[{"href":"https:\/\/gcfleadership.org\/fr\/wp-json\/wp\/v2\/pages\/106","targetHints":{"allow":["GET"]}}],"collection":[{"href":"https:\/\/gcfleadership.org\/fr\/wp-json\/wp\/v2\/pages"}],"about":[{"href":"https:\/\/gcfleadership.org\/fr\/wp-json\/wp\/v2\/types\/page"}],"author":[{"embeddable":true,"href":"https:\/\/gcfleadership.org\/fr\/wp-json\/wp\/v2\/users\/1"}],"replies":[{"embeddable":true,"href":"https:\/\/gcfleadership.org\/fr\/wp-json\/wp\/v2\/comments?post=106"}],"version-history":[{"count":5,"href":"https:\/\/gcfleadership.org\/fr\/wp-json\/wp\/v2\/pages\/106\/revisions"}],"predecessor-version":[{"id":716,"href":"https:\/\/gcfleadership.org\/fr\/wp-json\/wp\/v2\/pages\/106\/revisions\/716"}],"up":[{"embeddable":true,"href":"https:\/\/gcfleadership.org\/fr\/wp-json\/wp\/v2\/pages\/100"}],"wp:attachment":[{"href":"https:\/\/gcfleadership.org\/fr\/wp-json\/wp\/v2\/media?parent=106"}],"curies":[{"name":"wp","href":"https:\/\/api.w.org\/{rel}","templated":true}]}}