{"id":120,"date":"2024-04-27T11:02:43","date_gmt":"2024-04-27T11:02:43","guid":{"rendered":"https:\/\/gcfle.perfectlydigital.dev\/?page_id=120"},"modified":"2026-01-13T14:00:07","modified_gmt":"2026-01-13T14:00:07","slug":"supervisors-covenant","status":"publish","type":"page","link":"https:\/\/gcfleadership.org\/fr\/information-for\/supervisors\/supervisors-covenant\/","title":{"rendered":"Alliance du superviseur"},"content":{"rendered":"<h2>\n\t\t\tL\u2019engagement entre l\u2019\u00e9quipe d\u2019animation du programme de leadership GCF et le superviseur\t<\/h2>\n\t<p>Avant de signer cet engagement, veuillez vous assurer que vous avez lu et que vous \u00eates en mesure de vous engager \u00e0 respecter les exigences d\u00e9crites dans le <a href=\"https:\/\/gcfleadership.org\/fr\/information-for\/supervisors\/\">Informations pour les superviseurs<\/a>.<\/p>\n<p>En acceptant cet engagement, vous indiquez votre accord avec le r\u00f4le de superviseur tel qu&#039;\u00e9nonc\u00e9 dans le Guide du superviseur\u00a0: <em>Le superviseur est la personne responsable qui s&#039;assure que le participant progresse et reste sur la bonne voie tout au long du programme d&#039;\u00e9tudes. C&#039;est un <\/em>encadrement<em> r\u00f4le, pas un r\u00f4le autoritaire<\/em>.<\/p>\n<p>L\u2019\u00e9quipe de facilitation de l\u2019exp\u00e9rience de leadership du GCF s\u2019engage \u00e0\u00a0:<\/p>\n<ul>\n<li>Priez r\u00e9guli\u00e8rement pour vous et pour la relation de supervision.<\/li>\n<li>Vous apporter soutien et encouragement.<\/li>\n<li>R\u00e9pondez rapidement \u00e0 toutes les questions qui pourraient surgir au cours de l&#039;interaction du superviseur avec le participant.<\/li>\n<li>Fournissez de courts formulaires de rapport et des formulaires d\u2019\u00e9valuation de projet aux moments appropri\u00e9s.<\/li>\n<li>Donner l\u2019approbation finale pour l\u2019attribution du certificat d\u2019exp\u00e9rience de leadership GCF.<\/li>\n<\/ul>\n<p>En acceptant cet engagement, vous, le superviseur, vous engagez \u00e0\u00a0:<\/p>\n<ul>\n<li>Rencontrez le participant une fois avant de venir au cours intensif d&#039;exp\u00e9rience de leadership dans le but d&#039;\u00e9tablir une relation et de discuter d&#039;id\u00e9es potentielles de projets minist\u00e9riels.<\/li>\n<li>Rencontrer r\u00e9guli\u00e8rement le participant apr\u00e8s le cours intensif pour suivre les progr\u00e8s r\u00e9alis\u00e9s dans les missions et les projets minist\u00e9riels. Il est de la responsabilit\u00e9 du Participant d&#039;initier les r\u00e9unions, en fixant une heure et un lieu mutuellement adapt\u00e9s, et de conserver un enregistrement des d\u00e9cisions et des mesures d&#039;action qui d\u00e9coulent de chaque r\u00e9union afin qu&#039;elles puissent \u00eatre examin\u00e9es lors des r\u00e9unions suivantes.<\/li>\n<li>Donnez du pouvoir et donnez des conseils plut\u00f4t que de r\u00e9soudre les probl\u00e8mes qui \u00e9mergent ou de sauver le participant.<\/li>\n<li>Donner des conseils sp\u00e9cifiques dans la planification et la mise en \u0153uvre du ou des projets minist\u00e9riels.<\/li>\n<li>Soumettre deux rapports au conseiller GCF sur les progr\u00e8s du participant. Un formulaire de rapport sera fourni. Le rapport final comprendra une \u00e9valuation du projet du minist\u00e8re<\/li>\n<\/ul>\n<h2>\n\t\t\tSupervisor&#8217;s Covenant Form\t<\/h2>\n\t<p><strong>Veuillez s\u00e9lectionner l&#039;\u00e9v\u00e9nement LE auquel vous participez. Votre formulaire sera ainsi transmis au bon endroit. Merci.<\/strong><\/p>\n\t<form action=\"https:\/\/gcfleadership.org\/fr\/wp-json\/ws-form\/v1\/submit\" class=\"wsf-form wsf-form-canvas\" id=\"ws-form-1\" data-id=\"9\" method=\"POST\" data-instance-id=\"1\" data-wsf-style-id=\"1\" data-trp-original-action=\"https:\/\/gcfleadership.org\/fr\/wp-json\/ws-form\/v1\/submit\"><input type=\"hidden\" name=\"trp-form-language\" value=\"fr\"\/><\/form>","protected":false},"excerpt":{"rendered":"<p>The Covenant between the GCF Leadership Experience Facilitation Team and the\u00a0Supervisor Before signing this Covenant, please ensure that you have read, and that you are able to commit to the\u00a0requirements as outlined on the Information for Supervisors. By agreeing to this Covenant, you are indicating agreement with the role of Supervisor as set out in &#8230; <a title=\"Alliance du superviseur\" class=\"read-more\" href=\"https:\/\/gcfleadership.org\/fr\/information-for\/supervisors\/supervisors-covenant\/\" aria-label=\"En savoir plus sur Supervisor&#039;s Covenant\">Lire plus<\/a><\/p>","protected":false},"author":1,"featured_media":0,"parent":101,"menu_order":0,"comment_status":"closed","ping_status":"closed","template":"","meta":{"give_campaign_id":0,"_seopress_robots_primary_cat":"","_seopress_titles_title":"","_seopress_titles_desc":"","_seopress_robots_index":"","footnotes":""},"class_list":["post-120","page","type-page","status-publish"],"campaignId":"","_links":{"self":[{"href":"https:\/\/gcfleadership.org\/fr\/wp-json\/wp\/v2\/pages\/120","targetHints":{"allow":["GET"]}}],"collection":[{"href":"https:\/\/gcfleadership.org\/fr\/wp-json\/wp\/v2\/pages"}],"about":[{"href":"https:\/\/gcfleadership.org\/fr\/wp-json\/wp\/v2\/types\/page"}],"author":[{"embeddable":true,"href":"https:\/\/gcfleadership.org\/fr\/wp-json\/wp\/v2\/users\/1"}],"replies":[{"embeddable":true,"href":"https:\/\/gcfleadership.org\/fr\/wp-json\/wp\/v2\/comments?post=120"}],"version-history":[{"count":4,"href":"https:\/\/gcfleadership.org\/fr\/wp-json\/wp\/v2\/pages\/120\/revisions"}],"predecessor-version":[{"id":717,"href":"https:\/\/gcfleadership.org\/fr\/wp-json\/wp\/v2\/pages\/120\/revisions\/717"}],"up":[{"embeddable":true,"href":"https:\/\/gcfleadership.org\/fr\/wp-json\/wp\/v2\/pages\/101"}],"wp:attachment":[{"href":"https:\/\/gcfleadership.org\/fr\/wp-json\/wp\/v2\/media?parent=120"}],"curies":[{"name":"wp","href":"https:\/\/api.w.org\/{rel}","templated":true}]}}