{"id":582,"date":"2025-12-17T16:23:20","date_gmt":"2025-12-17T16:23:20","guid":{"rendered":"https:\/\/gcfleadership.org\/?page_id=582"},"modified":"2026-03-21T11:29:11","modified_gmt":"2026-03-21T11:29:11","slug":"apply","status":"publish","type":"page","link":"https:\/\/gcfleadership.org\/fr\/albania-2026\/apply\/","title":{"rendered":"Appliquer"},"content":{"rendered":"<h1>\n\t\t\tTon application\t<\/h1>\n\t<p>Veuillez candidater au plus t\u00f4t. Le nombre de places est limit\u00e9. Les candidatures seront closes le 15 avril 2026, ou d\u00e8s que toutes les places seront pourvues.<\/p>\n<p>Veuillez noter ce qui suit\u00a0:<\/p>\n<ul>\n<li>Vous devez r\u00e9pondre \u00e0 chaque question. Les questions sans r\u00e9ponse disqualifieront votre candidature.<\/li>\n<li>Vous serez inform\u00e9 de la r\u00e9ception de votre candidature et du moment o\u00f9 elle aura \u00e9t\u00e9 approuv\u00e9e ou non.<\/li>\n<li>Le programme de leadership d\u00e9butera le 1er juillet 2026 et se terminera le 30 avril 2027.<\/li>\n<li>The intensive residential in Albania runs from 20th September &#8211; 17th October 2026.<\/li>\n<li>En faisant cette candidature, vous acceptez de vous impliquer dans tous les aspects du cours.<\/li>\n<\/ul>\n\t<form action=\"https:\/\/gcfleadership.org\/fr\/wp-json\/ws-form\/v1\/submit\" class=\"wsf-form wsf-form-canvas\" id=\"ws-form-1\" data-id=\"13\" method=\"POST\" data-instance-id=\"1\" data-wsf-style-id=\"1\" data-trp-original-action=\"https:\/\/gcfleadership.org\/fr\/wp-json\/ws-form\/v1\/submit\"><input type=\"hidden\" name=\"trp-form-language\" value=\"fr\"\/><\/form>","protected":false},"excerpt":{"rendered":"<p>Your application Please apply as early as possible. Places are limited. Applications close on 15th April 2026, or when places have been filled. Please note the following: You must answer every question. Unanswered questions will disqualify your application. You will be informed when your application has been received, and when it has been approved or &#8230; <a title=\"Appliquer\" class=\"read-more\" href=\"https:\/\/gcfleadership.org\/fr\/albania-2026\/apply\/\" aria-label=\"En savoir plus sur Apply\">Lire plus<\/a><\/p>","protected":false},"author":1,"featured_media":0,"parent":578,"menu_order":0,"comment_status":"closed","ping_status":"closed","template":"","meta":{"give_campaign_id":0,"_seopress_robots_primary_cat":"","_seopress_titles_title":"","_seopress_titles_desc":"","_seopress_robots_index":"","footnotes":""},"class_list":["post-582","page","type-page","status-publish"],"campaignId":"","_links":{"self":[{"href":"https:\/\/gcfleadership.org\/fr\/wp-json\/wp\/v2\/pages\/582","targetHints":{"allow":["GET"]}}],"collection":[{"href":"https:\/\/gcfleadership.org\/fr\/wp-json\/wp\/v2\/pages"}],"about":[{"href":"https:\/\/gcfleadership.org\/fr\/wp-json\/wp\/v2\/types\/page"}],"author":[{"embeddable":true,"href":"https:\/\/gcfleadership.org\/fr\/wp-json\/wp\/v2\/users\/1"}],"replies":[{"embeddable":true,"href":"https:\/\/gcfleadership.org\/fr\/wp-json\/wp\/v2\/comments?post=582"}],"version-history":[{"count":7,"href":"https:\/\/gcfleadership.org\/fr\/wp-json\/wp\/v2\/pages\/582\/revisions"}],"predecessor-version":[{"id":796,"href":"https:\/\/gcfleadership.org\/fr\/wp-json\/wp\/v2\/pages\/582\/revisions\/796"}],"up":[{"embeddable":true,"href":"https:\/\/gcfleadership.org\/fr\/wp-json\/wp\/v2\/pages\/578"}],"wp:attachment":[{"href":"https:\/\/gcfleadership.org\/fr\/wp-json\/wp\/v2\/media?parent=582"}],"curies":[{"name":"wp","href":"https:\/\/api.w.org\/{rel}","templated":true}]}}