{"id":586,"date":"2025-12-17T16:24:04","date_gmt":"2025-12-17T16:24:04","guid":{"rendered":"https:\/\/gcfleadership.org\/?page_id=586"},"modified":"2026-03-21T11:28:32","modified_gmt":"2026-03-21T11:28:32","slug":"information","status":"publish","type":"page","link":"https:\/\/gcfleadership.org\/fr\/albania-2026\/information\/","title":{"rendered":"Information"},"content":{"rendered":"<h2>\n\t\t\tD\u00e9velopper la prochaine g\u00e9n\u00e9ration de leaders du minist\u00e8re aupr\u00e8s des enfants\t<\/h2>\n<h3>\n\t\t\tUn programme d&#039;un an de d\u00e9veloppement du leadership qui change la vie des nouveaux leaders du minist\u00e8re aupr\u00e8s des enfants.\t<\/h3>\n\t<ul>\n<li>S&#039;engager dans une recherche d&#039;\u00e9coute communautaire<\/li>\n<li>Rejoignez une communaut\u00e9 d&#039;apprentissage pour une formation intensive de quatre semaines, de mi-septembre \u00e0 mi-octobre 2026.<\/li>\n<li>Cr\u00e9er un projet de minist\u00e8re innovant<\/li>\n<li>B\u00e9n\u00e9ficiez du soutien de mentors et de superviseurs<\/li>\n<li>Participer \u00e0 des forums en ligne<\/li>\n<\/ul>\n<figure itemscope itemtype=\"https:\/\/schema.org\/ImageObject\">\n\t\t\t\t<img decoding=\"async\" src=\"https:\/\/gcfleadership.org\/wp-content\/uploads\/2024\/12\/LE-1089-900.png\" alt=\"LE-1089 900\" height=\"900\" width=\"900\" title=\"LE-1089 900\" onerror=\"this.style.display='none'\" loading=\"lazy\" \/>\n\t<\/figure>\n<figure itemscope itemtype=\"https:\/\/schema.org\/ImageObject\">\n\t\t\t\t<img decoding=\"async\" src=\"https:\/\/gcfleadership.org\/wp-content\/uploads\/2025\/12\/albania-LE-900.jpg\" alt=\"albania LE 900\" height=\"900\" width=\"900\" title=\"Albanie LE 900\" onerror=\"this.style.display='none'\" loading=\"lazy\" \/>\n\t<\/figure>\n<h3>\n\t\t\tRelevez le d\u00e9fi en\u00a0:\t<\/h3>\n\t<ul>\n<li>Apprenez aupr\u00e8s de responsables s\u00e9lectionn\u00e9s parmi les principales \u00e9glises et organisations chr\u00e9tiennes ax\u00e9es sur l&#039;enfance en Europe et au-del\u00e0.<\/li>\n<li>Sont enseign\u00e9s par des animateurs experts exp\u00e9riment\u00e9s dans le minist\u00e8re aupr\u00e8s des enfants<\/li>\n<li>Explorez les th\u00e8mes des fondements bibliques, de la compr\u00e9hension du contexte d&#039;un enfant, de la formation de la foi et du leadership divin.<\/li>\n<li>Grandissez dans votre propre marche spirituelle personnelle<\/li>\n<li>Avoir le temps de se d\u00e9tendre et de r\u00e9fl\u00e9chir<\/li>\n<\/ul>\n<h3>\n\t\t\tPostulez si vous \u00eates :\t<\/h3>\n\t<ul>\n<li>Passionn\u00e9 d&#039;aider les enfants \u00e0 suivre J\u00e9sus<\/li>\n<li>Un leader qui forme d\u00e9j\u00e0 d&#039;autres au minist\u00e8re aupr\u00e8s des enfants<\/li>\n<li>Quelqu&#039;un qui travaille bien en \u00e9quipe<\/li>\n<li>Recommand\u00e9 par votre \u00e9glise ou organisation chr\u00e9tienne<\/li>\n<li>Motiv\u00e9 par la cr\u00e9ativit\u00e9, la communaut\u00e9 et le r\u00e9seautage<\/li>\n<li>Pr\u00eat \u00e0 ce que Dieu fasse passer votre minist\u00e8re au niveau sup\u00e9rieur<\/li>\n<\/ul>\n<figure itemscope itemtype=\"https:\/\/schema.org\/ImageObject\">\n\t\t\t\t<img decoding=\"async\" src=\"https:\/\/gcfleadership.org\/wp-content\/uploads\/2025\/12\/DSC_0232-800.jpg\" alt=\"DSC_0232 800\" height=\"800\" width=\"800\" title=\"DSC_0232 800\" onerror=\"this.style.display='none'\" loading=\"lazy\" \/>\n\t<\/figure>\n<figure itemscope itemtype=\"https:\/\/schema.org\/ImageObject\">\n\t\t\t\t<img decoding=\"async\" src=\"https:\/\/gcfleadership.org\/wp-content\/uploads\/2025\/12\/DSC_0231-900.jpg\" alt=\"DSC_0231 900\" height=\"900\" width=\"900\" title=\"DSC_0231 900\" onerror=\"this.style.display='none'\" loading=\"lazy\" \/>\n\t<\/figure>\n<h3>\n\t\t\tL\u2019exp\u00e9rience de leadership c\u2019est\u00a0:\t<\/h3>\n\t<ul>\n<li>Con\u00e7u et anim\u00e9 par le Forum mondial des enfants (<a href=\"https:\/\/gcf.community\" target=\"_blank\" rel=\"noopener\">https:\/\/gcf.community<\/a>), une collaboration d&#039;organisations chr\u00e9tiennes ax\u00e9es sur l&#039;enfance qui reconnaissent la n\u00e9cessit\u00e9 de former la prochaine g\u00e9n\u00e9ration de dirigeants au service de l&#039;\u00c9glise locale et mondiale.<\/li>\n<li>Approuv\u00e9 par le s\u00e9minaire Bethel, \u00c9tats-Unis (<a href=\"https:\/\/www.bethel.edu\/seminary\/\" target=\"_blank\" rel=\"noopener\">https:\/\/www.bethel.edu\/seminary\/<\/a>)<\/li>\n<li>Cr\u00e9atif, interactif, relationnel, travail acharn\u00e9 \u2013 et amusant !<\/li>\n<\/ul>\n<h3>\n\t\t\tPr\u00eat \u00e0 postuler ?\t<\/h3>\n\t<h4><strong>RENDEZ-VOUS<\/strong><\/h4>\n<p>Le programme Leadership Experience se d\u00e9roule du 15 juin 2026 au 30 avril 2027.<\/p>\n<p>Le programme r\u00e9sidentiel intensif en Albanie se d\u00e9roulera du 20 septembre au 17 octobre 2026.<\/p>\n<h4><strong>FRAIS<\/strong><\/h4>\n<p>Le co\u00fbt est de 1\u00a0800\u00a0\u20ac. Un acompte de 500\u00a0\u20ac est exigible avant le 15\u00a0juin\u00a02026 et le solde avant le 20\u00a0septembre\u00a02026. Ce co\u00fbt comprend les frais de scolarit\u00e9, l\u2019h\u00e9bergement et les repas. Il ne comprend pas les frais de voyage annexes, tels que les billets d\u2019avion, qui devront \u00eatre r\u00e9gl\u00e9s s\u00e9par\u00e9ment.<\/p>\n<h4><strong>CANDIDATURES OUVERTES<\/strong><\/h4>\n<p>D\u00e9posez votre candidature en ligne \u00e0 partir du 15 janvier 2026. Postuler <a href=\"https:\/\/gcfleadership.org\/fr\/albania-2026\/apply\/\">ici<\/a>.<\/p>\n<p>Des questions? S&#039;il vous pla\u00eet envoyer un courriel <a href=\"mailto:europe@gcfleadership.org\">europe@gcfleadership.org<\/a>.<\/p>\n<h4><strong>CLOSURE DES CANDIDATURES<\/strong><\/h4>\n<p>15 avril 2026<\/p>\n<figure itemscope itemtype=\"https:\/\/schema.org\/ImageObject\">\n\t\t\t\t<img decoding=\"async\" src=\"https:\/\/gcfleadership.org\/wp-content\/uploads\/2025\/12\/albania-swimming-pool-900.jpg\" alt=\"albania swimming pool 900\" height=\"900\" width=\"900\" title=\"Piscine albanaise 900\" onerror=\"this.style.display='none'\" loading=\"lazy\" \/>\n\t<\/figure>\n\t<a href=\"https:\/\/gcfleadership.org\/wp-content\/uploads\/2026\/01\/Leadership-Experience-EUROPE-Final-v2.pdf\" target=\"_self\" role=\"button\" aria-label=\"T\u00c9L\u00c9CHARGEZ CES INFORMATIONS SOUS FORME DE BROCHURE\">\n\t\t\t\t\t\tT\u00c9L\u00c9CHARGEZ CES INFORMATIONS SOUS FORME DE BROCHURE\n\t\t\t\t\t<\/a>","protected":false},"excerpt":{"rendered":"<p>Former la prochaine g\u00e9n\u00e9ration de responsables de minist\u00e8res aupr\u00e8s des enfants\u00a0: Un programme de d\u00e9veloppement du leadership transformateur d\u2019un an pour les responsables \u00e9mergents de minist\u00e8res aupr\u00e8s des enfants. Participez \u00e0 une recherche d\u2019\u00e9coute communautaire. Int\u00e9grez une communaut\u00e9 d\u2019apprentissage lors d\u2019une formation intensive de quatre semaines, de mi-septembre \u00e0 mi-octobre 2026. Cr\u00e9ez un projet de minist\u00e8re innovant. B\u00e9n\u00e9ficiez du soutien de mentors et de superviseurs. Participez \u00e0 des forums en ligne\u2026 <a title=\"Information\" class=\"read-more\" href=\"https:\/\/gcfleadership.org\/fr\/albania-2026\/information\/\" aria-label=\"En savoir plus sur Informations\">Lire plus<\/a><\/p>","protected":false},"author":1,"featured_media":0,"parent":578,"menu_order":0,"comment_status":"closed","ping_status":"closed","template":"","meta":{"give_campaign_id":0,"_seopress_robots_primary_cat":"","_seopress_titles_title":"","_seopress_titles_desc":"","_seopress_robots_index":"","footnotes":""},"class_list":["post-586","page","type-page","status-publish"],"campaignId":"","_links":{"self":[{"href":"https:\/\/gcfleadership.org\/fr\/wp-json\/wp\/v2\/pages\/586","targetHints":{"allow":["GET"]}}],"collection":[{"href":"https:\/\/gcfleadership.org\/fr\/wp-json\/wp\/v2\/pages"}],"about":[{"href":"https:\/\/gcfleadership.org\/fr\/wp-json\/wp\/v2\/types\/page"}],"author":[{"embeddable":true,"href":"https:\/\/gcfleadership.org\/fr\/wp-json\/wp\/v2\/users\/1"}],"replies":[{"embeddable":true,"href":"https:\/\/gcfleadership.org\/fr\/wp-json\/wp\/v2\/comments?post=586"}],"version-history":[{"count":11,"href":"https:\/\/gcfleadership.org\/fr\/wp-json\/wp\/v2\/pages\/586\/revisions"}],"predecessor-version":[{"id":795,"href":"https:\/\/gcfleadership.org\/fr\/wp-json\/wp\/v2\/pages\/586\/revisions\/795"}],"up":[{"embeddable":true,"href":"https:\/\/gcfleadership.org\/fr\/wp-json\/wp\/v2\/pages\/578"}],"wp:attachment":[{"href":"https:\/\/gcfleadership.org\/fr\/wp-json\/wp\/v2\/media?parent=586"}],"curies":[{"name":"wp","href":"https:\/\/api.w.org\/{rel}","templated":true}]}}