{"id":63,"date":"2022-11-28T16:16:45","date_gmt":"2022-11-28T16:16:45","guid":{"rendered":"https:\/\/generate.perfectlydigital.dev\/?page_id=63"},"modified":"2026-04-04T08:42:56","modified_gmt":"2026-04-04T08:42:56","slug":"home","status":"publish","type":"page","link":"https:\/\/gcfleadership.org\/fr\/","title":{"rendered":"Maison"},"content":{"rendered":"<h4>\n\t\t\tLes inscriptions pour LE Europe sont d\u00e9sormais ouvertes.\t<\/h4>\n\t<a href=\"https:\/\/gcfleadership.org\/fr\/albania-2026\/information\/\" target=\"_self\" role=\"button\" aria-label=\"EN SAVOIR PLUS\">\n\t\t\t\t\t\tEN SAVOIR PLUS\n\t\t\t\t\t<\/a>\n\t<a href=\"https:\/\/gcfleadership.org\/fr\/albania-2026\/apply\/\" target=\"_self\" role=\"button\" aria-label=\"D\u00c9MARREZ VOTRE CANDIDATURE\">\n\t\t\t\t\t\tD\u00c9MARREZ VOTRE CANDIDATURE\n\t\t\t\t\t<\/a>\n<h2>\n\t\t\tUn programme d&#039;un an de d\u00e9veloppement du leadership qui change la vie des nouveaux leaders du minist\u00e8re aupr\u00e8s des enfants.\t<\/h2>\n\t<iframe allowfullscreen allow=\"autoplay\" data-src=\"https:\/\/www.youtube-nocookie.com\/embed\/EisF9jfIhJw?feature=oembed&amp;start&amp;end&amp;wmode=opaque&amp;loop=0&amp;controls=1&amp;mute=0&amp;rel=0&amp;modestbranding=1\"><\/iframe>\t\t\n\t\t\t\t\tLire la vid\u00e9o\n\t<iframe allowfullscreen allow=\"autoplay\" data-src=\"https:\/\/www.youtube-nocookie.com\/embed\/GGKEl26z4Xw?feature=oembed&amp;start&amp;end&amp;wmode=opaque&amp;loop=0&amp;controls=1&amp;mute=0&amp;rel=0&amp;modestbranding=1\"><\/iframe>\t\t\n\t\t\t\t\tLire la vid\u00e9o\n<h2>\n\t\t\tUne opportunit\u00e9 pour les dirigeants d\u2019apprendre avec d\u2019autres leaders \u00e9mergents du monde entier.\t<\/h2>\n<h3>\n\t\t\tLes prochaines exp\u00e9riences de leadership d\u00e9buteront en juin 2026.\t<\/h3>\n\t<p>Nous organisons deux exp\u00e9riences de leadership en 2026\u00a0: <strong>LE Europe<\/strong> et <strong>LE Afrique de l&#039;Ouest<\/strong>.<\/p>\n<p>Les sessions en ligne pour les deux cours se d\u00e9rouleront de juin 2026 \u00e0 avril\/mai 2027. Les deux programmes de leadership comprennent un s\u00e9jour r\u00e9sidentiel intensif de quatre semaines.<\/p>\n<p>The LE Europe Residential will be held in Albania from 20 September &#8211; 17 October 2026.<\/p>\n<p>The LE West Africa Residential will be held in Togo from 9th August &#8211; 5th September 2026.<\/p>\n<p>Veuillez consulter les liens ci-dessous pour conna\u00eetre les dates et obtenir plus de d\u00e9tails sur chaque exp\u00e9rience de leadership.<\/p>\n<h2>\n\t\t\tLE Europe\t<\/h2>\n\t<a href=\"https:\/\/gcfleadership.org\/fr\/albania-2026\/information\/\" target=\"_self\" role=\"button\" aria-label=\"INFORMATIONS (LE Europe)\">\n\t\t\t\t\t\tINFORMATIONS (LE Europe)\n\t\t\t\t\t<\/a>\n\t<a href=\"https:\/\/gcfleadership.org\/fr\/albania-2026\/timetable\/\" target=\"_self\" role=\"button\" aria-label=\"HORAIRES (LE Europe)\">\n\t\t\t\t\t\tHORAIRES (LE Europe)\n\t\t\t\t\t<\/a>\n\t<a href=\"https:\/\/gcfleadership.org\/fr\/albania-2026\/apply\/\" target=\"_self\" role=\"button\" aria-label=\"POSTULER (LE Europe)\">\n\t\t\t\t\t\tPOSTULER (LE Europe)\n\t\t\t\t\t<\/a>\n<h2>\n\t\t\tLE Afrique de l&#039;Ouest\t<\/h2>\n\t<p>Les inscriptions pour LE Afrique de l&#039;Ouest sont d\u00e9sormais closes.<\/p>\n\t<a href=\"https:\/\/gcfleadership.org\/fr\/west-africa-2026\/information\/\" target=\"_self\" role=\"button\" aria-label=\"INFORMATIONS (LE Afrique de l&#039;Ouest)\">\n\t\t\t\t\t\tINFORMATIONS (LE Afrique de l&#039;Ouest)\n\t\t\t\t\t<\/a>\n\t<a href=\"https:\/\/gcfleadership.org\/fr\/west-africa-2026\/timetable\/\" target=\"_self\" role=\"button\" aria-label=\"HORAIRE (LE Afrique de l&#039;Ouest)\">\n\t\t\t\t\t\tHORAIRE (LE Afrique de l&#039;Ouest)\n\t\t\t\t\t<\/a>\n\t\t\t\t<p>Apprendre non seulement des animateurs mais aussi des autres participants a \u00e9t\u00e9 tr\u00e8s r\u00e9v\u00e9lateur et une immense b\u00e9n\u00e9diction pour moi\u00a0! Oui, nous avons obtenu beaucoup de nouvelles informations \u2013 MAIS ce n&#039;est pas la principale chose qui m&#039;a chang\u00e9. Ce qui m\u2019a vraiment marqu\u00e9, ce sont les relations avec les personnes rencontr\u00e9es et les exp\u00e9riences que nous avons partag\u00e9es. Dieu a chang\u00e9 mon c\u0153ur \u00e0 propos du minist\u00e8re aupr\u00e8s des enfants.<\/p>\n\t<p>Pour votre \u00e9glise ou organisation, c&#039;est une opportunit\u00e9 unique d&#039;investir dans les dirigeants du minist\u00e8re aupr\u00e8s de vos enfants afin qu&#039;ils deviennent des personnes capables d&#039;influencer et de transformer nos communaut\u00e9s pour le bien des enfants.<\/p>\n<figure itemscope itemtype=\"https:\/\/schema.org\/ImageObject\">\n\t\t\t\t<img decoding=\"async\" src=\"https:\/\/gcfleadership.org\/wp-content\/uploads\/2024\/04\/Depositphotos_53329263_XL-square-ai-900.jpg\" alt=\"\" height=\"900\" width=\"900\" onerror=\"this.style.display='none'\" loading=\"lazy\" \/>\n\t<\/figure>\n\t\t\t\t<p>Exp\u00e9rimenter une attitude v\u00e9ritablement \u00ab orient\u00e9e vers le Royaume \u00bb. Au-del\u00e0 d&#039;une th\u00e9orie, en faire l&#039;exp\u00e9rience avec Sa v\u00e9rit\u00e9, son amour et son Esprit m&#039;a donn\u00e9 un beau avant-go\u00fbt. Aujourd\u2019hui, je sais qu\u2019il est possible de travailler pleinement pour le Royaume.<\/p>\n<h3>\n\t\t\tNous vous encourageons \u00e0 postuler pour l\u2019exp\u00e9rience de leadership GCF si\u00a0:\t<\/h3>\n\t<ul>\n<li>Vous \u00eates un \u00e9ducateur exp\u00e9riment\u00e9 depuis au moins cinq ans et formez d\u00e9j\u00e0 d&#039;autres personnes.<\/li>\n<li>D&#039;autres reconnaissent vos capacit\u00e9s de leadership dans le minist\u00e8re aupr\u00e8s des enfants<\/li>\n<li>Vous travaillez bien en \u00e9quipe<\/li>\n<li>Vous avez probablement entre 20 et 45 ans<\/li>\n<li>Votre \u00e9glise ou organisation chr\u00e9tienne vous recommande pour LE<\/li>\n<li>Vous vous engagez \u00e0 compl\u00e9ter la recherche communautaire LE avant de participer \u00e0 la formation intensive r\u00e9sidentielle.<\/li>\n<li>Vous pourrez participer au programme r\u00e9sidentiel intensif LE en 2026.<\/li>\n<li>Vous vous engagez \u00e0 remplir chaque <a href=\"https:\/\/gcfleadership.org\/fr\/information-for\/participants\/\">Exigence LE<\/a>.<\/li>\n<\/ul>\n\t\t\t\t<p>Je suis repens\u00e9, inspir\u00e9 et mis au d\u00e9fi avec une vision plus holistique et globale du minist\u00e8re aupr\u00e8s des enfants et du leadership.<\/p>\n<h3>\n\t\t\tSur un an, les participants LE s&#039;engagent \u00e0\u00a0:\t<\/h3>\n\t<ul>\n<li>Entreprendre des recherches communautaires guid\u00e9es aupr\u00e8s des enfants et des dirigeants<\/li>\n<li>Participez au cours r\u00e9sidentiel en Albanie ax\u00e9 sur les fondements bibliques du minist\u00e8re holistique aupr\u00e8s des enfants, la compr\u00e9hension du contexte des enfants, le discipulat transformationnel et le leadership du Royaume.<\/li>\n<li>Interagissez les uns avec les autres sur les forums en ligne<\/li>\n<li>Rencontrer r\u00e9guli\u00e8rement les mentors et les superviseurs<\/li>\n<li>R\u00e9alisez un projet de minist\u00e8re qui introduit l&#039;apprentissage LE dans votre minist\u00e8re<\/li>\n<\/ul>\n<figure itemscope itemtype=\"https:\/\/schema.org\/ImageObject\">\n\t\t\t\t<img decoding=\"async\" src=\"https:\/\/gcfleadership.org\/wp-content\/uploads\/2024\/04\/Depositphotos_233538108_XL-900.jpg\" alt=\"\" height=\"900\" width=\"900\" onerror=\"this.style.display='none'\" loading=\"lazy\" \/>\n\t<\/figure>\n\t<a href=\"https:\/\/gcfleadership.org\/fr\/albania-2026\/apply\/\" target=\"_self\" role=\"button\" aria-label=\"D\u00c9POSEZ VOTRE CANDIDATURE D\u00c8S MAINTENANT (LE Europe)\">\n\t\t\t\t\t\tD\u00c9POSEZ VOTRE CANDIDATURE D\u00c8S MAINTENANT (LE Europe)\n\t\t\t\t\t<\/a>\n<figure itemscope itemtype=\"https:\/\/schema.org\/ImageObject\">\n\t\t\t\t<img decoding=\"async\" src=\"https:\/\/gcfleadership.org\/wp-content\/uploads\/2024\/04\/Depositphotos_387102014_XL-sq-900.jpg\" alt=\"\" height=\"900\" width=\"900\" onerror=\"this.style.display='none'\" loading=\"lazy\" \/>\n\t<\/figure>","protected":false},"excerpt":{"rendered":"<p>Registrations are now open for LE Europe. FIND OUT MORE START YOUR APPLICATION A one-year life-changing leadership development program for emerging children&#8217;s ministry leaders. Play Video Play Video An opportunity for leaders to learn together with other emerging leaders from around the globe. The next Leadership Experiences begin in June 2026 We are running two &#8230; <a title=\"Maison\" class=\"read-more\" href=\"https:\/\/gcfleadership.org\/fr\/\" aria-label=\"En savoir plus sur Home\">Lire plus<\/a><\/p>","protected":false},"author":1,"featured_media":0,"parent":0,"menu_order":0,"comment_status":"closed","ping_status":"closed","template":"","meta":{"give_campaign_id":0,"_seopress_robots_primary_cat":"","_seopress_titles_title":"GCF Leadership Experience | Leadership Development Program","_seopress_titles_desc":"A one-year life-changing leadership development program for emerging children\u2019s ministry leaders","_seopress_robots_index":"","footnotes":""},"class_list":["post-63","page","type-page","status-publish"],"campaignId":"","_links":{"self":[{"href":"https:\/\/gcfleadership.org\/fr\/wp-json\/wp\/v2\/pages\/63","targetHints":{"allow":["GET"]}}],"collection":[{"href":"https:\/\/gcfleadership.org\/fr\/wp-json\/wp\/v2\/pages"}],"about":[{"href":"https:\/\/gcfleadership.org\/fr\/wp-json\/wp\/v2\/types\/page"}],"author":[{"embeddable":true,"href":"https:\/\/gcfleadership.org\/fr\/wp-json\/wp\/v2\/users\/1"}],"replies":[{"embeddable":true,"href":"https:\/\/gcfleadership.org\/fr\/wp-json\/wp\/v2\/comments?post=63"}],"version-history":[{"count":11,"href":"https:\/\/gcfleadership.org\/fr\/wp-json\/wp\/v2\/pages\/63\/revisions"}],"predecessor-version":[{"id":801,"href":"https:\/\/gcfleadership.org\/fr\/wp-json\/wp\/v2\/pages\/63\/revisions\/801"}],"wp:attachment":[{"href":"https:\/\/gcfleadership.org\/fr\/wp-json\/wp\/v2\/media?parent=63"}],"curies":[{"name":"wp","href":"https:\/\/api.w.org\/{rel}","templated":true}]}}