{"id":677,"date":"2026-01-09T18:18:29","date_gmt":"2026-01-09T18:18:29","guid":{"rendered":"https:\/\/gcfleadership.org\/?page_id=677"},"modified":"2026-04-04T08:44:39","modified_gmt":"2026-04-04T08:44:39","slug":"information","status":"publish","type":"page","link":"https:\/\/gcfleadership.org\/fr\/west-africa-2026\/information\/","title":{"rendered":"Information"},"content":{"rendered":"<h2>\n\t\t\tD\u00e9velopper la prochaine g\u00e9n\u00e9ration de leaders du minist\u00e8re aupr\u00e8s des enfants\t<\/h2>\n<h3>\n\t\t\tUn programme d&#039;un an de d\u00e9veloppement du leadership qui change la vie des nouveaux leaders du minist\u00e8re aupr\u00e8s des enfants.\t<\/h3>\n\t<ul>\n<li>S&#039;engager dans une recherche d&#039;\u00e9coute communautaire<\/li>\n<li>Rejoignez une communaut\u00e9 d&#039;apprentissage pour une formation intensive de quatre semaines, du 9 ao\u00fbt au 5 septembre 2026.<\/li>\n<li>Cr\u00e9er un projet de minist\u00e8re innovant<\/li>\n<li>B\u00e9n\u00e9ficiez du soutien de mentors et de superviseurs<\/li>\n<li>Participer \u00e0 des forums en ligne<\/li>\n<\/ul>\n<figure itemscope itemtype=\"https:\/\/schema.org\/ImageObject\">\n\t\t\t\t<img decoding=\"async\" src=\"https:\/\/gcfleadership.org\/wp-content\/uploads\/2026\/01\/WhatsApp-Image-2026-01-05-at-06.29.15.jpg\" alt=\"WhatsApp Image 2026-01-05 at 06.29.15\" height=\"900\" width=\"900\" title=\"Image WhatsApp du 05\/01\/2026 \u00e0 06:29:15\" onerror=\"this.style.display='none'\" loading=\"lazy\" \/>\n\t<\/figure>\n<figure itemscope itemtype=\"https:\/\/schema.org\/ImageObject\">\n\t\t\t\t<img decoding=\"async\" src=\"https:\/\/gcfleadership.org\/wp-content\/uploads\/2026\/01\/IMG_20180301_155929.jpg\" alt=\"IMG_20180301_155929\" height=\"900\" width=\"900\" title=\"IMG_20180301_155929\" onerror=\"this.style.display='none'\" loading=\"lazy\" \/>\n\t<\/figure>\n<h3>\n\t\t\tRelevez le d\u00e9fi en\u00a0:\t<\/h3>\n\t<ul>\n<li>Apprenez aupr\u00e8s de leaders s\u00e9lectionn\u00e9s parmi les principales \u00e9glises et organisations chr\u00e9tiennes ax\u00e9es sur l&#039;enfance en Afrique et au-del\u00e0.<\/li>\n<li>Sont enseign\u00e9s par des animateurs experts exp\u00e9riment\u00e9s dans le minist\u00e8re aupr\u00e8s des enfants<\/li>\n<li>Explorez les th\u00e8mes des fondements bibliques, de la compr\u00e9hension du contexte d&#039;un enfant, de la formation de la foi et du leadership divin.<\/li>\n<li>Grandissez dans votre propre marche spirituelle personnelle<\/li>\n<li>Avoir le temps de se d\u00e9tendre et de r\u00e9fl\u00e9chir<\/li>\n<\/ul>\n<h3>\n\t\t\tPostulez si vous \u00eates :\t<\/h3>\n\t<ul>\n<li>Passionn\u00e9 d&#039;aider les enfants \u00e0 suivre J\u00e9sus<\/li>\n<li>Un leader qui forme d\u00e9j\u00e0 d&#039;autres au minist\u00e8re aupr\u00e8s des enfants<\/li>\n<li>Quelqu&#039;un qui travaille bien en \u00e9quipe<\/li>\n<li>Recommand\u00e9 par votre \u00e9glise ou organisation chr\u00e9tienne<\/li>\n<li>Motiv\u00e9 par la cr\u00e9ativit\u00e9, la communaut\u00e9 et le r\u00e9seautage<\/li>\n<li>Pr\u00eat \u00e0 ce que Dieu fasse passer votre minist\u00e8re au niveau sup\u00e9rieur<\/li>\n<\/ul>\n<figure itemscope itemtype=\"https:\/\/schema.org\/ImageObject\">\n\t\t\t\t<img decoding=\"async\" src=\"https:\/\/gcfleadership.org\/wp-content\/uploads\/2026\/01\/WhatsApp-Image-2026-01-05-at-06.29.12.jpg\" alt=\"WhatsApp Image 2026-01-05 at 06.29.12\" height=\"900\" width=\"900\" title=\"Image WhatsApp du 05\/01\/2026 \u00e0 06:29:12\" onerror=\"this.style.display='none'\" loading=\"lazy\" \/>\n\t<\/figure>\n<figure itemscope itemtype=\"https:\/\/schema.org\/ImageObject\">\n\t\t\t\t<img decoding=\"async\" src=\"https:\/\/gcfleadership.org\/wp-content\/uploads\/2025\/12\/DSC_0231-900.jpg\" alt=\"DSC_0231 900\" height=\"900\" width=\"900\" title=\"DSC_0231 900\" onerror=\"this.style.display='none'\" loading=\"lazy\" \/>\n\t<\/figure>\n<h3>\n\t\t\tL\u2019exp\u00e9rience de leadership c\u2019est\u00a0:\t<\/h3>\n\t<ul>\n<li>Con\u00e7u et anim\u00e9 par le Forum mondial des enfants (<a href=\"https:\/\/gcf.community\" target=\"_blank\" rel=\"noopener\">https:\/\/gcf.community<\/a>), une collaboration d&#039;organisations chr\u00e9tiennes ax\u00e9es sur l&#039;enfance qui reconnaissent la n\u00e9cessit\u00e9 de former la prochaine g\u00e9n\u00e9ration de dirigeants au service de l&#039;\u00c9glise locale et mondiale.<\/li>\n<li>Approuv\u00e9 par l&#039;Universit\u00e9 presbyt\u00e9rienne d&#039;Afrique de l&#039;Est (PUEA) (<a href=\"https:\/\/puea.ac.ke\/\" target=\"_blank\" rel=\"noopener\">https:\/\/puea.ac.ke\/<\/a>)<\/li>\n<li>Cr\u00e9atif, interactif, relationnel, travail acharn\u00e9 \u2013 et amusant !<\/li>\n<\/ul>\n\t<a href=\"https:\/\/gcfleadership.org\/wp-content\/uploads\/2026\/02\/LE-West-Africa-Flyer.pdf\" target=\"_self\" role=\"button\" aria-label=\"T\u00c9L\u00c9CHARGEZ CES INFORMATIONS SOUS FORME DE BROCHURE\">\n\t\t\t\t\t\tT\u00c9L\u00c9CHARGEZ CES INFORMATIONS SOUS FORME DE BROCHURE\n\t\t\t\t\t<\/a>","protected":false},"excerpt":{"rendered":"<p>Developing the next generation of children&#8217;s ministry leaders A one-year life-changing leadership development program for emerging children&#8217;s ministry leaders Engage in a community listening research Join a learning community in a four-week intensive from 9th August to 5th September 2026 Create an innovative Ministry Project Enjoy support from mentors and supervisors Participate in online forums &#8230; <a title=\"Information\" class=\"read-more\" href=\"https:\/\/gcfleadership.org\/fr\/west-africa-2026\/information\/\" aria-label=\"En savoir plus sur Informations\">Lire plus<\/a><\/p>","protected":false},"author":1,"featured_media":0,"parent":659,"menu_order":0,"comment_status":"closed","ping_status":"closed","template":"","meta":{"give_campaign_id":0,"_seopress_robots_primary_cat":"","_seopress_titles_title":"","_seopress_titles_desc":"","_seopress_robots_index":"","footnotes":""},"class_list":["post-677","page","type-page","status-publish"],"campaignId":"","_links":{"self":[{"href":"https:\/\/gcfleadership.org\/fr\/wp-json\/wp\/v2\/pages\/677","targetHints":{"allow":["GET"]}}],"collection":[{"href":"https:\/\/gcfleadership.org\/fr\/wp-json\/wp\/v2\/pages"}],"about":[{"href":"https:\/\/gcfleadership.org\/fr\/wp-json\/wp\/v2\/types\/page"}],"author":[{"embeddable":true,"href":"https:\/\/gcfleadership.org\/fr\/wp-json\/wp\/v2\/users\/1"}],"replies":[{"embeddable":true,"href":"https:\/\/gcfleadership.org\/fr\/wp-json\/wp\/v2\/comments?post=677"}],"version-history":[{"count":11,"href":"https:\/\/gcfleadership.org\/fr\/wp-json\/wp\/v2\/pages\/677\/revisions"}],"predecessor-version":[{"id":802,"href":"https:\/\/gcfleadership.org\/fr\/wp-json\/wp\/v2\/pages\/677\/revisions\/802"}],"up":[{"embeddable":true,"href":"https:\/\/gcfleadership.org\/fr\/wp-json\/wp\/v2\/pages\/659"}],"wp:attachment":[{"href":"https:\/\/gcfleadership.org\/fr\/wp-json\/wp\/v2\/media?parent=677"}],"curies":[{"name":"wp","href":"https:\/\/api.w.org\/{rel}","templated":true}]}}