{"id":84,"date":"2024-04-27T10:56:33","date_gmt":"2024-04-27T10:56:33","guid":{"rendered":"https:\/\/gcfle.perfectlydigital.dev\/?page_id=84"},"modified":"2024-04-28T17:49:16","modified_gmt":"2024-04-28T17:49:16","slug":"about-the-course","status":"publish","type":"page","link":"https:\/\/gcfleadership.org\/fr\/about-the-course\/","title":{"rendered":"\u00c0 propos du cours"},"content":{"rendered":"<p>L&#039;exp\u00e9rience de leadership GCF est un cours unique d&#039;un an con\u00e7u pour d\u00e9velopper des leaders chr\u00e9tiens du minist\u00e8re aupr\u00e8s des enfants et offre aux leaders l&#039;opportunit\u00e9 d&#039;apprendre avec d&#039;autres leaders \u00e9mergents du monde entier. Les participants viendront du monde entier et rejoindront l&#039;exp\u00e9rience de leadership tout en restant dans leur propre \u00e9glise ou organisation.<\/p>\n<p>L&#039;exp\u00e9rience de leadership r\u00e9pond \u00e0 un besoin exprim\u00e9 par un large \u00e9ventail d&#039;\u00e9glises et d&#039;organisations qui souhaitent d\u00e9velopper leurs principaux dirigeants mais reconnaissent qu&#039;elles n&#039;ont pas la capacit\u00e9 de le faire par elles-m\u00eames.<\/p>\n<p>L&#039;exp\u00e9rience de leadership se concentre sur les domaines qui font une diff\u00e9rence positive dans leur compr\u00e9hension et leur pratique du minist\u00e8re aupr\u00e8s des enfants ainsi que dans leur caract\u00e8re et leurs comp\u00e9tences en leadership.<\/p>\n<p>L&#039;exp\u00e9rience de leadership comprend du mentorat, des discussions en ligne, des r\u00e9flexions bibliques, des recherches communautaires et des programmes de formation intensive en r\u00e9sidence o\u00f9 les participants apprennent les uns des autres et aupr\u00e8s d&#039;animateurs exp\u00e9riment\u00e9s. Cette exp\u00e9rience r\u00e9sidentielle mettra les participants au d\u00e9fi de\u00a0:<\/p>\n<ul>\n<li>Explorez la mission de J\u00e9sus de &#039;<strong>faire des disciples<\/strong>&quot; des enfants dans un monde o\u00f9 la diversit\u00e9 des origines religieuses, des exp\u00e9riences familiales, de la s\u00e9curit\u00e9 et de l&#039;acc\u00e8s \u00e0 la technologie et \u00e0 l&#039;\u00e9ducation cr\u00e9e d&#039;\u00e9normes d\u00e9fis.<\/li>\n<li>D\u00e9couvrir\u00a0<strong>ce que Dieu accomplit<\/strong>\u00a0\u00e0 travers et au nom des enfants du monde entier<\/li>\n<li>Vivez l&#039;exp\u00e9rience\u00a0<strong>la richesse de travailler aux c\u00f4t\u00e9s<\/strong>\u00a0dirigeants du minist\u00e8re des enfants du monde entier<\/li>\n<li><strong>Partagez des mod\u00e8les efficaces et passionnants<\/strong>\u00a0du minist\u00e8re holistique aupr\u00e8s des enfants<\/li>\n<li>Aiguiser les comp\u00e9tences et les strat\u00e9gies\u00a0<strong>leadership d\u2019\u00e9quipe, plaidoyer et collaboration<\/strong><\/li>\n<li>R\u00e9fl\u00e9chissez \u00e0 ce que signifie personnellement \u00eatre un\u00a0<strong>disciple-leader dans le royaume de Dieu<\/strong><\/li>\n<li>Rejoignez un\u00a0<strong>cohorte croissante de personnes<\/strong>\u00a0travailler ensemble dans le monde entier pour que chaque enfant ait la possibilit\u00e9 d&#039;aimer et de suivre J\u00e9sus<\/li>\n<\/ul>\n<p>L&#039;objectif de l&#039;exp\u00e9rience de leadership est de servir l&#039;\u00e9glise locale et mondiale en aidant \u00e0 d\u00e9velopper un cadre de praticiens exp\u00e9riment\u00e9s et passionn\u00e9s aupr\u00e8s des enfants \u00e0 travers le monde qui\u00a0:<\/p>\n<ul>\n<li>sont \u00e9quip\u00e9s pour influencer le changement dans l\u2019int\u00e9r\u00eat des enfants et<\/li>\n<li>faites-le d\u2019une mani\u00e8re qui refl\u00e8te les valeurs du Royaume de confiance, de service, de transparence et de g\u00e9n\u00e9rosit\u00e9.<\/li>\n<\/ul>\n<p>Pour votre \u00e9glise ou organisation, c&#039;est une opportunit\u00e9 unique d&#039;investir dans les dirigeants du minist\u00e8re aupr\u00e8s de vos enfants afin qu&#039;ils deviennent des personnes capables d&#039;influencer et de transformer nos communaut\u00e9s pour le bien des enfants.<\/p>","protected":false},"excerpt":{"rendered":"<p>L&#039;exp\u00e9rience de leadership GCF est un cours unique d&#039;un an con\u00e7u pour d\u00e9velopper des leaders chr\u00e9tiens du minist\u00e8re aupr\u00e8s des enfants et offre aux leaders l&#039;opportunit\u00e9 d&#039;apprendre avec d&#039;autres leaders \u00e9mergents du monde entier. Les participants viendront du monde entier et rejoindront l&#039;exp\u00e9rience de leadership tout en restant avec leur\u2026 <a title=\"\u00c0 propos du cours\" class=\"read-more\" href=\"https:\/\/gcfleadership.org\/fr\/about-the-course\/\" aria-label=\"En savoir plus sur A propos du cours\">Lire plus<\/a><\/p>","protected":false},"author":1,"featured_media":0,"parent":0,"menu_order":0,"comment_status":"closed","ping_status":"closed","template":"","meta":{"give_campaign_id":0,"_seopress_robots_primary_cat":"","_seopress_titles_title":"","_seopress_titles_desc":"","_seopress_robots_index":"","footnotes":""},"class_list":["post-84","page","type-page","status-publish"],"campaignId":"","_links":{"self":[{"href":"https:\/\/gcfleadership.org\/fr\/wp-json\/wp\/v2\/pages\/84","targetHints":{"allow":["GET"]}}],"collection":[{"href":"https:\/\/gcfleadership.org\/fr\/wp-json\/wp\/v2\/pages"}],"about":[{"href":"https:\/\/gcfleadership.org\/fr\/wp-json\/wp\/v2\/types\/page"}],"author":[{"embeddable":true,"href":"https:\/\/gcfleadership.org\/fr\/wp-json\/wp\/v2\/users\/1"}],"replies":[{"embeddable":true,"href":"https:\/\/gcfleadership.org\/fr\/wp-json\/wp\/v2\/comments?post=84"}],"version-history":[{"count":3,"href":"https:\/\/gcfleadership.org\/fr\/wp-json\/wp\/v2\/pages\/84\/revisions"}],"predecessor-version":[{"id":325,"href":"https:\/\/gcfleadership.org\/fr\/wp-json\/wp\/v2\/pages\/84\/revisions\/325"}],"wp:attachment":[{"href":"https:\/\/gcfleadership.org\/fr\/wp-json\/wp\/v2\/media?parent=84"}],"curies":[{"name":"wp","href":"https:\/\/api.w.org\/{rel}","templated":true}]}}