{"id":86,"date":"2024-04-27T10:56:57","date_gmt":"2024-04-27T10:56:57","guid":{"rendered":"https:\/\/gcfle.perfectlydigital.dev\/?page_id=86"},"modified":"2024-04-29T16:57:39","modified_gmt":"2024-04-29T16:57:39","slug":"about-gcf","status":"publish","type":"page","link":"https:\/\/gcfleadership.org\/fr\/about-gcf\/","title":{"rendered":"\u00c0 propos du GCF"},"content":{"rendered":"<p>Le Forum mondial des enfants (<a href=\"https:\/\/gcf.community\/\" target=\"_blank\" rel=\"noopener\">https:\/\/gcf.community\/<\/a>) est une communaut\u00e9 collaborative mondiale d\u2019\u00e9glises, de minist\u00e8res et d\u2019organisations fond\u00e9e sur des relations de confiance. Nous d\u00e9sirons que chaque enfant ait l\u2019opportunit\u00e9 de rencontrer et de suivre J\u00e9sus et d\u2019\u00eatre nourri dans l\u2019amour de Dieu pour \u00eatre tout ce qu\u2019Il veut qu\u2019il soit.<\/p>\n<p>GCF estime que la vie des enfants est fa\u00e7onn\u00e9e par la famille, les m\u00e9dias, l&#039;\u00e9glise, l&#039;\u00e9cole et toute une gamme d&#039;autres organisations. GCF cherche \u00e0 \u00eatre un mouvement altruiste qui sert discr\u00e8tement chacun d\u2019eux d\u2019une mani\u00e8re qui les aide dans leur r\u00f4le de protection des enfants et les aide \u00e0 identifier, fa\u00e7onner et lib\u00e9rer le potentiel que Dieu leur a donn\u00e9.<\/p>\n<p>GCF estime que la collaboration est la cl\u00e9 pour atteindre et faire des enfants des disciples du monde entier. En travaillant seuls, nous ne faisons qu\u2019effleurer ce d\u00e9fi. \u00c0 cette fin, plusieurs projets sont d\u00e9velopp\u00e9s via GCF pour servir l\u2019\u00e9glise locale. Ces projets comprennent :<\/p>\n<ul>\n<li>Exp\u00e9rience de leadership du GCF<\/li>\n<li>Une approche radicale pour aider les enfants \u00e0 d\u00e9couvrir J\u00e9sus<\/li>\n<li>Fort plaidoyer en faveur des enfants au sein des \u00e9glises et des r\u00e9seaux mondiaux<\/li>\n<li>Un forum pour rassembler les personnes travaillant aupr\u00e8s des enfants \u00e0 risque<\/li>\n<li>Articles pour encourager la discussion sur la mission parmi les enfants<\/li>\n<li>Une grande biblioth\u00e8que gratuite et open source de ressources sur le minist\u00e8re des enfants\u00a0:\u00a0<a href=\"https:\/\/www.max7.org\/en\" target=\"_blank\" rel=\"noopener\">https:\/\/www.max7.org\/en<\/a><\/li>\n<li>Un programme pour tous les \u00e2ges, id\u00e9al pour aider votre famille \u00e0 grandir ensemble dans la foi et la forme physique\u00a0: <a href=\"https:\/\/family.fit\/\" target=\"_blank\" rel=\"noopener\">https:\/\/family.fit\/<\/a><\/li>\n<li>Une campagne pour voir des enfants partout marcher avec J\u00e9sus, comprenant un d\u00e9fi pour guider le corps de l&#039;\u00e9glise locale \u00e0 travers un processus d&#039;\u00e9largissement de leur compr\u00e9hension des enfants et de la fa\u00e7on dont Dieu les voit, en consid\u00e9rant les choses qui ont un impact sur les enfants et en explorant de nouvelles possibilit\u00e9s dans le minist\u00e8re aupr\u00e8s des enfants\u00a0: <a href=\"https:\/\/childreneverywhere.com\/\" target=\"_blank\" rel=\"noopener\">https:\/\/childreneverywhere.com\/<\/a><\/li>\n<li>Un mod\u00e8le innovant qui int\u00e8gre les comp\u00e9tences de vie et le discipulat\u00a0:\u00a0<a href=\"https:\/\/kidshubs.com\/\" target=\"_blank\" rel=\"noopener\">https:\/\/kidshubs.com\/<\/a><\/li>\n<li>Une strat\u00e9gie m\u00e9diatique open source pour accro\u00eetre la sensibilisation des enfants \u00e0 la t\u00e9l\u00e9vision et sur Internet\u00a0:\u00a0<a href=\"https:\/\/kidshubtv.com\/\" target=\"_blank\" rel=\"noopener\">https:\/\/kidshubtv.com\/<\/a><\/li>\n<\/ul>\n\t\t\t\t<a href=\"https:\/\/\/fr\/gcf.community\/\" target=\"_blank\" rel=\"noopener\" itemprop=\"url\">\n\t\t\t\t<img loading=\"lazy\" decoding=\"async\" src=\"https:\/\/gcfleadership.org\/wp-content\/uploads\/2024\/04\/gcf-400.jpg\" alt=\"gcf 400\" itemprop=\"image\" height=\"400\" width=\"400\" title=\"gcf400\" onerror=\"this.style.display='none'\"  \/>\n\t\t\t\t<\/a>\n\t\t\t\t<a href=\"https:\/\/family.fit\/\" target=\"_blank\" rel=\"noopener\" itemprop=\"url\">\n\t\t\t\t<img loading=\"lazy\" decoding=\"async\" src=\"https:\/\/gcfleadership.org\/wp-content\/uploads\/2024\/04\/ff-400.jpg\" alt=\"ff 400\" itemprop=\"image\" height=\"400\" width=\"400\" title=\"400 francs\" onerror=\"this.style.display='none'\"  \/>\n\t\t\t\t<\/a>\n\t\t\t\t<a href=\"https:\/\/childreneverywhere.com\/\" target=\"_blank\" rel=\"noopener\" itemprop=\"url\">\n\t\t\t\t<img loading=\"lazy\" decoding=\"async\" src=\"https:\/\/gcfleadership.org\/wp-content\/uploads\/2024\/04\/cewwj-400.jpg\" alt=\"cewwj 400\" itemprop=\"image\" height=\"400\" width=\"400\" title=\"cewwj 400\" onerror=\"this.style.display='none'\"  \/>\n\t\t\t\t<\/a>\n\t\t\t\t<a href=\"https:\/\/max7.org\/\" target=\"_blank\" rel=\"noopener\" itemprop=\"url\">\n\t\t\t\t<img loading=\"lazy\" decoding=\"async\" src=\"https:\/\/gcfleadership.org\/wp-content\/uploads\/2024\/04\/max7-400.jpg\" alt=\"max7 400\" itemprop=\"image\" height=\"400\" width=\"400\" title=\"maximum7 400\" onerror=\"this.style.display='none'\"  \/>\n\t\t\t\t<\/a>\n\t\t\t\t<a href=\"https:\/\/kidshubs.com\/\" target=\"_blank\" rel=\"noopener\" itemprop=\"url\">\n\t\t\t\t<img loading=\"lazy\" decoding=\"async\" src=\"https:\/\/gcfleadership.org\/wp-content\/uploads\/2024\/04\/kh-400.jpg\" alt=\"kh 400\" itemprop=\"image\" height=\"400\" width=\"400\" title=\"kh 400\" onerror=\"this.style.display='none'\"  \/>\n\t\t\t\t<\/a>\n\t\t\t\t<a href=\"https:\/\/kidshubstv.com\/\" target=\"_blank\" rel=\"noopener\" itemprop=\"url\">\n\t\t\t\t<img loading=\"lazy\" decoding=\"async\" src=\"https:\/\/gcfleadership.org\/wp-content\/uploads\/2024\/04\/khtv-400.jpg\" alt=\"khtv 400\" itemprop=\"image\" height=\"400\" width=\"400\" title=\"khtv 400\" onerror=\"this.style.display='none'\"  \/>\n\t\t\t\t<\/a>","protected":false},"excerpt":{"rendered":"<p>Le Forum mondial des enfants (https:\/\/gcf.community\/) est une communaut\u00e9 collaborative mondiale d&#039;\u00e9glises, de minist\u00e8res et d&#039;organisations fond\u00e9e sur des relations de confiance. Nous d\u00e9sirons que chaque enfant ait l\u2019opportunit\u00e9 de rencontrer et de suivre J\u00e9sus et d\u2019\u00eatre nourri dans l\u2019amour de Dieu pour \u00eatre tout ce qu\u2019Il veut qu\u2019il soit. GCF estime que les enfants\u2026 <a title=\"\u00c0 propos du GCF\" class=\"read-more\" href=\"https:\/\/gcfleadership.org\/fr\/about-gcf\/\" aria-label=\"En savoir plus sur le GCF\">Lire plus<\/a><\/p>","protected":false},"author":1,"featured_media":0,"parent":0,"menu_order":0,"comment_status":"closed","ping_status":"closed","template":"","meta":{"give_campaign_id":0,"_seopress_robots_primary_cat":"","_seopress_titles_title":"","_seopress_titles_desc":"","_seopress_robots_index":"","footnotes":""},"class_list":["post-86","page","type-page","status-publish"],"campaignId":"","_links":{"self":[{"href":"https:\/\/gcfleadership.org\/fr\/wp-json\/wp\/v2\/pages\/86","targetHints":{"allow":["GET"]}}],"collection":[{"href":"https:\/\/gcfleadership.org\/fr\/wp-json\/wp\/v2\/pages"}],"about":[{"href":"https:\/\/gcfleadership.org\/fr\/wp-json\/wp\/v2\/types\/page"}],"author":[{"embeddable":true,"href":"https:\/\/gcfleadership.org\/fr\/wp-json\/wp\/v2\/users\/1"}],"replies":[{"embeddable":true,"href":"https:\/\/gcfleadership.org\/fr\/wp-json\/wp\/v2\/comments?post=86"}],"version-history":[{"count":7,"href":"https:\/\/gcfleadership.org\/fr\/wp-json\/wp\/v2\/pages\/86\/revisions"}],"predecessor-version":[{"id":414,"href":"https:\/\/gcfleadership.org\/fr\/wp-json\/wp\/v2\/pages\/86\/revisions\/414"}],"wp:attachment":[{"href":"https:\/\/gcfleadership.org\/fr\/wp-json\/wp\/v2\/media?parent=86"}],"curies":[{"name":"wp","href":"https:\/\/api.w.org\/{rel}","templated":true}]}}