{"id":103,"date":"2024-04-27T11:01:24","date_gmt":"2024-04-27T11:01:24","guid":{"rendered":"https:\/\/gcfle.perfectlydigital.dev\/?page_id=103"},"modified":"2026-01-12T13:54:48","modified_gmt":"2026-01-12T13:54:48","slug":"participants-covenant","status":"publish","type":"page","link":"https:\/\/gcfleadership.org\/pt\/information-for\/participants\/participants-covenant\/","title":{"rendered":"Conv\u00eanio do Participante"},"content":{"rendered":"<h2>\n\t\t\tO Pacto entre a Equipe de Facilita\u00e7\u00e3o da Experi\u00eancia de Lideran\u00e7a do F\u00f3rum Global Infantil e o Participante\t<\/h2>\n\t<p>Antes de assinar este Pacto, certifique-se de ter lido e de que \u00e9 capaz de se comprometer com os requisitos descritos no <a href=\"https:\/\/gcfleadership.org\/pt\/information-for\/participants\/\">Informa\u00e7\u00f5es para participantes<\/a>.<\/p>\n<p>Ao concordar com este Conv\u00eanio, voc\u00ea indica concord\u00e2ncia com a fun\u00e7\u00e3o e os requisitos do Participante, conforme estabelecido no Guia do Participante da Experi\u00eancia de Lideran\u00e7a do GCF.<\/p>\n<p><strong>A Equipe de Facilita\u00e7\u00e3o da Experi\u00eancia de Lideran\u00e7a do GCF compromete-se a:<\/strong><\/p>\n<ul>\n<li>Comunique-se regularmente com voc\u00ea e responda prontamente \u00e0s perguntas ou coment\u00e1rios que voc\u00ea possa ter.<\/li>\n<li>Comunique-se com seu mentor e supervisor para garantir que seu apoio local seja coordenado.<\/li>\n<li>Construa uma comunidade crist\u00e3.<\/li>\n<li>Fornecer recursos e instala\u00e7\u00f5es necess\u00e1rios para as atribui\u00e7\u00f5es em tempo h\u00e1bil.<\/li>\n<li>Coordene uma equipe de facilitadores experientes que fornecer\u00e3o experi\u00eancias de aprendizagem atenciosas e interativas durante o Residencial Intensivo e em sess\u00f5es online.<\/li>\n<li>Auxiliar na sele\u00e7\u00e3o de um Projeto ou Projetos de Minist\u00e9rio que melhorem o minist\u00e9rio da sua igreja ou organiza\u00e7\u00e3o de envio e que sejam acordados pelo GCF.<\/li>\n<li>Forne\u00e7a um cronograma razo\u00e1vel para sess\u00f5es on-line e trabalhe com voc\u00ea para maximizar sua participa\u00e7\u00e3o.<\/li>\n<li>Conceder um Certificado de Experi\u00eancia de Lideran\u00e7a do GCF desde que todos os requisitos do Curso tenham sido atendidos at\u00e9 o final do ano de Experi\u00eancia de Lideran\u00e7a.<\/li>\n<\/ul>\n<p><strong>Ao concordar com este Pacto, voc\u00ea, o Participante, compromete-se a:<\/strong><\/p>\n<ul>\n<li>Comprometa-se a participar plenamente da experi\u00eancia de um ano, tanto online quanto pessoalmente.<\/li>\n<li>Cumprir todas as obriga\u00e7\u00f5es financeiras acordadas antes de chegar ao GCF LE Intensive, incluindo a compra de seguro de viagem<\/li>\n<li>Organize reuni\u00f5es com seu mentor e seu supervisor pelo menos uma vez por m\u00eas, exceto quando estiver no Curso Intensivo, e aproveite a oportunidade para aprender com sua sabedoria e conselhos.<\/li>\n<li>Conclua tarefas de pesquisa comunit\u00e1ria, tarefas de leitura\/escrita e tarefas de f\u00f3rum on-line no prazo e de acordo com os requisitos de cada um.<\/li>\n<li>Procure orienta\u00e7\u00e3o do seu supervisor e da Equipe de Facilita\u00e7\u00e3o LE do GCF na sele\u00e7\u00e3o, planejamento e implementa\u00e7\u00e3o do(s) Projeto(s) do Minist\u00e9rio<\/li>\n<li>Enviar relat\u00f3rios \u00e0 Equipa de Facilita\u00e7\u00e3o LE do GCF sobre o progresso do Projecto do Minist\u00e9rio.<\/li>\n<li>Avalie sua experi\u00eancia no GCF LE ao final do Curso de Lideran\u00e7a<\/li>\n<li>Assumir a responsabilidade de garantir o acesso necess\u00e1rio e oportuno \u00e0 Internet<\/li>\n<li>Concorda em se submeter a decis\u00f5es relacionadas \u00e0 impropriedade ou ao descumprimento deste acordo, mesmo que essas decis\u00f5es ponham fim ao seu envolvimento no Curso. Tal decis\u00e3o seria tomada pela Equipe de Facilita\u00e7\u00e3o LE do GCF em acordo com seu supervisor. Nenhum reembolso do dinheiro pago ser\u00e1 fornecido.<\/li>\n<\/ul>\n<h2>\n\t\t\tParticipant&#8217;s Covenant Form\t<\/h2>\n\t<p><strong>Certifique-se de selecionar o evento LE correto em que voc\u00ea est\u00e1 participando. Isso garantir\u00e1 que sua inscri\u00e7\u00e3o seja enviada para o local certo. Obrigado.<\/strong><\/p>\n\t<form action=\"https:\/\/gcfleadership.org\/pt\/wp-json\/ws-form\/v1\/submit\" class=\"wsf-form wsf-form-canvas\" id=\"ws-form-1\" data-id=\"5\" method=\"POST\" data-instance-id=\"1\" data-wsf-style-id=\"1\" data-trp-original-action=\"https:\/\/gcfleadership.org\/pt\/wp-json\/ws-form\/v1\/submit\"><input type=\"hidden\" name=\"trp-form-language\" value=\"pt\"\/><\/form>","protected":false},"excerpt":{"rendered":"<p>O Pacto entre a Equipe de Facilita\u00e7\u00e3o da Experi\u00eancia de Lideran\u00e7a do Global Children&#039;s Forum e o Participante Antes de assinar este Pacto, certifique-se de ter lido e de que \u00e9 capaz de se comprometer com os requisitos descritos nas Informa\u00e7\u00f5es para os Participantes. Ao concordar com este Pacto, voc\u00ea est\u00e1 indicando concord\u00e2ncia com a fun\u00e7\u00e3o e os requisitos de\u2026 <a title=\"Conv\u00eanio do Participante\" class=\"read-more\" href=\"https:\/\/gcfleadership.org\/pt\/information-for\/participants\/participants-covenant\/\" aria-label=\"Leia mais sobre Conv\u00eanio do Participante\">Leia mais<\/a><\/p>","protected":false},"author":1,"featured_media":0,"parent":99,"menu_order":0,"comment_status":"closed","ping_status":"closed","template":"","meta":{"give_campaign_id":0,"_seopress_robots_primary_cat":"","_seopress_titles_title":"","_seopress_titles_desc":"","_seopress_robots_index":"","footnotes":""},"class_list":["post-103","page","type-page","status-publish"],"campaignId":"","_links":{"self":[{"href":"https:\/\/gcfleadership.org\/pt\/wp-json\/wp\/v2\/pages\/103","targetHints":{"allow":["GET"]}}],"collection":[{"href":"https:\/\/gcfleadership.org\/pt\/wp-json\/wp\/v2\/pages"}],"about":[{"href":"https:\/\/gcfleadership.org\/pt\/wp-json\/wp\/v2\/types\/page"}],"author":[{"embeddable":true,"href":"https:\/\/gcfleadership.org\/pt\/wp-json\/wp\/v2\/users\/1"}],"replies":[{"embeddable":true,"href":"https:\/\/gcfleadership.org\/pt\/wp-json\/wp\/v2\/comments?post=103"}],"version-history":[{"count":5,"href":"https:\/\/gcfleadership.org\/pt\/wp-json\/wp\/v2\/pages\/103\/revisions"}],"predecessor-version":[{"id":714,"href":"https:\/\/gcfleadership.org\/pt\/wp-json\/wp\/v2\/pages\/103\/revisions\/714"}],"up":[{"embeddable":true,"href":"https:\/\/gcfleadership.org\/pt\/wp-json\/wp\/v2\/pages\/99"}],"wp:attachment":[{"href":"https:\/\/gcfleadership.org\/pt\/wp-json\/wp\/v2\/media?parent=103"}],"curies":[{"name":"wp","href":"https:\/\/api.w.org\/{rel}","templated":true}]}}