{"id":105,"date":"2024-04-27T11:02:07","date_gmt":"2024-04-27T11:02:07","guid":{"rendered":"https:\/\/gcfle.perfectlydigital.dev\/?page_id=105"},"modified":"2026-01-12T13:52:07","modified_gmt":"2026-01-12T13:52:07","slug":"child-protection","status":"publish","type":"page","link":"https:\/\/gcfleadership.org\/pt\/information-for\/participants\/child-protection\/","title":{"rendered":"Prote\u00e7\u00e3o infantil"},"content":{"rendered":"<p>Ao marcar a caixa abaixo, declaro:<\/p>\n<ul>\n<li>que nunca estive envolvido em quaisquer atos com crian\u00e7a\/crian\u00e7as que contrariassem a Palavra de Deus e as leis oficiais do meu pa\u00eds e;<\/li>\n<li>que nunca fui processado por qualquer crime nos termos das leis de prote\u00e7\u00e3o infantil do meu pa\u00eds.<\/li>\n<\/ul>\n<p>Declaro ainda que me absterei de qualquer ato com uma crian\u00e7a ou crian\u00e7as que possa ser considerado imoral ou ilegal nos termos da Palavra de Deus e das leis aplic\u00e1veis sobre atos contra crian\u00e7as.<\/p>\n<p>Fa\u00e7o isto n\u00e3o apenas em submiss\u00e3o \u00e0s leis do Estado no pa\u00eds do Residencial Intensivo e no meu pr\u00f3prio pa\u00eds, mas, em \u00faltima an\u00e1lise, em submiss\u00e3o a Deus, que \u00e9 o Criador e Protetor de todas as crian\u00e7as.<\/p>\n<p>Entendo que, caso sejam feitas alega\u00e7\u00f5es significativas sobre mim a esse respeito, serei suspenso do GCF Leadership Experience enquanto o caso for encaminhado \u00e0s autoridades legais apropriadas sem qualquer reembolso do dinheiro pago. Declaro que me submeterei a esta decis\u00e3o.<\/p>\n<p>Entendo que, caso eu seja considerado culpado de qualquer ato desse tipo ou tenha mentido nesta declara\u00e7\u00e3o, serei expulso da Experi\u00eancia de Lideran\u00e7a do GCF sem qualquer reembolso do dinheiro pago. Declaro que me submeterei a esta decis\u00e3o.<\/p>\n<h2>\n\t\t\tFormul\u00e1rio de Prote\u00e7\u00e3o \u00e0 Crian\u00e7a\t<\/h2>\n\t<p><strong>Certifique-se de selecionar o evento LE correto em que voc\u00ea est\u00e1 participando. Isso garantir\u00e1 que sua inscri\u00e7\u00e3o seja enviada para o local certo. Obrigado.<\/strong><\/p>\n\t<form action=\"https:\/\/gcfleadership.org\/pt\/wp-json\/ws-form\/v1\/submit\" class=\"wsf-form wsf-form-canvas\" id=\"ws-form-1\" data-id=\"7\" method=\"POST\" data-instance-id=\"1\" data-wsf-style-id=\"1\" data-trp-original-action=\"https:\/\/gcfleadership.org\/pt\/wp-json\/ws-form\/v1\/submit\"><input type=\"hidden\" name=\"trp-form-language\" value=\"pt\"\/><\/form>","protected":false},"excerpt":{"rendered":"<p>Ao marcar a caixa abaixo, declaro: que nunca estive envolvido em quaisquer atos com crian\u00e7a\/crian\u00e7as que violassem a Palavra de Deus e as leis oficiais do meu pa\u00eds e; que nunca fui processado por qualquer crime nos termos das leis de prote\u00e7\u00e3o infantil do meu pa\u00eds. \u2026 <a title=\"Prote\u00e7\u00e3o infantil\" class=\"read-more\" href=\"https:\/\/gcfleadership.org\/pt\/information-for\/participants\/child-protection\/\" aria-label=\"Leia mais sobre Prote\u00e7\u00e3o Infantil\">Leia mais<\/a><\/p>","protected":false},"author":1,"featured_media":0,"parent":99,"menu_order":0,"comment_status":"closed","ping_status":"closed","template":"","meta":{"give_campaign_id":0,"_seopress_robots_primary_cat":"","_seopress_titles_title":"","_seopress_titles_desc":"","_seopress_robots_index":"","footnotes":""},"class_list":["post-105","page","type-page","status-publish"],"campaignId":"","_links":{"self":[{"href":"https:\/\/gcfleadership.org\/pt\/wp-json\/wp\/v2\/pages\/105","targetHints":{"allow":["GET"]}}],"collection":[{"href":"https:\/\/gcfleadership.org\/pt\/wp-json\/wp\/v2\/pages"}],"about":[{"href":"https:\/\/gcfleadership.org\/pt\/wp-json\/wp\/v2\/types\/page"}],"author":[{"embeddable":true,"href":"https:\/\/gcfleadership.org\/pt\/wp-json\/wp\/v2\/users\/1"}],"replies":[{"embeddable":true,"href":"https:\/\/gcfleadership.org\/pt\/wp-json\/wp\/v2\/comments?post=105"}],"version-history":[{"count":3,"href":"https:\/\/gcfleadership.org\/pt\/wp-json\/wp\/v2\/pages\/105\/revisions"}],"predecessor-version":[{"id":711,"href":"https:\/\/gcfleadership.org\/pt\/wp-json\/wp\/v2\/pages\/105\/revisions\/711"}],"up":[{"embeddable":true,"href":"https:\/\/gcfleadership.org\/pt\/wp-json\/wp\/v2\/pages\/99"}],"wp:attachment":[{"href":"https:\/\/gcfleadership.org\/pt\/wp-json\/wp\/v2\/media?parent=105"}],"curies":[{"name":"wp","href":"https:\/\/api.w.org\/{rel}","templated":true}]}}