{"id":120,"date":"2024-04-27T11:02:43","date_gmt":"2024-04-27T11:02:43","guid":{"rendered":"https:\/\/gcfle.perfectlydigital.dev\/?page_id=120"},"modified":"2026-01-13T14:00:07","modified_gmt":"2026-01-13T14:00:07","slug":"supervisors-covenant","status":"publish","type":"page","link":"https:\/\/gcfleadership.org\/pt\/information-for\/supervisors\/supervisors-covenant\/","title":{"rendered":"Conv\u00eanio do Supervisor"},"content":{"rendered":"<h2>\n\t\t\tO Pacto entre a Equipe de Facilita\u00e7\u00e3o da Experi\u00eancia de Lideran\u00e7a do GCF e o Supervisor\t<\/h2>\n\t<p>Antes de assinar este Pacto, certifique-se de ter lido e de que \u00e9 capaz de se comprometer com os requisitos descritos no <a href=\"https:\/\/gcfleadership.org\/pt\/information-for\/supervisors\/\">Informa\u00e7\u00f5es para Supervisores<\/a>.<\/p>\n<p>Ao concordar com este Pacto, voc\u00ea est\u00e1 indicando concord\u00e2ncia com a fun\u00e7\u00e3o de Supervisor conforme estabelecido no Guia para Supervisores: <em>O Supervisor atua como a pessoa respons\u00e1vel que garante que o Participante esteja progredindo e permanecendo no caminho certo ao longo do curso de estudo. Isto \u00e9 um <\/em>treinamento<em> papel, n\u00e3o um papel autorit\u00e1rio<\/em>.<\/p>\n<p>A Equipe de Facilita\u00e7\u00e3o da Experi\u00eancia de Lideran\u00e7a do GCF compromete-se a:<\/p>\n<ul>\n<li>Ore por voc\u00ea e pelo relacionamento de supervis\u00e3o regularmente.<\/li>\n<li>Fornecer-lhe apoio e incentivo.<\/li>\n<li>Responda rapidamente a quaisquer perguntas que possam surgir no decorrer da intera\u00e7\u00e3o do Supervisor com o participante.<\/li>\n<li>Forne\u00e7a formul\u00e1rios de relat\u00f3rio curtos e formul\u00e1rios de avalia\u00e7\u00e3o de projetos nos momentos apropriados.<\/li>\n<li>D\u00ea a aprova\u00e7\u00e3o final para que o Certificado de Experi\u00eancia de Lideran\u00e7a GCF seja concedido.<\/li>\n<\/ul>\n<p>Ao concordar com este Pacto, voc\u00ea, o Supervisor, compromete-se a:<\/p>\n<ul>\n<li>Re\u00fana-se com o Participante uma vez antes de participar do Curso Intensivo de Experi\u00eancia de Lideran\u00e7a com o prop\u00f3sito de construir um relacionamento e discutir poss\u00edveis ideias de Projetos de Minist\u00e9rio.<\/li>\n<li>Reunir-se regularmente com o Participante ap\u00f3s o Curso Intensivo para monitorar o progresso nas atribui\u00e7\u00f5es e no(s) Projeto(s) do Minist\u00e9rio. \u00c9 responsabilidade do Participante iniciar as reuni\u00f5es, organizando um hor\u00e1rio e local que seja mutuamente adequado, e manter um registro das decis\u00f5es e etapas de a\u00e7\u00e3o que surgem de cada reuni\u00e3o, para que possam ser revisadas nas reuni\u00f5es subsequentes.<\/li>\n<li>Capacitar e orientar em vez de resolver os problemas que surgem ou resgatar o Participante.<\/li>\n<li>Fornecer orienta\u00e7\u00e3o espec\u00edfica no planeamento e implementa\u00e7\u00e3o do(s) Projecto(s) do Minist\u00e9rio.<\/li>\n<li>Envie dois relat\u00f3rios ao Conselheiro do GCF sobre o progresso do Participante. Um formul\u00e1rio de relat\u00f3rio ser\u00e1 fornecido. O relat\u00f3rio final incluir\u00e1 uma avalia\u00e7\u00e3o do Projeto do Minist\u00e9rio<\/li>\n<\/ul>\n<h2>\n\t\t\tFormul\u00e1rio de Compromisso do Supervisor\t<\/h2>\n\t<p><strong>Certifique-se de selecionar o evento LE correto em que voc\u00ea est\u00e1 participando. Isso garantir\u00e1 que sua inscri\u00e7\u00e3o seja enviada para o local certo. Obrigado.<\/strong><\/p>\n\t<form action=\"https:\/\/gcfleadership.org\/pt\/wp-json\/ws-form\/v1\/submit\" class=\"wsf-form wsf-form-canvas\" id=\"ws-form-1\" data-id=\"9\" method=\"POST\" data-instance-id=\"1\" data-wsf-style-id=\"1\" data-trp-original-action=\"https:\/\/gcfleadership.org\/pt\/wp-json\/ws-form\/v1\/submit\"><input type=\"hidden\" name=\"trp-form-language\" value=\"pt\"\/><\/form>","protected":false},"excerpt":{"rendered":"<p>O Pacto entre a Equipe de Facilita\u00e7\u00e3o da Experi\u00eancia de Lideran\u00e7a do GCF e o Supervisor. Antes de assinar este Pacto, certifique-se de ter lido e de estar apto a cumprir os requisitos descritos nas Informa\u00e7\u00f5es para Supervisores. Ao concordar com este Pacto, voc\u00ea indica sua concord\u00e2ncia com o papel de Supervisor conforme estabelecido em\u2026 <a title=\"Conv\u00eanio do Supervisor\" class=\"read-more\" href=\"https:\/\/gcfleadership.org\/pt\/information-for\/supervisors\/supervisors-covenant\/\" aria-label=\"Leia mais sobre Pacto do Supervisor\">Leia mais<\/a><\/p>","protected":false},"author":1,"featured_media":0,"parent":101,"menu_order":0,"comment_status":"closed","ping_status":"closed","template":"","meta":{"give_campaign_id":0,"_seopress_robots_primary_cat":"","_seopress_titles_title":"","_seopress_titles_desc":"","_seopress_robots_index":"","footnotes":""},"class_list":["post-120","page","type-page","status-publish"],"campaignId":"","_links":{"self":[{"href":"https:\/\/gcfleadership.org\/pt\/wp-json\/wp\/v2\/pages\/120","targetHints":{"allow":["GET"]}}],"collection":[{"href":"https:\/\/gcfleadership.org\/pt\/wp-json\/wp\/v2\/pages"}],"about":[{"href":"https:\/\/gcfleadership.org\/pt\/wp-json\/wp\/v2\/types\/page"}],"author":[{"embeddable":true,"href":"https:\/\/gcfleadership.org\/pt\/wp-json\/wp\/v2\/users\/1"}],"replies":[{"embeddable":true,"href":"https:\/\/gcfleadership.org\/pt\/wp-json\/wp\/v2\/comments?post=120"}],"version-history":[{"count":4,"href":"https:\/\/gcfleadership.org\/pt\/wp-json\/wp\/v2\/pages\/120\/revisions"}],"predecessor-version":[{"id":717,"href":"https:\/\/gcfleadership.org\/pt\/wp-json\/wp\/v2\/pages\/120\/revisions\/717"}],"up":[{"embeddable":true,"href":"https:\/\/gcfleadership.org\/pt\/wp-json\/wp\/v2\/pages\/101"}],"wp:attachment":[{"href":"https:\/\/gcfleadership.org\/pt\/wp-json\/wp\/v2\/media?parent=120"}],"curies":[{"name":"wp","href":"https:\/\/api.w.org\/{rel}","templated":true}]}}