{"id":173,"date":"2024-04-27T13:11:57","date_gmt":"2024-04-27T13:11:57","guid":{"rendered":"https:\/\/gcfle.perfectlydigital.dev\/?page_id=173"},"modified":"2024-08-29T19:26:24","modified_gmt":"2024-08-29T19:26:24","slug":"apply","status":"publish","type":"page","link":"https:\/\/gcfleadership.org\/pt\/uganda-2025\/apply\/","title":{"rendered":"Aplicar"},"content":{"rendered":"<h1>\n\t\tSeu aplicativo\n\t<\/h1>\n<h3>\n\t\tAs inscri\u00e7\u00f5es para Uganda 2025 j\u00e1 est\u00e3o encerradas.\n\t<\/h3>","protected":false},"excerpt":{"rendered":"<p>Sua inscri\u00e7\u00e3o As inscri\u00e7\u00f5es para Uganda 2025 j\u00e1 est\u00e3o encerradas.<\/p>","protected":false},"author":1,"featured_media":0,"parent":171,"menu_order":0,"comment_status":"closed","ping_status":"closed","template":"","meta":{"give_campaign_id":0,"_seopress_robots_primary_cat":"","_seopress_titles_title":"GCF Leadership Experience | Uganda 2025 | Applications","_seopress_titles_desc":"Please apply as early as possible. Places are limited. Applications close on 31st July 2024.","_seopress_robots_index":"","footnotes":""},"class_list":["post-173","page","type-page","status-publish"],"campaignId":"","_links":{"self":[{"href":"https:\/\/gcfleadership.org\/pt\/wp-json\/wp\/v2\/pages\/173","targetHints":{"allow":["GET"]}}],"collection":[{"href":"https:\/\/gcfleadership.org\/pt\/wp-json\/wp\/v2\/pages"}],"about":[{"href":"https:\/\/gcfleadership.org\/pt\/wp-json\/wp\/v2\/types\/page"}],"author":[{"embeddable":true,"href":"https:\/\/gcfleadership.org\/pt\/wp-json\/wp\/v2\/users\/1"}],"replies":[{"embeddable":true,"href":"https:\/\/gcfleadership.org\/pt\/wp-json\/wp\/v2\/comments?post=173"}],"version-history":[{"count":11,"href":"https:\/\/gcfleadership.org\/pt\/wp-json\/wp\/v2\/pages\/173\/revisions"}],"predecessor-version":[{"id":454,"href":"https:\/\/gcfleadership.org\/pt\/wp-json\/wp\/v2\/pages\/173\/revisions\/454"}],"up":[{"embeddable":true,"href":"https:\/\/gcfleadership.org\/pt\/wp-json\/wp\/v2\/pages\/171"}],"wp:attachment":[{"href":"https:\/\/gcfleadership.org\/pt\/wp-json\/wp\/v2\/media?parent=173"}],"curies":[{"name":"wp","href":"https:\/\/api.w.org\/{rel}","templated":true}]}}