{"id":176,"date":"2024-04-27T13:12:51","date_gmt":"2024-04-27T13:12:51","guid":{"rendered":"https:\/\/gcfle.perfectlydigital.dev\/?page_id=176"},"modified":"2024-12-05T11:20:18","modified_gmt":"2024-12-05T11:20:18","slug":"contact","status":"publish","type":"page","link":"https:\/\/gcfleadership.org\/pt\/uganda-2025\/contact\/","title":{"rendered":"Contato"},"content":{"rendered":"<h1>\n\t\tContate-nos\n\t<\/h1>\n\t<p>Voc\u00ea tem uma pergunta? Utilize o formul\u00e1rio abaixo e responderemos o mais breve poss\u00edvel.<\/p>\n\t<form action=\"https:\/\/gcfleadership.org\/pt\/wp-json\/ws-form\/v1\/submit\" class=\"wsf-form wsf-form-canvas\" id=\"ws-form-1\" data-id=\"3\" method=\"POST\" data-instance-id=\"1\" data-wsf-style-id=\"1\" data-trp-original-action=\"https:\/\/gcfleadership.org\/pt\/wp-json\/ws-form\/v1\/submit\"><input type=\"hidden\" name=\"trp-form-language\" value=\"pt\"\/><\/form>","protected":false},"excerpt":{"rendered":"<p>Contate-nos Voc\u00ea tem alguma d\u00favida? Utilize o formul\u00e1rio abaixo e responderemos o mais breve poss\u00edvel.<\/p>","protected":false},"author":1,"featured_media":0,"parent":171,"menu_order":0,"comment_status":"closed","ping_status":"closed","template":"","meta":{"give_campaign_id":0,"_seopress_robots_primary_cat":"","_seopress_titles_title":"","_seopress_titles_desc":"","_seopress_robots_index":"","footnotes":""},"class_list":["post-176","page","type-page","status-publish"],"campaignId":"","_links":{"self":[{"href":"https:\/\/gcfleadership.org\/pt\/wp-json\/wp\/v2\/pages\/176","targetHints":{"allow":["GET"]}}],"collection":[{"href":"https:\/\/gcfleadership.org\/pt\/wp-json\/wp\/v2\/pages"}],"about":[{"href":"https:\/\/gcfleadership.org\/pt\/wp-json\/wp\/v2\/types\/page"}],"author":[{"embeddable":true,"href":"https:\/\/gcfleadership.org\/pt\/wp-json\/wp\/v2\/users\/1"}],"replies":[{"embeddable":true,"href":"https:\/\/gcfleadership.org\/pt\/wp-json\/wp\/v2\/comments?post=176"}],"version-history":[{"count":4,"href":"https:\/\/gcfleadership.org\/pt\/wp-json\/wp\/v2\/pages\/176\/revisions"}],"predecessor-version":[{"id":557,"href":"https:\/\/gcfleadership.org\/pt\/wp-json\/wp\/v2\/pages\/176\/revisions\/557"}],"up":[{"embeddable":true,"href":"https:\/\/gcfleadership.org\/pt\/wp-json\/wp\/v2\/pages\/171"}],"wp:attachment":[{"href":"https:\/\/gcfleadership.org\/pt\/wp-json\/wp\/v2\/media?parent=176"}],"curies":[{"name":"wp","href":"https:\/\/api.w.org\/{rel}","templated":true}]}}