{"id":471,"date":"2024-09-13T07:30:45","date_gmt":"2024-09-13T07:30:45","guid":{"rendered":"https:\/\/gcfleadership.org\/?page_id=471"},"modified":"2025-12-17T16:28:07","modified_gmt":"2025-12-17T16:28:07","slug":"contact","status":"publish","type":"page","link":"https:\/\/gcfleadership.org\/pt\/sri-lanka-2025\/contact\/","title":{"rendered":"Contato"},"content":{"rendered":"<h1>\n\t\t\tContate-nos\t<\/h1>\n\t<p>Voc\u00ea tem uma pergunta? Utilize o formul\u00e1rio abaixo e responderemos o mais breve poss\u00edvel.<\/p>\n\t<form action=\"https:\/\/gcfleadership.org\/pt\/wp-json\/ws-form\/v1\/submit\" class=\"wsf-form wsf-form-canvas\" id=\"ws-form-1\" data-id=\"11\" method=\"POST\" data-instance-id=\"1\" data-wsf-style-id=\"1\" data-trp-original-action=\"https:\/\/gcfleadership.org\/pt\/wp-json\/ws-form\/v1\/submit\"><input type=\"hidden\" name=\"trp-form-language\" value=\"pt\"\/><\/form>","protected":false},"excerpt":{"rendered":"<p>Contate-nos Voc\u00ea tem alguma d\u00favida? Utilize o formul\u00e1rio abaixo e responderemos o mais breve poss\u00edvel.<\/p>","protected":false},"author":1,"featured_media":0,"parent":467,"menu_order":0,"comment_status":"closed","ping_status":"closed","template":"","meta":{"give_campaign_id":0,"_seopress_robots_primary_cat":"","_seopress_titles_title":"","_seopress_titles_desc":"","_seopress_robots_index":"yes","footnotes":""},"class_list":["post-471","page","type-page","status-publish"],"campaignId":"","_links":{"self":[{"href":"https:\/\/gcfleadership.org\/pt\/wp-json\/wp\/v2\/pages\/471","targetHints":{"allow":["GET"]}}],"collection":[{"href":"https:\/\/gcfleadership.org\/pt\/wp-json\/wp\/v2\/pages"}],"about":[{"href":"https:\/\/gcfleadership.org\/pt\/wp-json\/wp\/v2\/types\/page"}],"author":[{"embeddable":true,"href":"https:\/\/gcfleadership.org\/pt\/wp-json\/wp\/v2\/users\/1"}],"replies":[{"embeddable":true,"href":"https:\/\/gcfleadership.org\/pt\/wp-json\/wp\/v2\/comments?post=471"}],"version-history":[{"count":4,"href":"https:\/\/gcfleadership.org\/pt\/wp-json\/wp\/v2\/pages\/471\/revisions"}],"predecessor-version":[{"id":599,"href":"https:\/\/gcfleadership.org\/pt\/wp-json\/wp\/v2\/pages\/471\/revisions\/599"}],"up":[{"embeddable":true,"href":"https:\/\/gcfleadership.org\/pt\/wp-json\/wp\/v2\/pages\/467"}],"wp:attachment":[{"href":"https:\/\/gcfleadership.org\/pt\/wp-json\/wp\/v2\/media?parent=471"}],"curies":[{"name":"wp","href":"https:\/\/api.w.org\/{rel}","templated":true}]}}