{"id":582,"date":"2025-12-17T16:23:20","date_gmt":"2025-12-17T16:23:20","guid":{"rendered":"https:\/\/gcfleadership.org\/?page_id=582"},"modified":"2026-03-21T11:29:11","modified_gmt":"2026-03-21T11:29:11","slug":"apply","status":"publish","type":"page","link":"https:\/\/gcfleadership.org\/pt\/albania-2026\/apply\/","title":{"rendered":"Aplicar"},"content":{"rendered":"<h1>\n\t\t\tSeu aplicativo\t<\/h1>\n\t<p>Inscreva-se o quanto antes. As vagas s\u00e3o limitadas. As inscri\u00e7\u00f5es encerram em 15 de abril de 2026 ou quando as vagas forem preenchidas.<\/p>\n<p>Por favor observe o seguinte:<\/p>\n<ul>\n<li>Voc\u00ea deve responder a todas as perguntas. Perguntas n\u00e3o respondidas desqualificar\u00e3o sua inscri\u00e7\u00e3o.<\/li>\n<li>Voc\u00ea ser\u00e1 informado quando sua inscri\u00e7\u00e3o for recebida e quando for aprovada ou n\u00e3o.<\/li>\n<li>O Programa de Experi\u00eancia de Lideran\u00e7a come\u00e7a em 1\u00ba de julho de 2026 e termina em 30 de abril de 2027.<\/li>\n<li>The intensive residential in Albania runs from 20th September &#8211; 17th October 2026.<\/li>\n<li>Ao fazer esta inscri\u00e7\u00e3o, voc\u00ea concorda em se envolver em todos os aspectos do curso.<\/li>\n<\/ul>\n\t<form action=\"https:\/\/gcfleadership.org\/pt\/wp-json\/ws-form\/v1\/submit\" class=\"wsf-form wsf-form-canvas\" id=\"ws-form-1\" data-id=\"13\" method=\"POST\" data-instance-id=\"1\" data-wsf-style-id=\"1\" data-trp-original-action=\"https:\/\/gcfleadership.org\/pt\/wp-json\/ws-form\/v1\/submit\"><input type=\"hidden\" name=\"trp-form-language\" value=\"pt\"\/><\/form>","protected":false},"excerpt":{"rendered":"<p>Your application Please apply as early as possible. Places are limited. Applications close on 15th April 2026, or when places have been filled. Please note the following: You must answer every question. Unanswered questions will disqualify your application. You will be informed when your application has been received, and when it has been approved or &#8230; <a title=\"Aplicar\" class=\"read-more\" href=\"https:\/\/gcfleadership.org\/pt\/albania-2026\/apply\/\" aria-label=\"Leia mais sobre Aplicar\">Leia mais<\/a><\/p>","protected":false},"author":1,"featured_media":0,"parent":578,"menu_order":0,"comment_status":"closed","ping_status":"closed","template":"","meta":{"give_campaign_id":0,"_seopress_robots_primary_cat":"","_seopress_titles_title":"","_seopress_titles_desc":"","_seopress_robots_index":"","footnotes":""},"class_list":["post-582","page","type-page","status-publish"],"campaignId":"","_links":{"self":[{"href":"https:\/\/gcfleadership.org\/pt\/wp-json\/wp\/v2\/pages\/582","targetHints":{"allow":["GET"]}}],"collection":[{"href":"https:\/\/gcfleadership.org\/pt\/wp-json\/wp\/v2\/pages"}],"about":[{"href":"https:\/\/gcfleadership.org\/pt\/wp-json\/wp\/v2\/types\/page"}],"author":[{"embeddable":true,"href":"https:\/\/gcfleadership.org\/pt\/wp-json\/wp\/v2\/users\/1"}],"replies":[{"embeddable":true,"href":"https:\/\/gcfleadership.org\/pt\/wp-json\/wp\/v2\/comments?post=582"}],"version-history":[{"count":7,"href":"https:\/\/gcfleadership.org\/pt\/wp-json\/wp\/v2\/pages\/582\/revisions"}],"predecessor-version":[{"id":796,"href":"https:\/\/gcfleadership.org\/pt\/wp-json\/wp\/v2\/pages\/582\/revisions\/796"}],"up":[{"embeddable":true,"href":"https:\/\/gcfleadership.org\/pt\/wp-json\/wp\/v2\/pages\/578"}],"wp:attachment":[{"href":"https:\/\/gcfleadership.org\/pt\/wp-json\/wp\/v2\/media?parent=582"}],"curies":[{"name":"wp","href":"https:\/\/api.w.org\/{rel}","templated":true}]}}