{"id":586,"date":"2025-12-17T16:24:04","date_gmt":"2025-12-17T16:24:04","guid":{"rendered":"https:\/\/gcfleadership.org\/?page_id=586"},"modified":"2026-03-21T11:28:32","modified_gmt":"2026-03-21T11:28:32","slug":"information","status":"publish","type":"page","link":"https:\/\/gcfleadership.org\/pt\/albania-2026\/information\/","title":{"rendered":"Informa\u00e7\u00e3o"},"content":{"rendered":"<h2>\n\t\t\tDesenvolvendo a pr\u00f3xima gera\u00e7\u00e3o de l\u00edderes do minist\u00e9rio infantil\t<\/h2>\n<h3>\n\t\t\tUm programa de desenvolvimento de lideran\u00e7a de um ano para mudan\u00e7a de vida para l\u00edderes emergentes do minist\u00e9rio infantil\t<\/h3>\n\t<ul>\n<li>Envolva-se em uma pesquisa de escuta comunit\u00e1ria<\/li>\n<li>Participe de uma comunidade de aprendizagem em um curso intensivo de quatro semanas, de meados de setembro a meados de outubro de 2026.<\/li>\n<li>Crie um Projeto de Minist\u00e9rio inovador<\/li>\n<li>Aproveite o suporte de mentores e supervisores<\/li>\n<li>Participe de f\u00f3runs on-line<\/li>\n<\/ul>\n<figure itemscope itemtype=\"https:\/\/schema.org\/ImageObject\">\n\t\t\t\t<img decoding=\"async\" src=\"https:\/\/gcfleadership.org\/wp-content\/uploads\/2024\/12\/LE-1089-900.png\" alt=\"LE-1089 900\" height=\"900\" width=\"900\" title=\"LE-1089 900\" onerror=\"this.style.display='none'\" loading=\"lazy\" \/>\n\t<\/figure>\n<figure itemscope itemtype=\"https:\/\/schema.org\/ImageObject\">\n\t\t\t\t<img decoding=\"async\" src=\"https:\/\/gcfleadership.org\/wp-content\/uploads\/2025\/12\/albania-LE-900.jpg\" alt=\"albania LE 900\" height=\"900\" width=\"900\" title=\"Alb\u00e2nia LE 900\" onerror=\"this.style.display='none'\" loading=\"lazy\" \/>\n\t<\/figure>\n<h3>\n\t\t\tSeja desafiado enquanto voc\u00ea:\t<\/h3>\n\t<ul>\n<li>Aprenda com l\u00edderes selecionados de importantes igrejas e organiza\u00e7\u00f5es crist\u00e3s voltadas para crian\u00e7as, da Europa e de outros continentes.<\/li>\n<li>S\u00e3o ministrados por facilitadores especializados com experi\u00eancia em minist\u00e9rio infantil<\/li>\n<li>Explore temas de Fundamentos B\u00edblicos, Compreens\u00e3o do Contexto de uma Crian\u00e7a, Forma\u00e7\u00e3o de F\u00e9, Lideran\u00e7a Divina<\/li>\n<li>Cres\u00e7a em sua caminhada espiritual pessoal<\/li>\n<li>Tenha tempo para relaxar e refletir<\/li>\n<\/ul>\n<h3>\n\t\t\tCandidate-se se voc\u00ea for:\t<\/h3>\n\t<ul>\n<li>Apaixonado por ajudar crian\u00e7as a seguir Jesus<\/li>\n<li>Um l\u00edder que j\u00e1 est\u00e1 treinando outras pessoas no minist\u00e9rio infantil<\/li>\n<li>Algu\u00e9m que trabalha bem em equipe<\/li>\n<li>Recomendado pela sua igreja ou organiza\u00e7\u00e3o crist\u00e3<\/li>\n<li>Motivado pela criatividade, comunidade e networking<\/li>\n<li>Pronto para que Deus leve seu minist\u00e9rio para o pr\u00f3ximo n\u00edvel<\/li>\n<\/ul>\n<figure itemscope itemtype=\"https:\/\/schema.org\/ImageObject\">\n\t\t\t\t<img decoding=\"async\" src=\"https:\/\/gcfleadership.org\/wp-content\/uploads\/2025\/12\/DSC_0232-800.jpg\" alt=\"DSC_0232 800\" height=\"800\" width=\"800\" title=\"DSC_0232 800\" onerror=\"this.style.display='none'\" loading=\"lazy\" \/>\n\t<\/figure>\n<figure itemscope itemtype=\"https:\/\/schema.org\/ImageObject\">\n\t\t\t\t<img decoding=\"async\" src=\"https:\/\/gcfleadership.org\/wp-content\/uploads\/2025\/12\/DSC_0231-900.jpg\" alt=\"DSC_0231 900\" height=\"900\" width=\"900\" title=\"DSC_0231 900\" onerror=\"this.style.display='none'\" loading=\"lazy\" \/>\n\t<\/figure>\n<h3>\n\t\t\tA Experi\u00eancia de Lideran\u00e7a \u00e9:\t<\/h3>\n\t<ul>\n<li>Concebido e facilitado pelo F\u00f3rum Global da Crian\u00e7a (<a href=\"https:\/\/gcf.community\" target=\"_blank\" rel=\"noopener\">https:\/\/gcf.community<\/a>), uma colabora\u00e7\u00e3o de organiza\u00e7\u00f5es crist\u00e3s voltadas para crian\u00e7as que reconhecem a necessidade de desenvolver a pr\u00f3xima gera\u00e7\u00e3o de l\u00edderes a servi\u00e7o da igreja local e global.<\/li>\n<li>Endossado pelo Semin\u00e1rio Bethel, EUA (<a href=\"https:\/\/www.bethel.edu\/seminary\/\" target=\"_blank\" rel=\"noopener\">https:\/\/www.bethel.edu\/seminary\/<\/a>)<\/li>\n<li>Criativo, interativo, relacional, trabalho \u00e1rduo \u2013 e divertido!<\/li>\n<\/ul>\n<h3>\n\t\t\tPronto para se inscrever?\t<\/h3>\n\t<h4><strong>DATAS<\/strong><\/h4>\n<p>O Programa de Experi\u00eancia de Lideran\u00e7a decorre de 15 de junho de 2026 a 30 de abril de 2027.<\/p>\n<p>O programa residencial intensivo na Alb\u00e2nia decorrer\u00e1 de 20 de setembro a 17 de outubro de 2026.<\/p>\n<h4><strong>CUSTOS<\/strong><\/h4>\n<p>O custo \u00e9 de \u20ac 1.800. Um dep\u00f3sito de \u20ac 500 deve ser pago at\u00e9 15 de junho de 2026, e o saldo restante at\u00e9 20 de setembro de 2026. O custo inclui aulas, acomoda\u00e7\u00e3o e alimenta\u00e7\u00e3o. N\u00e3o inclui quaisquer custos de viagem associados, como passagens a\u00e9reas, que dever\u00e3o ser providenciados separadamente.<\/p>\n<h4><strong>INSCRI\u00c7\u00d5ES ABERTAS<\/strong><\/h4>\n<p>Inicie sua inscri\u00e7\u00e3o online a partir de 15 de janeiro de 2026. Inscreva-se. <a href=\"https:\/\/gcfleadership.org\/pt\/albania-2026\/apply\/\">aqui<\/a>.<\/p>\n<p>Quest\u00f5es? Por favor enviar e-mail <a href=\"mailto:europe@gcfleadership.org\">europe@gcfleadership.org<\/a>.<\/p>\n<h4><strong>FECHAR INSCRI\u00c7\u00d5ES<\/strong><\/h4>\n<p>15 de abril de 2026<\/p>\n<figure itemscope itemtype=\"https:\/\/schema.org\/ImageObject\">\n\t\t\t\t<img decoding=\"async\" src=\"https:\/\/gcfleadership.org\/wp-content\/uploads\/2025\/12\/albania-swimming-pool-900.jpg\" alt=\"albania swimming pool 900\" height=\"900\" width=\"900\" title=\"piscina alb\u00e2nia 900\" onerror=\"this.style.display='none'\" loading=\"lazy\" \/>\n\t<\/figure>\n\t<a href=\"https:\/\/gcfleadership.org\/wp-content\/uploads\/2026\/01\/Leadership-Experience-EUROPE-Final-v2.pdf\" target=\"_self\" role=\"button\" aria-label=\"BAIXE ESTA INFORMA\u00c7\u00c3O COMO UM FOLHETO\">\n\t\t\t\t\t\tBAIXE ESTA INFORMA\u00c7\u00c3O COMO UM FOLHETO\n\t\t\t\t\t<\/a>","protected":false},"excerpt":{"rendered":"<p>Desenvolvendo a pr\u00f3xima gera\u00e7\u00e3o de l\u00edderes do minist\u00e9rio infantil. Um programa de desenvolvimento de lideran\u00e7a transformador, com dura\u00e7\u00e3o de um ano, para l\u00edderes emergentes do minist\u00e9rio infantil. Participe de uma pesquisa de escuta comunit\u00e1ria. Junte-se a uma comunidade de aprendizagem em um programa intensivo de quatro semanas, de meados de setembro a meados de outubro de 2026. Crie um projeto ministerial inovador. Desfrute do apoio de mentores e supervisores. Participe de f\u00f3runs online\u2026 <a title=\"Informa\u00e7\u00e3o\" class=\"read-more\" href=\"https:\/\/gcfleadership.org\/pt\/albania-2026\/information\/\" aria-label=\"Leia mais sobre Informa\u00e7\u00f5es\">Leia mais<\/a><\/p>","protected":false},"author":1,"featured_media":0,"parent":578,"menu_order":0,"comment_status":"closed","ping_status":"closed","template":"","meta":{"give_campaign_id":0,"_seopress_robots_primary_cat":"","_seopress_titles_title":"","_seopress_titles_desc":"","_seopress_robots_index":"","footnotes":""},"class_list":["post-586","page","type-page","status-publish"],"campaignId":"","_links":{"self":[{"href":"https:\/\/gcfleadership.org\/pt\/wp-json\/wp\/v2\/pages\/586","targetHints":{"allow":["GET"]}}],"collection":[{"href":"https:\/\/gcfleadership.org\/pt\/wp-json\/wp\/v2\/pages"}],"about":[{"href":"https:\/\/gcfleadership.org\/pt\/wp-json\/wp\/v2\/types\/page"}],"author":[{"embeddable":true,"href":"https:\/\/gcfleadership.org\/pt\/wp-json\/wp\/v2\/users\/1"}],"replies":[{"embeddable":true,"href":"https:\/\/gcfleadership.org\/pt\/wp-json\/wp\/v2\/comments?post=586"}],"version-history":[{"count":11,"href":"https:\/\/gcfleadership.org\/pt\/wp-json\/wp\/v2\/pages\/586\/revisions"}],"predecessor-version":[{"id":795,"href":"https:\/\/gcfleadership.org\/pt\/wp-json\/wp\/v2\/pages\/586\/revisions\/795"}],"up":[{"embeddable":true,"href":"https:\/\/gcfleadership.org\/pt\/wp-json\/wp\/v2\/pages\/578"}],"wp:attachment":[{"href":"https:\/\/gcfleadership.org\/pt\/wp-json\/wp\/v2\/media?parent=586"}],"curies":[{"name":"wp","href":"https:\/\/api.w.org\/{rel}","templated":true}]}}