{"id":588,"date":"2025-12-17T16:24:21","date_gmt":"2025-12-17T16:24:21","guid":{"rendered":"https:\/\/gcfleadership.org\/?page_id=588"},"modified":"2026-03-21T11:29:50","modified_gmt":"2026-03-21T11:29:50","slug":"timetable","status":"publish","type":"page","link":"https:\/\/gcfleadership.org\/pt\/albania-2026\/timetable\/","title":{"rendered":"Calend\u00e1rio"},"content":{"rendered":"<h1>\n\t\t\tCalend\u00e1rio\t<\/h1>\n\t\t\t\t\t\t\t<h2>15 de janeiro de 2026<\/h2>\n\t\t\t\t\t\t\t<p>Est\u00e3o abertas as inscri\u00e7\u00f5es para o Programa de Experi\u00eancia de Lideran\u00e7a do Fundo Verde para o Clima (GCF) na Alb\u00e2nia em 2026.<\/p>\t\t\t\t\t\t\t\t\t\t\t\t\t\n\t\t\t\t\t\t\t<h2>15 de abril de 2026<\/h2>\n\t\t\t\t\t\t\t<p>As inscri\u00e7\u00f5es encerram. Todos os candidatos ser\u00e3o notificados caso sejam selecionados e receber\u00e3o mais informa\u00e7\u00f5es sobre a Experi\u00eancia de Lideran\u00e7a. Um dep\u00f3sito n\u00e3o reembols\u00e1vel de \u20ac500 dever\u00e1 ser pago at\u00e9 1\u00ba de julho de 2026.<\/p>\t\t\t\t\t\t\t\t\t\t\t\t\t\n\t\t\t\t\t\t\t<h2>30 de abril de 2026<\/h2>\n\t\t\t\t\t\t\t<p>Decis\u00f5es finais sobre as candidaturas. Os candidatos s\u00e3o informados dos resultados.<\/p>\t\t\t\t\t\t\t\t\t\t\t\t\t\n\t\t\t\t\t\t\t<h2>15 de junho de 2026<\/h2>\n\t\t\t\t\t\t\t<p>\u00c9 necess\u00e1rio efetuar um dep\u00f3sito n\u00e3o reembols\u00e1vel de \u20ac500. Os mentores s\u00e3o contatados e iniciam essa jornada com os participantes.<\/p>\t\t\t\t\t\t\t\t\t\t\t\t\t\n\t\t\t\t\t\t\t<h2>1\u00ba de agosto de 2026<\/h2>\n\t\t\t\t\t\t\t<ul><li>Iniciam-se as pesquisas comunit\u00e1rias e as tarefas pr\u00e9-intensivas<\/li><li>Os supervisores s\u00e3o identificados e iniciam esta jornada com os participantes<\/li><\/ul>\t\t\t\t\t\t\t\t\t\t\t\t\t\n\t\t\t\t\t\t\t<h2>1 de setembro de 2026<\/h2>\n\t\t\t\t\t\t\t<p>Por favor, envie por e-mail uma c\u00f3pia do seu comprovante de seguro viagem e seguro sa\u00fade para <a href=\"mailto:europe@gcfleadership.org\">europe@gcfleadership.org<\/a> antes de sua viagem para a parte residencial do curso no Local Residencial Intensivo.<\/p>\n\t\t\t\t\t\t\t<h2>20 de setembro de 2026<\/h2>\n\t\t\t\t\t\t\t<p>O saldo de \u20ac 1.300 est\u00e1 em aberto para pagamento.<\/p>\t\t\t\t\t\t\t\t\t\t\t\t\t\n\t\t\t\t\t\t\t<h2>20 de setembro a 17 de outubro de 2026<\/h2>\n\t\t\t\t\t\t\t<p>Os participantes se re\u00fanem na Alb\u00e2nia para um retiro residencial intensivo de quatro semanas, onde aprender\u00e3o uns com os outros e com facilitadores especializados. O aprendizado ser\u00e1 baseado na B\u00edblia, interativo e vivencial. Os elementos do retiro intensivo s\u00e3o:<ul><li>Fundamentos b\u00edblicos: crian\u00e7as, fam\u00edlia e comunidade de f\u00e9 na Grande Hist\u00f3ria de Deus<\/li><li>O contexto em que as crian\u00e7as vivem: as implica\u00e7\u00f5es para o minist\u00e9rio infantil das diversas subculturas nas quais a vis\u00e3o de mundo de uma crian\u00e7a \u00e9 moldada<\/li><li>Forma\u00e7\u00e3o de f\u00e9 transformacional em crian\u00e7as: levar esperan\u00e7a \u00e0s crian\u00e7as para que elas levem esperan\u00e7a \u00e0s pessoas ao seu redor<\/li><li>Lideran\u00e7a piedosa: as qualidades e as habilidades de um l\u00edder do Reino no minist\u00e9rio infantil<\/li><\/ul>Os valores do GCF de servi\u00e7o, generosidade, integridade e confian\u00e7a ser\u00e3o os alicerces da comunidade GCF LE que ser\u00e1 constru\u00edda.<\/p>\t\t\t\t\t\t\t\t\t\t\t\t\t\n\t\t\t\t\t\t\t<h2>18 de outubro de 2026 \u2013 30 de abril de 2027<\/h2>\n\t\t\t\t\t\t\t<ul><li>As sess\u00f5es regulares de ensino do curso online continuam<\/li><li>As reuni\u00f5es regulares com mentor e supervisor continuam<\/li><li>Grupos regulares da comunidade online continuam com discuss\u00f5es e tarefas de aprendizagem sobre t\u00f3picos do minist\u00e9rio infantil<\/li><li>Os participantes completam um Projeto de Minist\u00e9rio conforme acordado com o seu supervisor e os Facilitadores da Experi\u00eancia de Lideran\u00e7a do GCF. Este projeto relacionar\u00e1 intencionalmente o aprendizado da Experi\u00eancia de Lideran\u00e7a com o minist\u00e9rio no qual a pessoa est\u00e1 envolvida<\/li><\/ul>\t\t\t\t\t\t\t\t\t\t\t\t\t\n\t\t\t\t\t\t\t<h2>Meados de abril de 2027<\/h2>\n\t\t\t\t\t\t\t<h5>Gradua\u00e7\u00e3o on-line<\/h5><p>Os graduados recebem um Certificado de Experi\u00eancia de Lideran\u00e7a GCF endossado pelo Bethel Seminary, EUA. Os certificados ser\u00e3o concedidos em uma cerim\u00f4nia de gradua\u00e7\u00e3o online unindo participantes e facilitadores de todo o mundo.<\/p>","protected":false},"excerpt":{"rendered":"<p>Timetable 15th January 2026 Applications open for Albania 2026 GCF Leadership Experience. 15th April 2026 Applications close.All applicants are notified if they are successful and further information about the Leadership Experience is sent. A non-refundable deposit of \u20ac500 is due by 1st July 2026. 30th April 2026 Final decisions on applications. Applicants are informed of &#8230; <a title=\"Calend\u00e1rio\" class=\"read-more\" href=\"https:\/\/gcfleadership.org\/pt\/albania-2026\/timetable\/\" aria-label=\"Leia mais sobre Hor\u00e1rios\">Leia mais<\/a><\/p>","protected":false},"author":1,"featured_media":0,"parent":578,"menu_order":0,"comment_status":"closed","ping_status":"closed","template":"","meta":{"give_campaign_id":0,"_seopress_robots_primary_cat":"","_seopress_titles_title":"","_seopress_titles_desc":"","_seopress_robots_index":"","footnotes":""},"class_list":["post-588","page","type-page","status-publish"],"campaignId":"","_links":{"self":[{"href":"https:\/\/gcfleadership.org\/pt\/wp-json\/wp\/v2\/pages\/588","targetHints":{"allow":["GET"]}}],"collection":[{"href":"https:\/\/gcfleadership.org\/pt\/wp-json\/wp\/v2\/pages"}],"about":[{"href":"https:\/\/gcfleadership.org\/pt\/wp-json\/wp\/v2\/types\/page"}],"author":[{"embeddable":true,"href":"https:\/\/gcfleadership.org\/pt\/wp-json\/wp\/v2\/users\/1"}],"replies":[{"embeddable":true,"href":"https:\/\/gcfleadership.org\/pt\/wp-json\/wp\/v2\/comments?post=588"}],"version-history":[{"count":8,"href":"https:\/\/gcfleadership.org\/pt\/wp-json\/wp\/v2\/pages\/588\/revisions"}],"predecessor-version":[{"id":797,"href":"https:\/\/gcfleadership.org\/pt\/wp-json\/wp\/v2\/pages\/588\/revisions\/797"}],"up":[{"embeddable":true,"href":"https:\/\/gcfleadership.org\/pt\/wp-json\/wp\/v2\/pages\/578"}],"wp:attachment":[{"href":"https:\/\/gcfleadership.org\/pt\/wp-json\/wp\/v2\/media?parent=588"}],"curies":[{"name":"wp","href":"https:\/\/api.w.org\/{rel}","templated":true}]}}