{"id":677,"date":"2026-01-09T18:18:29","date_gmt":"2026-01-09T18:18:29","guid":{"rendered":"https:\/\/gcfleadership.org\/?page_id=677"},"modified":"2026-04-04T08:44:39","modified_gmt":"2026-04-04T08:44:39","slug":"information","status":"publish","type":"page","link":"https:\/\/gcfleadership.org\/pt\/west-africa-2026\/information\/","title":{"rendered":"Informa\u00e7\u00e3o"},"content":{"rendered":"<h2>\n\t\t\tDesenvolvendo a pr\u00f3xima gera\u00e7\u00e3o de l\u00edderes do minist\u00e9rio infantil\t<\/h2>\n<h3>\n\t\t\tUm programa de desenvolvimento de lideran\u00e7a de um ano para mudan\u00e7a de vida para l\u00edderes emergentes do minist\u00e9rio infantil\t<\/h3>\n\t<ul>\n<li>Envolva-se em uma pesquisa de escuta comunit\u00e1ria<\/li>\n<li>Participe de uma comunidade de aprendizagem em um curso intensivo de quatro semanas, de 9 de agosto a 5 de setembro de 2026.<\/li>\n<li>Crie um Projeto de Minist\u00e9rio inovador<\/li>\n<li>Aproveite o suporte de mentores e supervisores<\/li>\n<li>Participe de f\u00f3runs on-line<\/li>\n<\/ul>\n<figure itemscope itemtype=\"https:\/\/schema.org\/ImageObject\">\n\t\t\t\t<img decoding=\"async\" src=\"https:\/\/gcfleadership.org\/wp-content\/uploads\/2026\/01\/WhatsApp-Image-2026-01-05-at-06.29.15.jpg\" alt=\"WhatsApp Image 2026-01-05 at 06.29.15\" height=\"900\" width=\"900\" title=\"Imagem do WhatsApp 2026-01-05 \u00e0s 06:29:15\" onerror=\"this.style.display='none'\" loading=\"lazy\" \/>\n\t<\/figure>\n<figure itemscope itemtype=\"https:\/\/schema.org\/ImageObject\">\n\t\t\t\t<img decoding=\"async\" src=\"https:\/\/gcfleadership.org\/wp-content\/uploads\/2026\/01\/IMG_20180301_155929.jpg\" alt=\"IMG_20180301_155929\" height=\"900\" width=\"900\" title=\"IMG_20180301_155929\" onerror=\"this.style.display='none'\" loading=\"lazy\" \/>\n\t<\/figure>\n<h3>\n\t\t\tSeja desafiado enquanto voc\u00ea:\t<\/h3>\n\t<ul>\n<li>Aprenda com l\u00edderes selecionados de importantes igrejas e organiza\u00e7\u00f5es crist\u00e3s voltadas para crian\u00e7as, da \u00c1frica e de outros continentes.<\/li>\n<li>S\u00e3o ministrados por facilitadores especializados com experi\u00eancia em minist\u00e9rio infantil<\/li>\n<li>Explore temas de Fundamentos B\u00edblicos, Compreens\u00e3o do Contexto de uma Crian\u00e7a, Forma\u00e7\u00e3o de F\u00e9, Lideran\u00e7a Divina<\/li>\n<li>Cres\u00e7a em sua caminhada espiritual pessoal<\/li>\n<li>Tenha tempo para relaxar e refletir<\/li>\n<\/ul>\n<h3>\n\t\t\tCandidate-se se voc\u00ea for:\t<\/h3>\n\t<ul>\n<li>Apaixonado por ajudar crian\u00e7as a seguir Jesus<\/li>\n<li>Um l\u00edder que j\u00e1 est\u00e1 treinando outras pessoas no minist\u00e9rio infantil<\/li>\n<li>Algu\u00e9m que trabalha bem em equipe<\/li>\n<li>Recomendado pela sua igreja ou organiza\u00e7\u00e3o crist\u00e3<\/li>\n<li>Motivado pela criatividade, comunidade e networking<\/li>\n<li>Pronto para que Deus leve seu minist\u00e9rio para o pr\u00f3ximo n\u00edvel<\/li>\n<\/ul>\n<figure itemscope itemtype=\"https:\/\/schema.org\/ImageObject\">\n\t\t\t\t<img decoding=\"async\" src=\"https:\/\/gcfleadership.org\/wp-content\/uploads\/2026\/01\/WhatsApp-Image-2026-01-05-at-06.29.12.jpg\" alt=\"WhatsApp Image 2026-01-05 at 06.29.12\" height=\"900\" width=\"900\" title=\"Imagem do WhatsApp 2026-01-05 em 06:29:12\" onerror=\"this.style.display='none'\" loading=\"lazy\" \/>\n\t<\/figure>\n<figure itemscope itemtype=\"https:\/\/schema.org\/ImageObject\">\n\t\t\t\t<img decoding=\"async\" src=\"https:\/\/gcfleadership.org\/wp-content\/uploads\/2025\/12\/DSC_0231-900.jpg\" alt=\"DSC_0231 900\" height=\"900\" width=\"900\" title=\"DSC_0231 900\" onerror=\"this.style.display='none'\" loading=\"lazy\" \/>\n\t<\/figure>\n<h3>\n\t\t\tA Experi\u00eancia de Lideran\u00e7a \u00e9:\t<\/h3>\n\t<ul>\n<li>Concebido e facilitado pelo F\u00f3rum Global da Crian\u00e7a (<a href=\"https:\/\/gcf.community\" target=\"_blank\" rel=\"noopener\">https:\/\/gcf.community<\/a>), uma colabora\u00e7\u00e3o de organiza\u00e7\u00f5es crist\u00e3s voltadas para crian\u00e7as que reconhecem a necessidade de desenvolver a pr\u00f3xima gera\u00e7\u00e3o de l\u00edderes a servi\u00e7o da igreja local e global.<\/li>\n<li>Aprovado pela Universidade Presbiteriana da \u00c1frica Oriental (PUEA) (<a href=\"https:\/\/puea.ac.ke\/\" target=\"_blank\" rel=\"noopener\">https:\/\/puea.ac.ke\/<\/a>)<\/li>\n<li>Criativo, interativo, relacional, trabalho \u00e1rduo \u2013 e divertido!<\/li>\n<\/ul>\n\t<a href=\"https:\/\/gcfleadership.org\/wp-content\/uploads\/2026\/02\/LE-West-Africa-Flyer.pdf\" target=\"_self\" role=\"button\" aria-label=\"BAIXE ESTA INFORMA\u00c7\u00c3O COMO UM FOLHETO\">\n\t\t\t\t\t\tBAIXE ESTA INFORMA\u00c7\u00c3O COMO UM FOLHETO\n\t\t\t\t\t<\/a>","protected":false},"excerpt":{"rendered":"<p>Developing the next generation of children&#8217;s ministry leaders A one-year life-changing leadership development program for emerging children&#8217;s ministry leaders Engage in a community listening research Join a learning community in a four-week intensive from 9th August to 5th September 2026 Create an innovative Ministry Project Enjoy support from mentors and supervisors Participate in online forums &#8230; <a title=\"Informa\u00e7\u00e3o\" class=\"read-more\" href=\"https:\/\/gcfleadership.org\/pt\/west-africa-2026\/information\/\" aria-label=\"Leia mais sobre Informa\u00e7\u00f5es\">Leia mais<\/a><\/p>","protected":false},"author":1,"featured_media":0,"parent":659,"menu_order":0,"comment_status":"closed","ping_status":"closed","template":"","meta":{"give_campaign_id":0,"_seopress_robots_primary_cat":"","_seopress_titles_title":"","_seopress_titles_desc":"","_seopress_robots_index":"","footnotes":""},"class_list":["post-677","page","type-page","status-publish"],"campaignId":"","_links":{"self":[{"href":"https:\/\/gcfleadership.org\/pt\/wp-json\/wp\/v2\/pages\/677","targetHints":{"allow":["GET"]}}],"collection":[{"href":"https:\/\/gcfleadership.org\/pt\/wp-json\/wp\/v2\/pages"}],"about":[{"href":"https:\/\/gcfleadership.org\/pt\/wp-json\/wp\/v2\/types\/page"}],"author":[{"embeddable":true,"href":"https:\/\/gcfleadership.org\/pt\/wp-json\/wp\/v2\/users\/1"}],"replies":[{"embeddable":true,"href":"https:\/\/gcfleadership.org\/pt\/wp-json\/wp\/v2\/comments?post=677"}],"version-history":[{"count":11,"href":"https:\/\/gcfleadership.org\/pt\/wp-json\/wp\/v2\/pages\/677\/revisions"}],"predecessor-version":[{"id":802,"href":"https:\/\/gcfleadership.org\/pt\/wp-json\/wp\/v2\/pages\/677\/revisions\/802"}],"up":[{"embeddable":true,"href":"https:\/\/gcfleadership.org\/pt\/wp-json\/wp\/v2\/pages\/659"}],"wp:attachment":[{"href":"https:\/\/gcfleadership.org\/pt\/wp-json\/wp\/v2\/media?parent=677"}],"curies":[{"name":"wp","href":"https:\/\/api.w.org\/{rel}","templated":true}]}}