{"id":84,"date":"2024-04-27T10:56:33","date_gmt":"2024-04-27T10:56:33","guid":{"rendered":"https:\/\/gcfle.perfectlydigital.dev\/?page_id=84"},"modified":"2024-04-28T17:49:16","modified_gmt":"2024-04-28T17:49:16","slug":"about-the-course","status":"publish","type":"page","link":"https:\/\/gcfleadership.org\/pt\/about-the-course\/","title":{"rendered":"Sobre o curso"},"content":{"rendered":"<p>A Experi\u00eancia de Lideran\u00e7a do GCF \u00e9 um curso \u00fanico de um ano projetado para desenvolver l\u00edderes crist\u00e3os do minist\u00e9rio infantil e oferece a oportunidade para os l\u00edderes aprenderem juntos com outros l\u00edderes emergentes de todo o mundo. Os participantes ser\u00e3o provenientes de todo o mundo e participar\u00e3o da Experi\u00eancia de Lideran\u00e7a, permanecendo em sua pr\u00f3pria igreja ou organiza\u00e7\u00e3o.<\/p>\n<p>A Experi\u00eancia de Lideran\u00e7a responde a uma necessidade declarada de uma gama diversificada de igrejas e organiza\u00e7\u00f5es que desejam desenvolver os seus principais l\u00edderes, mas reconhecem que n\u00e3o t\u00eam capacidade para o fazer por si pr\u00f3prios.<\/p>\n<p>A Experi\u00eancia de Lideran\u00e7a concentra-se em \u00e1reas que fazem uma diferen\u00e7a positiva na sua compreens\u00e3o e pr\u00e1tica do minist\u00e9rio infantil e no seu car\u00e1ter e habilidades de lideran\u00e7a.<\/p>\n<p>A Experi\u00eancia de Lideran\u00e7a inclui mentoria, discuss\u00f5es on-line, reflex\u00f5es b\u00edblicas, pesquisa comunit\u00e1ria e programas de treinamento intensivo residencial onde os participantes aprendem uns com os outros e com facilitadores experientes. Esta experi\u00eancia residencial desafiar\u00e1 os participantes a:<\/p>\n<ul>\n<li>Explore a comiss\u00e3o de Jesus para &#039;<strong>fa\u00e7a disc\u00edpulos<\/strong>&#039; das crian\u00e7as num mundo onde a diversidade nas origens religiosas, na experi\u00eancia familiar, na seguran\u00e7a e no acesso \u00e0 tecnologia e \u00e0 educa\u00e7\u00e3o criam enormes desafios<\/li>\n<li>Descobrir\u00a0<strong>o que Deus est\u00e1 realizando<\/strong>\u00a0atrav\u00e9s e em nome de crian\u00e7as em todo o mundo<\/li>\n<li>Experimente o\u00a0<strong>riqueza de trabalhar ao lado<\/strong>\u00a0l\u00edderes do minist\u00e9rio infantil de todo o mundo<\/li>\n<li><strong>Compartilhe modelos eficazes e interessantes<\/strong>\u00a0do minist\u00e9rio infantil hol\u00edstico<\/li>\n<li>Aprimorar habilidades e estrat\u00e9gias em\u00a0<strong>lideran\u00e7a de equipe, defesa e colabora\u00e7\u00e3o<\/strong><\/li>\n<li>Reflita sobre o que significa pessoalmente ser um\u00a0<strong>l\u00edder seguidor no reino de Deus<\/strong><\/li>\n<li>Junte-se a\u00a0<strong>crescente grupo de pessoas<\/strong>\u00a0trabalhando juntos em todo o mundo para que cada crian\u00e7a tenha a oportunidade de amar e seguir Jesus<\/li>\n<\/ul>\n<p>O objetivo da Experi\u00eancia de Lideran\u00e7a \u00e9 servir a igreja local e global, ajudando a desenvolver um quadro de praticantes infantis experientes e apaixonados em todo o mundo que:<\/p>\n<ul>\n<li>est\u00e3o equipados para influenciar a mudan\u00e7a em prol das crian\u00e7as e<\/li>\n<li>fazer isso de forma que reflita os valores do Reino de confian\u00e7a, servi\u00e7o, transpar\u00eancia e generosidade<\/li>\n<\/ul>\n<p>Para a sua igreja ou organiza\u00e7\u00e3o, \u00e9 uma oportunidade \u00fanica de investir nos l\u00edderes do seu minist\u00e9rio infantil para que se tornem pessoas que possam influenciar e transformar as nossas comunidades para o bem das crian\u00e7as.<\/p>","protected":false},"excerpt":{"rendered":"<p>A Experi\u00eancia de Lideran\u00e7a do GCF \u00e9 um curso \u00fanico de um ano projetado para desenvolver l\u00edderes crist\u00e3os do minist\u00e9rio infantil e oferece a oportunidade para os l\u00edderes aprenderem juntos com outros l\u00edderes emergentes de todo o mundo. Os participantes ser\u00e3o provenientes de todo o mundo e participar\u00e3o da Experi\u00eancia de Lideran\u00e7a enquanto permanecer\u00e3o com seus\u2026 <a title=\"Sobre o curso\" class=\"read-more\" href=\"https:\/\/gcfleadership.org\/pt\/about-the-course\/\" aria-label=\"Leia mais sobre Sobre o curso\">Leia mais<\/a><\/p>","protected":false},"author":1,"featured_media":0,"parent":0,"menu_order":0,"comment_status":"closed","ping_status":"closed","template":"","meta":{"give_campaign_id":0,"_seopress_robots_primary_cat":"","_seopress_titles_title":"","_seopress_titles_desc":"","_seopress_robots_index":"","footnotes":""},"class_list":["post-84","page","type-page","status-publish"],"campaignId":"","_links":{"self":[{"href":"https:\/\/gcfleadership.org\/pt\/wp-json\/wp\/v2\/pages\/84","targetHints":{"allow":["GET"]}}],"collection":[{"href":"https:\/\/gcfleadership.org\/pt\/wp-json\/wp\/v2\/pages"}],"about":[{"href":"https:\/\/gcfleadership.org\/pt\/wp-json\/wp\/v2\/types\/page"}],"author":[{"embeddable":true,"href":"https:\/\/gcfleadership.org\/pt\/wp-json\/wp\/v2\/users\/1"}],"replies":[{"embeddable":true,"href":"https:\/\/gcfleadership.org\/pt\/wp-json\/wp\/v2\/comments?post=84"}],"version-history":[{"count":3,"href":"https:\/\/gcfleadership.org\/pt\/wp-json\/wp\/v2\/pages\/84\/revisions"}],"predecessor-version":[{"id":325,"href":"https:\/\/gcfleadership.org\/pt\/wp-json\/wp\/v2\/pages\/84\/revisions\/325"}],"wp:attachment":[{"href":"https:\/\/gcfleadership.org\/pt\/wp-json\/wp\/v2\/media?parent=84"}],"curies":[{"name":"wp","href":"https:\/\/api.w.org\/{rel}","templated":true}]}}