{"id":86,"date":"2024-04-27T10:56:57","date_gmt":"2024-04-27T10:56:57","guid":{"rendered":"https:\/\/gcfle.perfectlydigital.dev\/?page_id=86"},"modified":"2024-04-29T16:57:39","modified_gmt":"2024-04-29T16:57:39","slug":"about-gcf","status":"publish","type":"page","link":"https:\/\/gcfleadership.org\/pt\/about-gcf\/","title":{"rendered":"Sobre o GCF"},"content":{"rendered":"<p>O F\u00f3rum Global das Crian\u00e7as (<a href=\"https:\/\/gcf.community\/\" target=\"_blank\" rel=\"noopener\">https:\/\/gcf.community\/<\/a>) \u00e9 uma comunidade colaborativa global de igrejas, minist\u00e9rios e organiza\u00e7\u00f5es fundada em rela\u00e7\u00f5es de confian\u00e7a. Desejamos que todas as crian\u00e7as tenham a oportunidade de conhecer e seguir Jesus e de serem nutridas no amor de Deus para serem tudo o que Ele pretende que sejam.<\/p>\n<p>O GCF acredita que a vida das crian\u00e7as \u00e9 moldada pela fam\u00edlia, pela m\u00eddia, pela igreja, pela escola e por uma s\u00e9rie de outras organiza\u00e7\u00f5es. O GCF procura ser um movimento altru\u00edsta que serve silenciosamente cada um deles de uma forma que os ajuda no seu papel de proteger as crian\u00e7as e ajud\u00e1-los a identificar, moldar e libertar o seu potencial dado por Deus.<\/p>\n<p>O GCF acredita que a colabora\u00e7\u00e3o \u00e9 a chave para alcan\u00e7ar e fazer disc\u00edpulos de crian\u00e7as em todo o mundo. Trabalhando sozinhos, estamos apenas a arranhar a superf\u00edcie deste desafio. Para este fim, v\u00e1rios projetos est\u00e3o sendo desenvolvidos atrav\u00e9s do GCF para servir a igreja local. Esses projetos incluem:<\/p>\n<ul>\n<li>Experi\u00eancia de Lideran\u00e7a GCF<\/li>\n<li>Uma abordagem radical para ajudar as crian\u00e7as a descobrirem Jesus<\/li>\n<li>Forte defesa das crian\u00e7as nas igrejas e nas redes globais<\/li>\n<li>Um f\u00f3rum para reunir pessoas que trabalham com crian\u00e7as em risco<\/li>\n<li>Artigos para encorajar a discuss\u00e3o sobre miss\u00e3o entre crian\u00e7as<\/li>\n<li>Uma grande biblioteca gratuita e de c\u00f3digo aberto de recursos do minist\u00e9rio infantil:\u00a0<a href=\"https:\/\/www.max7.org\/en\" target=\"_blank\" rel=\"noopener\">https:\/\/www.max7.org\/en<\/a><\/li>\n<li>Um programa para todas as idades, ideal para ajudar sua fam\u00edlia a crescer junta na f\u00e9 e na boa forma: <a href=\"https:\/\/family.fit\/\" target=\"_blank\" rel=\"noopener\">https:\/\/family.fit\/<\/a><\/li>\n<li>Uma campanha para ver as crian\u00e7as em todos os lugares caminhando com Jesus, incluindo um desafio para orientar o corpo da igreja local atrav\u00e9s de um processo de expans\u00e3o da sua compreens\u00e3o das crian\u00e7as e de como Deus as v\u00ea, considerando as coisas que impactam as crian\u00e7as e explorando novas possibilidades no minist\u00e9rio com crian\u00e7as: <a href=\"https:\/\/childreneverywhere.com\/\" target=\"_blank\" rel=\"noopener\">https:\/\/childreneverywhere.com\/<\/a><\/li>\n<li>Um modelo inovador que integra habilidades para a vida e discipulado:\u00a0<a href=\"https:\/\/kidshubs.com\/\" target=\"_blank\" rel=\"noopener\">https:\/\/kidshubs.com\/<\/a><\/li>\n<li>Uma estrat\u00e9gia de m\u00eddia de c\u00f3digo aberto para aumentar o alcance das crian\u00e7as na TV e na Internet:\u00a0<a href=\"https:\/\/kidshubtv.com\/\" target=\"_blank\" rel=\"noopener\">https:\/\/kidshubtv.com\/<\/a><\/li>\n<\/ul>\n\t\t\t\t<a href=\"https:\/\/\/pt\/gcf.community\/\" target=\"_blank\" rel=\"noopener\" itemprop=\"url\">\n\t\t\t\t<img loading=\"lazy\" decoding=\"async\" src=\"https:\/\/gcfleadership.org\/wp-content\/uploads\/2024\/04\/gcf-400.jpg\" alt=\"gcf 400\" itemprop=\"image\" height=\"400\" width=\"400\" title=\"gcf 400\" onerror=\"this.style.display='none'\"  \/>\n\t\t\t\t<\/a>\n\t\t\t\t<a href=\"https:\/\/family.fit\/\" target=\"_blank\" rel=\"noopener\" itemprop=\"url\">\n\t\t\t\t<img loading=\"lazy\" decoding=\"async\" src=\"https:\/\/gcfleadership.org\/wp-content\/uploads\/2024\/04\/ff-400.jpg\" alt=\"ff 400\" itemprop=\"image\" height=\"400\" width=\"400\" title=\"ff 400\" onerror=\"this.style.display='none'\"  \/>\n\t\t\t\t<\/a>\n\t\t\t\t<a href=\"https:\/\/childreneverywhere.com\/\" target=\"_blank\" rel=\"noopener\" itemprop=\"url\">\n\t\t\t\t<img loading=\"lazy\" decoding=\"async\" src=\"https:\/\/gcfleadership.org\/wp-content\/uploads\/2024\/04\/cewwj-400.jpg\" alt=\"cewwj 400\" itemprop=\"image\" height=\"400\" width=\"400\" title=\"cewwj 400\" onerror=\"this.style.display='none'\"  \/>\n\t\t\t\t<\/a>\n\t\t\t\t<a href=\"https:\/\/max7.org\/\" target=\"_blank\" rel=\"noopener\" itemprop=\"url\">\n\t\t\t\t<img loading=\"lazy\" decoding=\"async\" src=\"https:\/\/gcfleadership.org\/wp-content\/uploads\/2024\/04\/max7-400.jpg\" alt=\"max7 400\" itemprop=\"image\" height=\"400\" width=\"400\" title=\"m\u00e1x7 400\" onerror=\"this.style.display='none'\"  \/>\n\t\t\t\t<\/a>\n\t\t\t\t<a href=\"https:\/\/kidshubs.com\/\" target=\"_blank\" rel=\"noopener\" itemprop=\"url\">\n\t\t\t\t<img loading=\"lazy\" decoding=\"async\" src=\"https:\/\/gcfleadership.org\/wp-content\/uploads\/2024\/04\/kh-400.jpg\" alt=\"kh 400\" itemprop=\"image\" height=\"400\" width=\"400\" title=\"400 reais\" onerror=\"this.style.display='none'\"  \/>\n\t\t\t\t<\/a>\n\t\t\t\t<a href=\"https:\/\/kidshubstv.com\/\" target=\"_blank\" rel=\"noopener\" itemprop=\"url\">\n\t\t\t\t<img loading=\"lazy\" decoding=\"async\" src=\"https:\/\/gcfleadership.org\/wp-content\/uploads\/2024\/04\/khtv-400.jpg\" alt=\"khtv 400\" itemprop=\"image\" height=\"400\" width=\"400\" title=\"tv 400\" onerror=\"this.style.display='none'\"  \/>\n\t\t\t\t<\/a>","protected":false},"excerpt":{"rendered":"<p>O F\u00f3rum Global das Crian\u00e7as (https:\/\/gcf.community\/) \u00e9 uma comunidade colaborativa global de igrejas, minist\u00e9rios e organiza\u00e7\u00f5es fundada em rela\u00e7\u00f5es de confian\u00e7a. Desejamos que cada crian\u00e7a tenha a oportunidade de conhecer e seguir Jesus e ser nutrida no amor de Deus para ser tudo o que Ele pretende que ela seja. O GCF acredita que as crian\u00e7as\u2026 <a title=\"Sobre o GCF\" class=\"read-more\" href=\"https:\/\/gcfleadership.org\/pt\/about-gcf\/\" aria-label=\"Leia mais sobre Sobre o GCF\">Leia mais<\/a><\/p>","protected":false},"author":1,"featured_media":0,"parent":0,"menu_order":0,"comment_status":"closed","ping_status":"closed","template":"","meta":{"give_campaign_id":0,"_seopress_robots_primary_cat":"","_seopress_titles_title":"","_seopress_titles_desc":"","_seopress_robots_index":"","footnotes":""},"class_list":["post-86","page","type-page","status-publish"],"campaignId":"","_links":{"self":[{"href":"https:\/\/gcfleadership.org\/pt\/wp-json\/wp\/v2\/pages\/86","targetHints":{"allow":["GET"]}}],"collection":[{"href":"https:\/\/gcfleadership.org\/pt\/wp-json\/wp\/v2\/pages"}],"about":[{"href":"https:\/\/gcfleadership.org\/pt\/wp-json\/wp\/v2\/types\/page"}],"author":[{"embeddable":true,"href":"https:\/\/gcfleadership.org\/pt\/wp-json\/wp\/v2\/users\/1"}],"replies":[{"embeddable":true,"href":"https:\/\/gcfleadership.org\/pt\/wp-json\/wp\/v2\/comments?post=86"}],"version-history":[{"count":7,"href":"https:\/\/gcfleadership.org\/pt\/wp-json\/wp\/v2\/pages\/86\/revisions"}],"predecessor-version":[{"id":414,"href":"https:\/\/gcfleadership.org\/pt\/wp-json\/wp\/v2\/pages\/86\/revisions\/414"}],"wp:attachment":[{"href":"https:\/\/gcfleadership.org\/pt\/wp-json\/wp\/v2\/media?parent=86"}],"curies":[{"name":"wp","href":"https:\/\/api.w.org\/{rel}","templated":true}]}}