{"id":99,"date":"2024-04-27T11:00:04","date_gmt":"2024-04-27T11:00:04","guid":{"rendered":"https:\/\/gcfle.perfectlydigital.dev\/?page_id=99"},"modified":"2024-04-30T17:54:41","modified_gmt":"2024-04-30T17:54:41","slug":"participants","status":"publish","type":"page","link":"https:\/\/gcfleadership.org\/pt\/information-for\/participants\/","title":{"rendered":"Participantes"},"content":{"rendered":"<h2>\n\t\tO compromisso do participante\n\t<\/h2>\n\t<p>A Experi\u00eancia de Lideran\u00e7a \u00e9 um compromisso de um ano inteiro.<\/p>\n<p>O participante participar\u00e1 integralmente da Experi\u00eancia de Lideran\u00e7a em cada uma de suas fases:<\/p>\n<ol>\n<li>Fase 1: Pr\u00e9-Intensivo<\/li>\n<li>Fase 2: Curso Residencial Intensivo<\/li>\n<li>Fase 3: P\u00f3s-Intensivo<\/li>\n<li>Gradua\u00e7\u00e3o on-line<\/li>\n<\/ol>\n<h2>\n\t\tRequisitos\n\t<\/h2>\n\t<p><strong>Durante a Fase 1 (Pr\u00e9-Intensiva), o participante ir\u00e1:<\/strong><\/p>\n<ul>\n<li>Crie e comunique-se regularmente com sua equipe de ora\u00e7\u00e3o.<\/li>\n<li>Assuma a responsabilidade de se encontrar com seu mentor pelo menos duas vezes durante esse per\u00edodo. O participante \u00e9 quem garantir\u00e1 a realiza\u00e7\u00e3o dos encontros, combinando hor\u00e1rio e local mutuamente adequados.<\/li>\n<li>Assuma a responsabilidade de se reunir com seu supervisor pelo menos uma vez durante esse per\u00edodo. O participante \u00e9 quem garantir\u00e1 a realiza\u00e7\u00e3o dos encontros, combinando hor\u00e1rio e local mutuamente adequados.<\/li>\n<li>Conclua a Tarefa de Pesquisa Comunit\u00e1ria e outras tarefas.<\/li>\n<li>Participe de sess\u00f5es on-line regulares com seu grupo GCF LE.<\/li>\n<li>Responder prontamente a todas as comunica\u00e7\u00f5es da Equipe de Facilita\u00e7\u00e3o LE do GCF<\/li>\n<li>Cumprir todas as obriga\u00e7\u00f5es financeiras pendentes relativas \u00e0s taxas do curso e viagens, conforme descrito nos e-mails da Equipe de Facilita\u00e7\u00e3o LE do GCF.<\/li>\n<\/ul>\n<p><strong>Durante a Fase 2 (Residencial Intensivo), o participante ir\u00e1:<\/strong><\/p>\n<ul>\n<li>Comprometa-se a estar presente durante todo o intensivo, sabendo que chegadas tardias ou sa\u00eddas antecipadas n\u00e3o s\u00e3o aceit\u00e1veis.<\/li>\n<li>Participar plenamente da vida comunit\u00e1ria, aprendizagem e atividades do Curso Residencial<\/li>\n<li>Comunique-se regularmente com sua equipe de ora\u00e7\u00e3o<\/li>\n<li>Permane\u00e7a em contato com mentor e supervisor<\/li>\n<li>Em acordo com um orientador LE e seu supervisor, decidir sobre um Projeto de Minist\u00e9rio que ir\u00e1 adaptar a aprendizagem do Curso em resultados pr\u00e1ticos no minist\u00e9rio do participante.<\/li>\n<\/ul>\n<p><strong>Durante a Fase 3 (P\u00f3s-Intensivo), o participante ir\u00e1:<\/strong><\/p>\n<ul>\n<li>Comunique-se regularmente com sua equipe de ora\u00e7\u00e3o.<\/li>\n<li>Participe ativamente de sess\u00f5es de treinamento on-line e envie as tarefas dentro do prazo. Os requisitos m\u00ednimos para participa\u00e7\u00e3o ser\u00e3o definidos durante a Fase 2.<\/li>\n<li>Implementar o Projeto acordado de forma satisfat\u00f3ria tanto para o supervisor quanto para os requisitos do LE do GCF.<\/li>\n<li>Assuma a responsabilidade de se reunir com seu mentor pelo menos uma vez por m\u00eas.<\/li>\n<li>Assuma a responsabilidade de se reunir com seu supervisor pelo menos uma vez por m\u00eas.<\/li>\n<li>Responder prontamente a todas as comunica\u00e7\u00f5es da Equipe de Lideran\u00e7a do GCF LE<\/li>\n<li>Conclua todos os requisitos do programa LE antes da emiss\u00e3o do Certificado de Experi\u00eancia de Lideran\u00e7a GCF.<\/li>\n<li>Envie uma avalia\u00e7\u00e3o no final do ano LE.<\/li>\n<\/ul>\n<p>Ao longo de toda a Experi\u00eancia de Lideran\u00e7a, espera-se que os participantes se comportem de uma forma digna dos seguidores de Jesus. Caso sejam necess\u00e1rias medidas disciplinares, o Participante submeter-se-\u00e1 a decis\u00f5es relativas \u00e0 impropriedade ou ao descumprimento do compromisso firmado, ainda que essas decis\u00f5es ponham fim ao seu envolvimento no Curso. Tais decis\u00f5es seriam tomadas pela Equipe de Lideran\u00e7a do GCF LE em acordo com o supervisor do Participante. Nenhum reembolso do dinheiro pago ser\u00e1 fornecido.<\/p>\n\t<a href=\"https:\/\/gcfleadership.org\/pt\/information-for\/participants\/participants-covenant\/\" target=\"_self\" role=\"button\" aria-label=\"ALIAN\u00c7A DO PARTICIPANTE\" rel=\"noopener\">\n\t\t\t\t\t\tALIAN\u00c7A DO PARTICIPANTE\n\t\t\t\t\t<\/a>\n\t<a href=\"https:\/\/gcfleadership.org\/pt\/information-for\/participants\/indemnity-form\/\" target=\"_self\" role=\"button\" aria-label=\"FORMUL\u00c1RIO DE INDENIZA\u00c7\u00c3O\" rel=\"noopener\">\n\t\t\t\t\t\tFORMUL\u00c1RIO DE INDENIZA\u00c7\u00c3O\n\t\t\t\t\t<\/a>\n\t<a href=\"https:\/\/gcfleadership.org\/pt\/information-for\/participants\/child-protection\/\" target=\"_self\" role=\"button\" aria-label=\"FORMUL\u00c1RIO DE PROTE\u00c7\u00c3O INFANTIL\" rel=\"noopener\">\n\t\t\t\t\t\tFORMUL\u00c1RIO DE PROTE\u00c7\u00c3O INFANTIL\n\t\t\t\t\t<\/a>","protected":false},"excerpt":{"rendered":"<p>O compromisso do participante A Experi\u00eancia de Lideran\u00e7a \u00e9 um compromisso de um ano inteiro. O participante participar\u00e1 integralmente da Experi\u00eancia de Lideran\u00e7a em cada uma de suas fases: Fase 1: Pr\u00e9-Intensivo Fase 2: Curso Residencial Intensivo Fase 3: P\u00f3s-Intensivo Requisitos de Gradua\u00e7\u00e3o Online Durante a Fase 1 (Pr\u00e9-Intensivo), o participante ir\u00e1: Criar e comuniquem-se regularmente com suas ora\u00e7\u00f5es\u2026 <a title=\"Participantes\" class=\"read-more\" href=\"https:\/\/gcfleadership.org\/pt\/information-for\/participants\/\" aria-label=\"Leia mais sobre Participantes\">Leia mais<\/a><\/p>","protected":false},"author":1,"featured_media":0,"parent":87,"menu_order":0,"comment_status":"closed","ping_status":"closed","template":"","meta":{"give_campaign_id":0,"_seopress_robots_primary_cat":"","_seopress_titles_title":"","_seopress_titles_desc":"","_seopress_robots_index":"","footnotes":""},"class_list":["post-99","page","type-page","status-publish"],"campaignId":"","_links":{"self":[{"href":"https:\/\/gcfleadership.org\/pt\/wp-json\/wp\/v2\/pages\/99","targetHints":{"allow":["GET"]}}],"collection":[{"href":"https:\/\/gcfleadership.org\/pt\/wp-json\/wp\/v2\/pages"}],"about":[{"href":"https:\/\/gcfleadership.org\/pt\/wp-json\/wp\/v2\/types\/page"}],"author":[{"embeddable":true,"href":"https:\/\/gcfleadership.org\/pt\/wp-json\/wp\/v2\/users\/1"}],"replies":[{"embeddable":true,"href":"https:\/\/gcfleadership.org\/pt\/wp-json\/wp\/v2\/comments?post=99"}],"version-history":[{"count":5,"href":"https:\/\/gcfleadership.org\/pt\/wp-json\/wp\/v2\/pages\/99\/revisions"}],"predecessor-version":[{"id":419,"href":"https:\/\/gcfleadership.org\/pt\/wp-json\/wp\/v2\/pages\/99\/revisions\/419"}],"up":[{"embeddable":true,"href":"https:\/\/gcfleadership.org\/pt\/wp-json\/wp\/v2\/pages\/87"}],"wp:attachment":[{"href":"https:\/\/gcfleadership.org\/pt\/wp-json\/wp\/v2\/media?parent=99"}],"curies":[{"name":"wp","href":"https:\/\/api.w.org\/{rel}","templated":true}]}}